{"id":6581,"date":"2022-03-13T09:46:46","date_gmt":"2022-03-13T09:46:46","guid":{"rendered":"http:\/\/www.svu.edu.eg\/faculties\/mass\/?page_id=6581"},"modified":"2022-03-14T08:44:51","modified_gmt":"2022-03-14T08:44:51","slug":"modeles-et-guides","status":"publish","type":"page","link":"https:\/\/www.svu.edu.eg\/faculties\/mass\/fr\/modeles-et-guides\/","title":{"rendered":"Mod\u00e8les et Guides"},"content":{"rendered":"<p><strong>Mod\u00e8les et Guides de l&#8217;unit\u00e9<\/strong><\/p>\n\n\n<p> Mod\u00e8les et manuels<br>Normes acad\u00e9miques des membres du corps professoral<\/p>\n\n\n\n<p>Mod\u00e8les importants<\/p>\n\n\n\n<p>Module  d\u2019un programme <\/p>\n\n\n\n<p>Profil d\u2019un rapport de d\u00e9cision<\/p>\n\n\n\n<p>Mod\u00e8le matriciel du programme<\/p>\n\n\n\n<p>Adoption des statistiques sur le nombre d\u2019\u00e9tudiants des \u00e9quipes d\u2019\u00e9tude 2019 &#8211; 2020<\/p>\n\n\n\n<p>Adoption du formulaire mis \u00e0 jour d\u2019un questionnaire pour l\u2019\u00e9valuation du personnel enseignant<\/p>\n\n\n\n<p>Adoption du mod\u00e8le mis \u00e0 jour pour explorer l\u2019opinion du personnel enseignant sur le rendement du chef de d\u00e9partement et de la haute direction<\/p>\n\n\n\n<p>Adoption d\u2019un formulaire mis \u00e0 jour pour l\u2019\u00e9valuation du rendement et des cours des professeurs par les \u00e9tudiants<\/p>\n\n\n\n<p>Adoption du mod\u00e8le d\u2019\u00e9valuation des \u00e9tudiants mis \u00e0 jour pour le rendement des chefs de service et de la haute direction<\/p>\n\n\n\n<p>Adoption de la liste des enseignants <\/p>\n\n\n\n<p>Questionnaire sur l\u2019appareil administratif<\/p>\n\n\n\n<p>Formulaire de nomination du personnel id\u00e9al\n\n<\/p>\n","protected":false},"excerpt":{"rendered":"<p>Mod\u00e8les et Guides de l&#8217;unit\u00e9 Mod\u00e8les et manuelsNormes acad\u00e9miques des membres du corps professoral Mod\u00e8les importants Module d\u2019un programme Profil d\u2019un rapport de d\u00e9cision Mod\u00e8le matriciel du programme Adoption des [&hellip;]<\/p>\n","protected":false},"author":2,"featured_media":0,"parent":0,"menu_order":0,"comment_status":"closed","ping_status":"closed","template":"","meta":[],"_links":{"self":[{"href":"https:\/\/www.svu.edu.eg\/faculties\/mass\/wp-json\/wp\/v2\/pages\/6581"}],"collection":[{"href":"https:\/\/www.svu.edu.eg\/faculties\/mass\/wp-json\/wp\/v2\/pages"}],"about":[{"href":"https:\/\/www.svu.edu.eg\/faculties\/mass\/wp-json\/wp\/v2\/types\/page"}],"author":[{"embeddable":true,"href":"https:\/\/www.svu.edu.eg\/faculties\/mass\/wp-json\/wp\/v2\/users\/2"}],"replies":[{"embeddable":true,"href":"https:\/\/www.svu.edu.eg\/faculties\/mass\/wp-json\/wp\/v2\/comments?post=6581"}],"version-history":[{"count":2,"href":"https:\/\/www.svu.edu.eg\/faculties\/mass\/wp-json\/wp\/v2\/pages\/6581\/revisions"}],"predecessor-version":[{"id":7052,"href":"https:\/\/www.svu.edu.eg\/faculties\/mass\/wp-json\/wp\/v2\/pages\/6581\/revisions\/7052"}],"wp:attachment":[{"href":"https:\/\/www.svu.edu.eg\/faculties\/mass\/wp-json\/wp\/v2\/media?parent=6581"}],"curies":[{"name":"wp","href":"https:\/\/api.w.org\/{rel}","templated":true}]}}