{"id":6578,"date":"2022-03-14T09:39:39","date_gmt":"2022-03-14T09:39:39","guid":{"rendered":"http:\/\/www.svu.edu.eg\/faculties\/mass\/?page_id=6578"},"modified":"2022-03-14T08:44:16","modified_gmt":"2022-03-14T08:44:16","slug":"objectifs-vision-et-mission","status":"publish","type":"page","link":"https:\/\/www.svu.edu.eg\/faculties\/mass\/fr\/objectifs-vision-et-mission\/","title":{"rendered":"Objectifs, Vision et Mission"},"content":{"rendered":"\n<p><strong>Objectifs strat\u00e9giques<\/strong><\/p>\n\n\n\n<p>Premi\u00e8rement&nbsp;: \u00c9tablir un syst\u00e8me interne\nd\u2019assurance de la qualit\u00e9 pour la facult\u00e9 en&nbsp;:<br>\n* * Trouver un m\u00e9canisme pour r\u00e9aliser ce syst\u00e8me.<br>\n* * Confirmer la mission et la vision de la facult\u00e9.<br>\n* * D\u00e9termination des exigences du projet d\u2019assurance de la qualit\u00e9<br>\n* * Cr\u00e9er une base de donn\u00e9es compl\u00e8tes pour la facult\u00e9.<\/p>\n\n\n\n<p>* * Inculcation de la culture de qualit\u00e9 du corps\nprofessoral chez (corps professoral, personnel, \u00e9tudiants).<\/p>\n\n\n\n<p>** \u00c9laboration d&#8217;un manuel de la facult\u00e9.<\/p>\n\n\n\n<p>** &nbsp;\u00c9laborer des syst\u00e8mes, des normes et des\nmod\u00e8les diff\u00e9rents qui sont utilis\u00e9s pour am\u00e9liorer les diff\u00e9rentes activit\u00e9s\nr\u00e9nales. <\/p>\n\n\n\n<p>* * Assurer le suivi et le\nsoutien du d\u00e9veloppement continu par l\u2019interm\u00e9diaire des comit\u00e9s de l\u2019unit\u00e9\nafin d\u2019assurer la continuit\u00e9 du d\u00e9veloppement et de suivre le rythme des\nniveaux successifs de qualit\u00e9.<br>\n** Gagner la confiance de la communaut\u00e9 dans le rendement du travail r\u00e9nal.<br>\n* * Soutenir les activit\u00e9s des \u00e9tudiants, la recherche et la participation\ncommunautaire.<\/p>\n\n\n\n<p>* * L\u2019\u00e9laboration de syst\u00e8mes\nuniversitaires et administratifs internes pour r\u00e9pondre aux exigences et aux\nnormes.<\/p>\n\n\n\n<p><strong>La mission<\/strong><\/p>\n\n\n\n<p>D\u00e9veloppement de l\u2019efficacit\u00e9 de\nla facult\u00e9 conform\u00e9ment \u00e0 la mission. <br>\nDiffusion d\u2019une culture de qualit\u00e9 parmi les professeurs, les \u00e9tudiants et le\ncorps professoral.<\/p>\n\n\n\n<p><strong>La vision <\/strong><\/p>\n\n\n\n<p>L\u2019Unit\u00e9 vise \u00e0 am\u00e9liorer son\nrendement pour atteindre la qualit\u00e9 globale et devenir une facult\u00e9\nd\u2019information et de technologie.<\/p>\n\n\n\n<p>Appliquer les normes de qualit\u00e9\npour parvenir \u00e0 l&#8217;excellence.<\/p>\n","protected":false},"excerpt":{"rendered":"<p>Objectifs strat\u00e9giques Premi\u00e8rement&nbsp;: \u00c9tablir un syst\u00e8me interne d\u2019assurance de la qualit\u00e9 pour la facult\u00e9 en&nbsp;: * * Trouver un m\u00e9canisme pour r\u00e9aliser ce syst\u00e8me. * * Confirmer la mission et [&hellip;]<\/p>\n","protected":false},"author":2,"featured_media":0,"parent":0,"menu_order":0,"comment_status":"closed","ping_status":"closed","template":"","meta":[],"_links":{"self":[{"href":"https:\/\/www.svu.edu.eg\/faculties\/mass\/wp-json\/wp\/v2\/pages\/6578"}],"collection":[{"href":"https:\/\/www.svu.edu.eg\/faculties\/mass\/wp-json\/wp\/v2\/pages"}],"about":[{"href":"https:\/\/www.svu.edu.eg\/faculties\/mass\/wp-json\/wp\/v2\/types\/page"}],"author":[{"embeddable":true,"href":"https:\/\/www.svu.edu.eg\/faculties\/mass\/wp-json\/wp\/v2\/users\/2"}],"replies":[{"embeddable":true,"href":"https:\/\/www.svu.edu.eg\/faculties\/mass\/wp-json\/wp\/v2\/comments?post=6578"}],"version-history":[{"count":2,"href":"https:\/\/www.svu.edu.eg\/faculties\/mass\/wp-json\/wp\/v2\/pages\/6578\/revisions"}],"predecessor-version":[{"id":7014,"href":"https:\/\/www.svu.edu.eg\/faculties\/mass\/wp-json\/wp\/v2\/pages\/6578\/revisions\/7014"}],"wp:attachment":[{"href":"https:\/\/www.svu.edu.eg\/faculties\/mass\/wp-json\/wp\/v2\/media?parent=6578"}],"curies":[{"name":"wp","href":"https:\/\/api.w.org\/{rel}","templated":true}]}}