{"id":6575,"date":"2022-03-13T09:32:22","date_gmt":"2022-03-13T09:32:22","guid":{"rendered":"http:\/\/www.svu.edu.eg\/faculties\/mass\/?page_id=6575"},"modified":"2022-03-14T08:43:32","modified_gmt":"2022-03-14T08:43:32","slug":"taches-de-lunite","status":"publish","type":"page","link":"https:\/\/www.svu.edu.eg\/faculties\/mass\/fr\/qualite\/taches-de-lunite\/","title":{"rendered":"T\u00e2ches de l&#8217;unit\u00e9"},"content":{"rendered":"\n<p class=\"has-medium-font-size\">-Mod\u00e8le de questionnaire\npour membres du corps professoral et leurs assistants en analyse\nenvironnementale de la facult\u00e9.<br>\n<br>\n-Questionnaire pour membres du personnel. <br>\n<br>\n-Questionnaire des \u00e9tudiants. <br>\n<br>\n-Questionnaire des dipl\u00f4m\u00e9s de la facult\u00e9.<\/p>\n\n\n\n<p class=\"has-medium-font-size\">&#8211; Normes acad\u00e9miques.<\/p>\n\n\n\n<p class=\"has-medium-font-size\">&#8211; Rapports annuels de 2019-2020<\/p>\n\n\n\n<p class=\"has-medium-font-size\">&#8211; Rapport d\u2019activit\u00e9 2019 \u2013\n2020<\/p>\n\n\n\n<p class=\"has-medium-font-size\">&#8211; R\u00e9unions de l&#8217;Unit\u00e9\n\n&#8211; Activit\u00e9s de 2018- 2019\n\n\n\n<\/p>\n","protected":false},"excerpt":{"rendered":"<p>-Mod\u00e8le de questionnaire pour membres du corps professoral et leurs assistants en analyse environnementale de la facult\u00e9. -Questionnaire pour membres du personnel. -Questionnaire des \u00e9tudiants. -Questionnaire des dipl\u00f4m\u00e9s de la [&hellip;]<\/p>\n","protected":false},"author":2,"featured_media":0,"parent":4952,"menu_order":0,"comment_status":"closed","ping_status":"closed","template":"","meta":[],"_links":{"self":[{"href":"https:\/\/www.svu.edu.eg\/faculties\/mass\/wp-json\/wp\/v2\/pages\/6575"}],"collection":[{"href":"https:\/\/www.svu.edu.eg\/faculties\/mass\/wp-json\/wp\/v2\/pages"}],"about":[{"href":"https:\/\/www.svu.edu.eg\/faculties\/mass\/wp-json\/wp\/v2\/types\/page"}],"author":[{"embeddable":true,"href":"https:\/\/www.svu.edu.eg\/faculties\/mass\/wp-json\/wp\/v2\/users\/2"}],"replies":[{"embeddable":true,"href":"https:\/\/www.svu.edu.eg\/faculties\/mass\/wp-json\/wp\/v2\/comments?post=6575"}],"version-history":[{"count":2,"href":"https:\/\/www.svu.edu.eg\/faculties\/mass\/wp-json\/wp\/v2\/pages\/6575\/revisions"}],"predecessor-version":[{"id":7012,"href":"https:\/\/www.svu.edu.eg\/faculties\/mass\/wp-json\/wp\/v2\/pages\/6575\/revisions\/7012"}],"up":[{"embeddable":true,"href":"https:\/\/www.svu.edu.eg\/faculties\/mass\/wp-json\/wp\/v2\/pages\/4952"}],"wp:attachment":[{"href":"https:\/\/www.svu.edu.eg\/faculties\/mass\/wp-json\/wp\/v2\/media?parent=6575"}],"curies":[{"name":"wp","href":"https:\/\/api.w.org\/{rel}","templated":true}]}}