{"id":6571,"date":"2022-03-13T09:23:41","date_gmt":"2022-03-13T09:23:41","guid":{"rendered":"http:\/\/www.svu.edu.eg\/faculties\/mass\/?page_id=6571"},"modified":"2022-03-14T08:42:14","modified_gmt":"2022-03-14T08:42:14","slug":"conseil-dadministration","status":"publish","type":"page","link":"https:\/\/www.svu.edu.eg\/faculties\/mass\/fr\/conseil-dadministration\/","title":{"rendered":"Conseil d&#8217;administration"},"content":{"rendered":"<p><span style=\"font-size: 14pt;\"><strong>Conseil d&#8217;administration de qualit\u00e9<\/strong><\/span><\/p>\n<table>\n<tbody>\n<tr>\n<td width=\"189\">Fonction<\/td>\n<td width=\"189\">Profession<\/td>\n<td width=\"189\">Nom<\/td>\n<\/tr>\n<tr>\n<td width=\"189\">Chef<\/td>\n<td width=\"189\">Doyen de la facult\u00e9<\/td>\n<td width=\"189\">Dr. Helmi Mahmoud Ahmed<\/td>\n<\/tr>\n<tr>\n<td width=\"189\">Vice- pr\u00e9sident<\/td>\n<td width=\"189\">Directeur de l&#8217;unit\u00e9<\/td>\n<td width=\"189\">Dr. Saraa Mohei El- Deen<\/td>\n<\/tr>\n<tr>\n<td width=\"189\">Membre<\/td>\n<td width=\"189\">Vice- doyen des affaires \u00e9ducatives et \u00e9tudiantes<\/td>\n<td width=\"189\">Dr. Helmi Mahmoud Ahmed<\/td>\n<\/tr>\n<tr>\n<td width=\"189\">Membre<\/td>\n<td width=\"189\">Vice- doyen des \u00e9tudes sup\u00e9rieures et de la recherche<\/td>\n<td width=\"189\">Dr. Mohamed Mahfouz El- Zohary<\/td>\n<\/tr>\n<tr>\n<td width=\"189\">Membre<\/td>\n<td width=\"189\">Vice- doyen du service communautaire et le d\u00e9veloppement environnemental<\/td>\n<td width=\"189\">Dr. Mohamed Ali Hendi<\/td>\n<\/tr>\n<tr>\n<td width=\"189\">Membre<\/td>\n<td width=\"189\">Directrices des programmes<\/td>\n<td width=\"189\">Dr. Hala Nofel<\/p>\n<p>Dr. Asmaa Mostafa<\/td>\n<\/tr>\n<tr>\n<td width=\"189\">Membre<\/td>\n<td width=\"189\">Secr\u00e9taire de la facult\u00e9<\/td>\n<td width=\"189\">M. Radwan Wahby<\/td>\n<\/tr>\n<tr>\n<td width=\"189\">Membre<\/td>\n<td width=\"189\">Vice- directeur<\/td>\n<td width=\"189\">Dr. Somayaa Abd El-Rady<\/p>\n<p>Dr. Nemaa Abd El- Rahim<\/td>\n<\/tr>\n<tr>\n<td width=\"189\">Membres<\/td>\n<td width=\"189\">Membres du corps professoral<\/td>\n<td width=\"189\">Dr. Abdo Kenawy<\/p>\n<p>Dr. Sherhan Mahmoud<\/td>\n<\/tr>\n<\/tbody>\n<\/table>\n<p><span style=\"font-size: 14pt;\"><strong>Directeur et Vice- directeur<\/strong><\/span><\/p>\n<p>Dr. Saraa Mohei El- Deen&#8212;&#8212;&#8212;&#8212;&#8212;&#8212;&#8211; Directeur de l&#8217;Unit\u00e9<\/p>\n<p>Dr. Somayaa Abd El-Rady&#8212;&#8212;&#8212;&#8212;&#8212;&#8212;&#8211; Vice- directeur<\/p>\n<p>Dr. Nemaa Abd El- Rahim&#8212;&#8212;&#8212;&#8212;&#8212;&#8212;&#8212; Vice- directeur<\/p>\n<p><span style=\"font-size: 14pt;\"><strong>Secr\u00e9tariat de l\u2019unit\u00e9 des affaires financi\u00e8res et administratives<\/strong><\/span><\/p>\n<ol>\n<li>Abd El- Rahim Gamae&#8212;&#8212;&#8212;&#8212;&#8212;&#8212;&#8212;Administrateur<\/li>\n<li>Amr Atitoo &#8212;&#8212;&#8212;&#8212;&#8212;&#8212;&#8212;&#8212;&#8212;&#8212;&#8212;Responsable des affaires juridiques<\/li>\n<\/ol>\n<p><span style=\"font-size: 14pt;\">E-mail: <strong>&nbsp;<\/strong><a href=\"mailto:qualmasscom@svu.edu.eg%D8%A7%D9%84%D8%A8%D8%B1%D9%8A%D8%AF\">qualmasscom@svu.edu.eg<\/a><\/span><\/p>\n","protected":false},"excerpt":{"rendered":"<p>Conseil d&#8217;administration de qualit\u00e9 Fonction Profession Nom Chef Doyen de la facult\u00e9 Dr. Helmi Mahmoud Ahmed Vice- pr\u00e9sident Directeur de l&#8217;unit\u00e9 Dr. Saraa Mohei El- Deen Membre Vice- doyen des [&hellip;]<\/p>\n","protected":false},"author":2,"featured_media":0,"parent":0,"menu_order":0,"comment_status":"closed","ping_status":"closed","template":"","meta":[],"_links":{"self":[{"href":"https:\/\/www.svu.edu.eg\/faculties\/mass\/wp-json\/wp\/v2\/pages\/6571"}],"collection":[{"href":"https:\/\/www.svu.edu.eg\/faculties\/mass\/wp-json\/wp\/v2\/pages"}],"about":[{"href":"https:\/\/www.svu.edu.eg\/faculties\/mass\/wp-json\/wp\/v2\/types\/page"}],"author":[{"embeddable":true,"href":"https:\/\/www.svu.edu.eg\/faculties\/mass\/wp-json\/wp\/v2\/users\/2"}],"replies":[{"embeddable":true,"href":"https:\/\/www.svu.edu.eg\/faculties\/mass\/wp-json\/wp\/v2\/comments?post=6571"}],"version-history":[{"count":4,"href":"https:\/\/www.svu.edu.eg\/faculties\/mass\/wp-json\/wp\/v2\/pages\/6571\/revisions"}],"predecessor-version":[{"id":10554,"href":"https:\/\/www.svu.edu.eg\/faculties\/mass\/wp-json\/wp\/v2\/pages\/6571\/revisions\/10554"}],"wp:attachment":[{"href":"https:\/\/www.svu.edu.eg\/faculties\/mass\/wp-json\/wp\/v2\/media?parent=6571"}],"curies":[{"name":"wp","href":"https:\/\/api.w.org\/{rel}","templated":true}]}}