{"id":6567,"date":"2022-03-13T08:59:37","date_gmt":"2022-03-13T08:59:37","guid":{"rendered":"http:\/\/www.svu.edu.eg\/faculties\/mass\/?page_id=6567"},"modified":"2022-03-14T08:41:33","modified_gmt":"2022-03-14T08:41:33","slug":"structure-organisationnelle","status":"publish","type":"page","link":"https:\/\/www.svu.edu.eg\/faculties\/mass\/fr\/structure-organisationnelle\/","title":{"rendered":"Structure organisationnelle"},"content":{"rendered":"\n<p><strong>Pr\u00e9sident du conseil d&#8217;administration<\/strong><\/p>\n\n\n\n<p><strong>Doyen de la facult\u00e9<\/strong><strong><\/strong><\/p>\n\n\n\n<p>*Vice \u2013doyen pour les affaires \u00e9ducatives et \u00e9tudiantes<\/p>\n\n\n\n<p>Vice- doyen pour les services\ncommunautaires*<\/p>\n\n\n\n<p>Vice \u2013doyen pour les affaires \u00e9tudes\nsup\u00e9rieures*<\/p>\n\n\n\n<p><strong>Directeur g\u00e9n\u00e9ral de l&#8217;Unit\u00e9<\/strong>*<\/p>\n\n\n\n<p>Directeur adjoint des affaires techniques\net administratives<\/p>\n\n\n\n<p>Directeur adjoint des finances<\/p>\n\n\n\n<p><strong>Pr\u00e9sidents des commissions<\/strong><\/p>\n\n\n\n<p>Commission de d\u00e9veloppement<\/p>\n\n\n\n<p>Commission d&#8217;\u00e9valuation<\/p>\n\n\n\n<p>Commission de mesure et d&#8217;\u00e9valuation<\/p>\n\n\n\n<p>Commission de formation<\/p>\n\n\n\n<p>Repr\u00e9sentant de chaque d\u00e9partement<\/p>\n\n\n\n<p>Repr\u00e9sentant des \u00e9tudiants<\/p>\n\n\n\n<p><strong>Secr\u00e9taire de la facult\u00e9<\/strong><strong><\/strong><\/p>\n\n\n\n<p><strong>Coordonnateur des normes de qualit\u00e9<\/strong><\/p>\n\n\n\n<p><strong>Directeur administratif et Secr\u00e9tariat<\/strong><\/p>\n","protected":false},"excerpt":{"rendered":"<p>Pr\u00e9sident du conseil d&#8217;administration Doyen de la facult\u00e9 *Vice \u2013doyen pour les affaires \u00e9ducatives et \u00e9tudiantes Vice- doyen pour les services communautaires* Vice \u2013doyen pour les affaires \u00e9tudes sup\u00e9rieures* Directeur [&hellip;]<\/p>\n","protected":false},"author":2,"featured_media":0,"parent":0,"menu_order":0,"comment_status":"closed","ping_status":"closed","template":"","meta":[],"_links":{"self":[{"href":"https:\/\/www.svu.edu.eg\/faculties\/mass\/wp-json\/wp\/v2\/pages\/6567"}],"collection":[{"href":"https:\/\/www.svu.edu.eg\/faculties\/mass\/wp-json\/wp\/v2\/pages"}],"about":[{"href":"https:\/\/www.svu.edu.eg\/faculties\/mass\/wp-json\/wp\/v2\/types\/page"}],"author":[{"embeddable":true,"href":"https:\/\/www.svu.edu.eg\/faculties\/mass\/wp-json\/wp\/v2\/users\/2"}],"replies":[{"embeddable":true,"href":"https:\/\/www.svu.edu.eg\/faculties\/mass\/wp-json\/wp\/v2\/comments?post=6567"}],"version-history":[{"count":5,"href":"https:\/\/www.svu.edu.eg\/faculties\/mass\/wp-json\/wp\/v2\/pages\/6567\/revisions"}],"predecessor-version":[{"id":7011,"href":"https:\/\/www.svu.edu.eg\/faculties\/mass\/wp-json\/wp\/v2\/pages\/6567\/revisions\/7011"}],"wp:attachment":[{"href":"https:\/\/www.svu.edu.eg\/faculties\/mass\/wp-json\/wp\/v2\/media?parent=6567"}],"curies":[{"name":"wp","href":"https:\/\/api.w.org\/{rel}","templated":true}]}}