{"id":6559,"date":"2022-02-13T08:34:16","date_gmt":"2022-02-13T08:34:16","guid":{"rendered":"http:\/\/www.svu.edu.eg\/faculties\/mass\/?page_id=6559"},"modified":"2022-03-14T09:42:18","modified_gmt":"2022-03-14T09:42:18","slug":"etudes-et-recherches-des-femmes-et-medias","status":"publish","type":"page","link":"https:\/\/www.svu.edu.eg\/faculties\/mass\/fr\/etudes-et-recherches-des-femmes-et-medias\/","title":{"rendered":"\u00c9tudes et recherches des femmes et des m\u00e9dias"},"content":{"rendered":"<p><strong>\u00c9tudes et recherches des femmes et m\u00e9dias<\/strong><\/p>\n","protected":false},"excerpt":{"rendered":"<p>\u00c9tudes et recherches des femmes et m\u00e9dias<\/p>\n","protected":false},"author":2,"featured_media":0,"parent":0,"menu_order":0,"comment_status":"closed","ping_status":"closed","template":"","meta":[],"_links":{"self":[{"href":"https:\/\/www.svu.edu.eg\/faculties\/mass\/wp-json\/wp\/v2\/pages\/6559"}],"collection":[{"href":"https:\/\/www.svu.edu.eg\/faculties\/mass\/wp-json\/wp\/v2\/pages"}],"about":[{"href":"https:\/\/www.svu.edu.eg\/faculties\/mass\/wp-json\/wp\/v2\/types\/page"}],"author":[{"embeddable":true,"href":"https:\/\/www.svu.edu.eg\/faculties\/mass\/wp-json\/wp\/v2\/users\/2"}],"replies":[{"embeddable":true,"href":"https:\/\/www.svu.edu.eg\/faculties\/mass\/wp-json\/wp\/v2\/comments?post=6559"}],"version-history":[{"count":2,"href":"https:\/\/www.svu.edu.eg\/faculties\/mass\/wp-json\/wp\/v2\/pages\/6559\/revisions"}],"predecessor-version":[{"id":10589,"href":"https:\/\/www.svu.edu.eg\/faculties\/mass\/wp-json\/wp\/v2\/pages\/6559\/revisions\/10589"}],"wp:attachment":[{"href":"https:\/\/www.svu.edu.eg\/faculties\/mass\/wp-json\/wp\/v2\/media?parent=6559"}],"curies":[{"name":"wp","href":"https:\/\/api.w.org\/{rel}","templated":true}]}}