{"id":6182,"date":"2020-11-21T11:36:43","date_gmt":"2020-11-21T11:36:43","guid":{"rendered":"http:\/\/www.svu.edu.eg\/faculties\/mass\/?page_id=6182"},"modified":"2020-11-21T11:36:47","modified_gmt":"2020-11-21T11:36:47","slug":"objectif-strategique-de-la-faculte","status":"publish","type":"page","link":"https:\/\/www.svu.edu.eg\/faculties\/mass\/fr\/objectif-strategique-de-la-faculte\/","title":{"rendered":"Objectif strat\u00e9gique de la facult\u00e9"},"content":{"rendered":"<div id=\"pgc-2966-4-0\" class=\"panel-grid-cell\">\n<div id=\"panel-2966-4-0-0\" class=\"so-panel widget widget_circleicon-widget panel-first-child panel-last-child\" data-index=\"6\">\n<div class=\"circle-icon-box circle-icon-position-top circle-icon-hide-box circle-icon-size-small \">\n<p class=\"text\">La facult\u00e9 d\u2019information et communication vise \u00e0 pr\u00e9paration et former des dipl\u00f4m\u00e9s en diff\u00e9rente m\u00e9dia que capables de travailler en efficacement comme \u00bb la presse, la radio et la t\u00e9l\u00e9vision, les relations publiques et la publicit\u00e9 et m\u00e9dias \u00e9lectronique Tout cela peut se faire avec leur donner une connaissance scientifique, d\u2019exp\u00e9riences pratiques et les comp\u00e9tences technologiques et \u00e9thiques n\u00e9cessaires pour les qualifier pour le march\u00e9 du travail dans ces domaines. Les objectifs de la facult\u00e9 sont d\u00e9finis comme suit : 1 &#8211; Qualification des dipl\u00f4mes \u00e0 travailler dans le domaine de la presse, centres d\u2019information des journalistes et agences de presse \u00abrecueillir et r\u00e9daction des nouvelles, et la capacit\u00e9 d\u2019\u00e9crire dans la presse dans diff\u00e9rents journaux et magazines, le design et le communiqu\u00e9 de presse et diffusion de presse \u00bb. 2-Qualification des dipl\u00f4mes \u00e0 travailler dans le domaine de la radio et la t\u00e9l\u00e9vision dans \u00ab \u00e9laboration et pr\u00e9sentation des programmes, r\u00e9alisateur radiophonique et t\u00e9l\u00e9vision, et discuter des questions opinion publique \u00bb 3-Qualification des dipl\u00f4mes \u00e0 travailler dans les m\u00e9dias, les services de relations publiques et de publicit\u00e9 dans les secteurs publics et priv\u00e9 et les institutions qui ont besoin d\u2019une interaction publique pour am\u00e9liorer leur image \u00e0 l\u2019interne et \u00e0 l\u2019externe gr\u00e2ce \u00e0 des activit\u00e9s de relations publiques. 4-Qualification des dipl\u00f4mes \u00e0 travailler dans divers domaines de la communication marketing en termes de produits, de biens, de services et d\u2019id\u00e9es de marketing et de publicit\u00e9, et d\u2019influencer le public par divers moyens d\u2019attraction et de persuasion. 5-Qualification des dipl\u00f4mes \u00e0 travailler sur des mesures d\u2019opinion publique et de sondage public, pour mener des \u00e9tudes de m\u00e9dias, pour planifier des campagnes d\u2019information et de publicit\u00e9, et pour travailler dans des agences de publicit\u00e9, de publicit\u00e9 et de marketing 6-Qualification des dipl\u00f4mes \u00e0 travailler la conception et \u00e0 la r\u00e9daction de sites de presse et de magazines, de sites de radio et de t\u00e9l\u00e9vision, de relations publiques, d\u2019organisations et d\u2019entreprises, \u00e0 la conception de campagnes m\u00e9diatiques, de campagnes publicitaires et de commerce \u00e9lectronique par Internet. 7- D\u00e9veloppement rapide et continu de la technologie de communication, par la pr\u00e9paration d\u2019autres programmes en Arabe ou en Anglais qui sont en accord avec les d\u00e9veloppements technologiques et couvrent les exigences du processus de d\u00e9veloppement en Haute-\u00c9gypte<\/p>\n<\/div>\n<\/div>\n<\/div>\n<div id=\"pgc-2966-4-1\" class=\"panel-grid-cell\">\n<div id=\"panel-2966-4-1-0\" class=\"so-panel widget widget_circleicon-widget panel-first-child panel-last-child\" data-index=\"7\">\n<div class=\"circle-icon-box circle-icon-position-top circle-icon-hide-box circle-icon-size-small \">\n<div class=\"circle-icon-wrapper\">\n<div class=\"circle-icon icon-style-set\"><\/div>\n<\/div>\n<\/div>\n<\/div>\n<\/div>\n","protected":false},"excerpt":{"rendered":"<p>La facult\u00e9 d\u2019information et communication vise \u00e0 pr\u00e9paration et former des dipl\u00f4m\u00e9s en diff\u00e9rente m\u00e9dia que capables de travailler en efficacement comme \u00bb la presse, la radio et la t\u00e9l\u00e9vision, [&hellip;]<\/p>\n","protected":false},"author":2,"featured_media":0,"parent":0,"menu_order":0,"comment_status":"closed","ping_status":"closed","template":"","meta":[],"_links":{"self":[{"href":"https:\/\/www.svu.edu.eg\/faculties\/mass\/wp-json\/wp\/v2\/pages\/6182"}],"collection":[{"href":"https:\/\/www.svu.edu.eg\/faculties\/mass\/wp-json\/wp\/v2\/pages"}],"about":[{"href":"https:\/\/www.svu.edu.eg\/faculties\/mass\/wp-json\/wp\/v2\/types\/page"}],"author":[{"embeddable":true,"href":"https:\/\/www.svu.edu.eg\/faculties\/mass\/wp-json\/wp\/v2\/users\/2"}],"replies":[{"embeddable":true,"href":"https:\/\/www.svu.edu.eg\/faculties\/mass\/wp-json\/wp\/v2\/comments?post=6182"}],"version-history":[{"count":1,"href":"https:\/\/www.svu.edu.eg\/faculties\/mass\/wp-json\/wp\/v2\/pages\/6182\/revisions"}],"predecessor-version":[{"id":6183,"href":"https:\/\/www.svu.edu.eg\/faculties\/mass\/wp-json\/wp\/v2\/pages\/6182\/revisions\/6183"}],"wp:attachment":[{"href":"https:\/\/www.svu.edu.eg\/faculties\/mass\/wp-json\/wp\/v2\/media?parent=6182"}],"curies":[{"name":"wp","href":"https:\/\/api.w.org\/{rel}","templated":true}]}}