{"id":3819,"date":"2022-03-13T12:24:15","date_gmt":"2022-03-13T12:24:15","guid":{"rendered":"http:\/\/www.svu.edu.eg\/faculties\/mass\/?page_id=3819"},"modified":"2022-03-14T08:55:03","modified_gmt":"2022-03-14T08:55:03","slug":"unite-des-services-electronique","status":"publish","type":"page","link":"https:\/\/www.svu.edu.eg\/faculties\/mass\/fr\/unite-des-services-electronique\/","title":{"rendered":"Services \u00e9lectroniques"},"content":{"rendered":"<p><span style=\"font-size: 14pt;\"><span id=\"s2_2\">L\u2019ICTP vise \u00e0 \u00e9tablir le projet d\u2019unit\u00e9 de services \u00e9lectroniques dans tous les facult\u00e9s universitaires au cours des cinq prochaines ann\u00e9es, progressivement, avec 20 % des facult\u00e9s de chaque universit\u00e9 par ann\u00e9e.<\/span>\u00a0<span id=\"s2_3\">Ces modules sont le lien entre les six projets pr\u00e9sent\u00e9s par l\u2019ICTP au niveau universitaire et les diff\u00e9rents facult\u00e9s.<\/span>\u00a0<span id=\"s2_4\">En plus d\u2019accro\u00eetre l\u2019efficacit\u00e9 des projets universitaires (r\u00e9seau, syst\u00e8mes d\u2019information d&#8217;administration, formation, biblioth\u00e8que num\u00e9rique, apprentissage en ligne, passerelle num\u00e9rique), ces unit\u00e9s visent \u00e0 fournir des services exceptionnels en technologie de l\u2019information aux facult\u00e9s.<\/span><\/span><\/p>\n<p><img decoding=\"async\" class=\"aligncenter\" src=\"http:\/\/www.svu.edu.eg\/faculties\/mass\/wp-content\/uploads\/2020\/02\/Untitled.png\" \/><\/p>\n\n\n<div class=\"wp-block-image\"><figure class=\"aligncenter\"><img decoding=\"async\" src=\"http:\/\/www.svu.edu.eg\/faculties\/mass\/wp-content\/uploads\/2020\/02\/itmap-300x270.jpg\" alt=\"\"\/><\/figure><\/div>\n","protected":false},"excerpt":{"rendered":"<p>L\u2019ICTP vise \u00e0 \u00e9tablir le projet d\u2019unit\u00e9 de services \u00e9lectroniques dans tous les facult\u00e9s universitaires au cours des cinq prochaines ann\u00e9es, progressivement, avec 20 % des facult\u00e9s de chaque universit\u00e9 [&hellip;]<\/p>\n","protected":false},"author":3,"featured_media":0,"parent":0,"menu_order":0,"comment_status":"closed","ping_status":"closed","template":"","meta":[],"_links":{"self":[{"href":"https:\/\/www.svu.edu.eg\/faculties\/mass\/wp-json\/wp\/v2\/pages\/3819"}],"collection":[{"href":"https:\/\/www.svu.edu.eg\/faculties\/mass\/wp-json\/wp\/v2\/pages"}],"about":[{"href":"https:\/\/www.svu.edu.eg\/faculties\/mass\/wp-json\/wp\/v2\/types\/page"}],"author":[{"embeddable":true,"href":"https:\/\/www.svu.edu.eg\/faculties\/mass\/wp-json\/wp\/v2\/users\/3"}],"replies":[{"embeddable":true,"href":"https:\/\/www.svu.edu.eg\/faculties\/mass\/wp-json\/wp\/v2\/comments?post=3819"}],"version-history":[{"count":3,"href":"https:\/\/www.svu.edu.eg\/faculties\/mass\/wp-json\/wp\/v2\/pages\/3819\/revisions"}],"predecessor-version":[{"id":10563,"href":"https:\/\/www.svu.edu.eg\/faculties\/mass\/wp-json\/wp\/v2\/pages\/3819\/revisions\/10563"}],"wp:attachment":[{"href":"https:\/\/www.svu.edu.eg\/faculties\/mass\/wp-json\/wp\/v2\/media?parent=3819"}],"curies":[{"name":"wp","href":"https:\/\/api.w.org\/{rel}","templated":true}]}}