{"id":3588,"date":"2020-04-05T20:42:41","date_gmt":"2020-04-05T20:42:41","guid":{"rendered":"http:\/\/www.svu.edu.eg\/faculties\/mass\/?page_id=3588"},"modified":"2021-01-09T07:09:08","modified_gmt":"2021-01-09T07:09:08","slug":"la-creation-de-la-faculte","status":"publish","type":"page","link":"https:\/\/www.svu.edu.eg\/faculties\/mass\/fr\/la-creation-de-la-faculte\/","title":{"rendered":"La cr\u00e9ation de la facult\u00e9"},"content":{"rendered":"<h2><span style=\"font-family: arial, helvetica, sans-serif; font-size: 14pt;\">Selon la d\u00e9cision du Premier Ministre No. 1190 de 2014 a approuv\u00e9 la cr\u00e9ation de la facult\u00e9 de m\u00e9dia et communication de l\u2019Universit\u00e9 du Sud de la vall\u00e9e de Q\u00e9na, pour devenir la troisi\u00e8me facult\u00e9 des m\u00e9dias au niveau des universit\u00e9s gouvernementales en r\u00e9publique arabe d\u2019Egypte, ce qui ne veut pas dire que l\u2019Universit\u00e9 s\u2019est auparavant d\u00e9sint\u00e9ress\u00e9e des m\u00e9dias. Au d\u00e9but de l&#8217;Universit\u00e9 du Sud de la vall\u00e9e, un d\u00e9partement d\u2019information \u00e0 la facult\u00e9 des &nbsp;lettres&nbsp; a \u00e9t\u00e9 cr\u00e9\u00e9 \u00e0 Q\u00e9na en 2006 et a continu\u00e9 \u00e0 fournir des chercheurs, des \u00e9tudiants dans l\u2019information et des cadres des m\u00e9dias, mais en 2014, il a \u00e9t\u00e9 transform\u00e9 en la facult\u00e9 de m\u00e9dia et communication. L\u2019Universit\u00e9 s\u2019est d\u00e9velopp\u00e9e \u00e0 partir des \u00e9tudes des m\u00e9dias depuis 18 ans pour r\u00e9pondre aux exigences du XXIe si\u00e8cle.<\/span><\/h2>\n<h2><span style=\"font-family: arial, helvetica, sans-serif; font-size: 14pt;\">la facult\u00e9 de m\u00e9dia et communication se distingue des autres facult\u00e9s des m\u00e9dias par l\u2019existence d\u2019un programme d\u2019\u00e9ducation en ligne, en particulier dans le domaine des m\u00e9dias, car elle b\u00e9n\u00e9ficie de caract\u00e9ristiques culturelles, r\u00e9cr\u00e9atives et religieuses et culturelles dans la r\u00e9gion de la Haute \u00c9gypte .<\/span><\/h2>\n<p><span style=\"font-family: arial, helvetica, sans-serif; font-size: 14pt;\"><strong>Il convient de mentionner que les m\u00e9dias jouent un r\u00f4le important dans la r\u00e9solution des probl\u00e8mes du niveau d&#8217; Haute \u00c9gypte, et donc la facult\u00e9 accomplit son r\u00f4le dans l\u2019\u00e9l\u00e9vation de la pens\u00e9e humaine et dipl\u00f4m\u00e9s qualifi\u00e9s pour r\u00e9soudre ces probl\u00e8mes.<\/strong><\/span><\/p>\n","protected":false},"excerpt":{"rendered":"<p>Selon la d\u00e9cision du Premier Ministre No. 1190 de 2014 a approuv\u00e9 la cr\u00e9ation de la facult\u00e9 de m\u00e9dia et communication de l\u2019Universit\u00e9 du Sud de la vall\u00e9e de Q\u00e9na, [&hellip;]<\/p>\n","protected":false},"author":3,"featured_media":0,"parent":0,"menu_order":0,"comment_status":"closed","ping_status":"closed","template":"","meta":[],"_links":{"self":[{"href":"https:\/\/www.svu.edu.eg\/faculties\/mass\/wp-json\/wp\/v2\/pages\/3588"}],"collection":[{"href":"https:\/\/www.svu.edu.eg\/faculties\/mass\/wp-json\/wp\/v2\/pages"}],"about":[{"href":"https:\/\/www.svu.edu.eg\/faculties\/mass\/wp-json\/wp\/v2\/types\/page"}],"author":[{"embeddable":true,"href":"https:\/\/www.svu.edu.eg\/faculties\/mass\/wp-json\/wp\/v2\/users\/3"}],"replies":[{"embeddable":true,"href":"https:\/\/www.svu.edu.eg\/faculties\/mass\/wp-json\/wp\/v2\/comments?post=3588"}],"version-history":[{"count":2,"href":"https:\/\/www.svu.edu.eg\/faculties\/mass\/wp-json\/wp\/v2\/pages\/3588\/revisions"}],"predecessor-version":[{"id":6513,"href":"https:\/\/www.svu.edu.eg\/faculties\/mass\/wp-json\/wp\/v2\/pages\/3588\/revisions\/6513"}],"wp:attachment":[{"href":"https:\/\/www.svu.edu.eg\/faculties\/mass\/wp-json\/wp\/v2\/media?parent=3588"}],"curies":[{"name":"wp","href":"https:\/\/api.w.org\/{rel}","templated":true}]}}