{"id":2966,"date":"2020-03-10T08:33:55","date_gmt":"2020-03-10T08:33:55","guid":{"rendered":"http:\/\/www.svu.edu.eg\/faculties\/mass\/?page_id=2966"},"modified":"2020-12-19T10:51:11","modified_gmt":"2020-12-19T10:51:11","slug":"les-principlement-page","status":"publish","type":"page","link":"https:\/\/www.svu.edu.eg\/faculties\/mass\/fr\/les-principlement-page\/","title":{"rendered":"homepage_fr"},"content":{"rendered":"<div id=\"pl-2966\"  class=\"panel-layout panel-is-rtl\" ><div id=\"pg-2966-0\"  class=\"panel-grid panel-no-style\" ><div id=\"pgc-2966-0-0\"  class=\"panel-grid-cell panel-grid-cell-empty\" ><\/div><\/div><div id=\"pg-2966-1\"  class=\"panel-grid panel-has-style\" ><div class=\"wide-grey panel-row-style panel-row-style-for-2966-1\" ><div id=\"pgc-2966-1-0\"  class=\"panel-grid-cell\" ><div id=\"panel-2966-1-0-0\" class=\"so-panel widget widget_headline-widget panel-first-child panel-last-child\" data-index=\"0\" >\t\t<h1>La facult\u00e9 accueille de nouveaux \u00e9tudiants.<\/h1>\n\t\t<div class=\"decoration\"><div class=\"decoration-inside\"><\/div><\/div>\n\t\t<h3>La facult\u00e9 accueille de nouveaux \u00e9tudiants et leur souhaite un succ\u00e8s ann\u00e9e scolaire<\/h3>\n\t\t<\/div><\/div><\/div><\/div><div id=\"pg-2966-2\"  class=\"panel-grid panel-no-style\" ><div id=\"pgc-2966-2-0\"  class=\"panel-grid-cell\" ><div id=\"panel-2966-2-0-0\" class=\"so-panel widget widget_siteorigin-panels-postloop panel-first-child\" data-index=\"1\" ><div class=\"panel-widget-style panel-widget-style-for-2966-2-0-0\" ><h3 class=\"widget-title\">Derni\u00e8res nouvelles<\/h3>\n<article id=\"post-15539\" class=\"post-15539 post type-post status-publish format-image has-post-thumbnail hentry category-news post_format-post-format-image post-with-thumbnail post-with-thumbnail-icon\">\n\n\t\t\t<div class=\"entry-thumbnail\">\n\t\t\t<a href=\"https:\/\/www.svu.edu.eg\/faculties\/mass\/15539-2\/\"><img width=\"150\" height=\"150\" src=\"https:\/\/www.svu.edu.eg\/faculties\/mass\/wp-content\/uploads\/2026\/04\/672687595_122146373396992025_3197926013851060329_n-150x150.jpg\" class=\"attachment-thumbnail size-thumbnail wp-post-image\" alt=\"\" decoding=\"async\" loading=\"lazy\" srcset=\"https:\/\/www.svu.edu.eg\/faculties\/mass\/wp-content\/uploads\/2026\/04\/672687595_122146373396992025_3197926013851060329_n-150x150.jpg 150w, https:\/\/www.svu.edu.eg\/faculties\/mass\/wp-content\/uploads\/2026\/04\/672687595_122146373396992025_3197926013851060329_n-300x300.jpg 300w, https:\/\/www.svu.edu.eg\/faculties\/mass\/wp-content\/uploads\/2026\/04\/672687595_122146373396992025_3197926013851060329_n.jpg 720w\" sizes=\"(max-width: 150px) 100vw, 150px\" \/><\/a>\n\t\t<\/div>\n\t\n\t<div class=\"entry-main\">\n\n\t\t\n\t\t<header class=\"entry-header\">\n\t\t\t\n\t\t\t<h1 class=\"entry-title\"><a href=\"https:\/\/www.svu.edu.eg\/faculties\/mass\/15539-2\/\" title=\"Permalink to \u062a\u0646\u0638\u0645 \u0648\u062d\u062f\u0647 \u0627\u0644\u0627\u0631\u0634\u0627\u062f \u0627\u0644\u0627\u0643\u0627\u062f\u064a\u0645\u064a \u0644\u0642\u0627\u0621 \u062a\u0639\u0631\u064a\u0641\u064a \u0644\u0637\u0644\u0627\u0628 \u0627\u0644\u0641\u0631\u0642\u0629 \u0627\u0644\u0623\u0648\u0644\u0649\" rel=\"bookmark\">\u062a\u0646\u0638\u0645 \u0648\u062d\u062f\u0647 \u0627\u0644\u0627\u0631\u0634\u0627\u062f \u0627\u0644\u0627\u0643\u0627\u062f\u064a\u0645\u064a \u0644\u0642\u0627\u0621 \u062a\u0639\u0631\u064a\u0641\u064a \u0644\u0637\u0644\u0627\u0628 \u0627\u0644\u0641\u0631\u0642\u0629 \u0627\u0644\u0623\u0648\u0644\u0649<\/a><\/h1>\n\n\t\t\t\t\t\t\t<div class=\"entry-meta\">\n\t\t\t\t\t<a href=\"https:\/\/www.svu.edu.eg\/faculties\/mass\/15539-2\/\" title=\"6:51 \u0635\" rel=\"bookmark\"><time class=\"entry-date\" datetime=\"2026-04-19T06:51:22+00:00\">\u0623\u0628\u0631\u064a\u0644 19, 2026<\/time><\/a><time class=\"updated\" datetime=\"2026-04-19T06:53:07+00:00\">\u0623\u0628\u0631\u064a\u0644 19, 2026<\/time>  \t\t\t\t<\/div><!-- .entry-meta -->\n\t\t\t\n\t\t<\/header><!-- .entry-header -->\n\n\t\t\t\t\t<div class=\"entry-content\">\n\t\t\t\t<p>\u062a\u062d\u062a \u0631\u0639\u0627\u064a\u0629 \u0627.\u062f.\u0627\u062d\u0645\u062f \u0639\u0643\u0627\u0648\u0649 \u0631\u0626\u064a\u0633 \u062c\u0627\u0645\u0639\u0629 \u0642\u0646\u0627 \u0648\u0627\u0644\u062f\u0643\u062a\u0648\u0631 \u0627\u0634\u0631\u0641 \u0645\u0648\u0633\u064a \u0646\u0627\u0626\u0628 \u0631\u0626\u064a\u0633 \u0627\u0644\u062c\u0627\u0645\u0639\u0629. \u0648\u062a\u062d\u062a \u0625\u0634\u0631\u0627\u0641 \u0627.\u062f \u062d\u0633\u064a\u0646 \u0639\u0628\u062f \u0627\u0644\u0628\u0627\u0633\u0637 \u0639\u0645\u064a\u062f \u0627\u0644\u0643\u0644\u064a\u0629 \u0648\u0627\u0644\u062f\u0643\u062a\u0648\u0631\u0647 \u0627\u064a\u0645\u0627\u0646 \u0633\u0639\u062f \u0645\u062f\u064a\u0631 \u0648\u062d\u062f\u0647 \u0627\u0644\u0627\u0631\u0634\u0627\u062f \u0627\u0644\u0627\u0643\u0627\u062f\u064a\u0645\u064a .. \u062a\u0646\u0638\u0645 [&hellip;]<\/p>\n\t\t\t\t\t\t\t\t<a class=\"more-link\" href=\"https:\/\/www.svu.edu.eg\/faculties\/mass\/15539-2\/\">\u0627\u0644\u0645\u0632\u064a\u062f<span class=\"meta-nav\">&rarr;<\/span><\/a>\t\t\t\t\t\t\t<\/div><!-- .entry-content -->\n\t\t\n\t\t\n\t<\/div>\n\n<\/article><!-- #post-15539 -->\n\n<article id=\"post-15533\" class=\"post-15533 post type-post status-publish format-standard has-post-thumbnail hentry category-news post-with-thumbnail post-with-thumbnail-icon\">\n\n\t\t\t<div class=\"entry-thumbnail\">\n\t\t\t<a href=\"https:\/\/www.svu.edu.eg\/faculties\/mass\/%d9%83%d9%84%d9%8a%d8%a9-%d8%a7%d9%84%d8%a5%d8%b9%d9%84%d8%a7%d9%85-%d9%88%d8%aa%d9%83%d9%86%d9%88%d9%84%d9%88%d8%ac%d9%8a%d8%a7-%d8%a7%d9%84%d8%a7%d8%aa%d8%b5%d8%a7%d9%84-%d8%ac%d8%a7%d9%85%d8%b9-4\/\"><img width=\"120\" height=\"150\" src=\"https:\/\/www.svu.edu.eg\/faculties\/mass\/wp-content\/uploads\/2026\/04\/671957795_122146308530992025_8198166807755642351_n-120x150.jpg\" class=\"attachment-thumbnail size-thumbnail wp-post-image\" alt=\"\" decoding=\"async\" loading=\"lazy\" srcset=\"https:\/\/www.svu.edu.eg\/faculties\/mass\/wp-content\/uploads\/2026\/04\/671957795_122146308530992025_8198166807755642351_n-120x150.jpg 120w, https:\/\/www.svu.edu.eg\/faculties\/mass\/wp-content\/uploads\/2026\/04\/671957795_122146308530992025_8198166807755642351_n-240x300.jpg 240w, https:\/\/www.svu.edu.eg\/faculties\/mass\/wp-content\/uploads\/2026\/04\/671957795_122146308530992025_8198166807755642351_n-819x1024.jpg 819w, https:\/\/www.svu.edu.eg\/faculties\/mass\/wp-content\/uploads\/2026\/04\/671957795_122146308530992025_8198166807755642351_n-768x960.jpg 768w, https:\/\/www.svu.edu.eg\/faculties\/mass\/wp-content\/uploads\/2026\/04\/671957795_122146308530992025_8198166807755642351_n.jpg 1080w\" sizes=\"(max-width: 120px) 100vw, 120px\" \/><\/a>\n\t\t<\/div>\n\t\n\t<div class=\"entry-main\">\n\n\t\t\n\t\t<header class=\"entry-header\">\n\t\t\t\n\t\t\t<h1 class=\"entry-title\"><a href=\"https:\/\/www.svu.edu.eg\/faculties\/mass\/%d9%83%d9%84%d9%8a%d8%a9-%d8%a7%d9%84%d8%a5%d8%b9%d9%84%d8%a7%d9%85-%d9%88%d8%aa%d9%83%d9%86%d9%88%d9%84%d9%88%d8%ac%d9%8a%d8%a7-%d8%a7%d9%84%d8%a7%d8%aa%d8%b5%d8%a7%d9%84-%d8%ac%d8%a7%d9%85%d8%b9-4\/\" title=\"Permalink to \u0643\u0644\u064a\u0629 \u0627\u0644\u0625\u0639\u0644\u0627\u0645 \u0648\u062a\u0643\u0646\u0648\u0644\u0648\u062c\u064a\u0627 \u0627\u0644\u0627\u062a\u0635\u0627\u0644 &#8211; \u062c\u0627\u0645\u0639\u0629 \u0642\u0646\u0627\" rel=\"bookmark\">\u0643\u0644\u064a\u0629 \u0627\u0644\u0625\u0639\u0644\u0627\u0645 \u0648\u062a\u0643\u0646\u0648\u0644\u0648\u062c\u064a\u0627 \u0627\u0644\u0627\u062a\u0635\u0627\u0644 &#8211; \u062c\u0627\u0645\u0639\u0629 \u0642\u0646\u0627<\/a><\/h1>\n\n\t\t\t\t\t\t\t<div class=\"entry-meta\">\n\t\t\t\t\t<a href=\"https:\/\/www.svu.edu.eg\/faculties\/mass\/%d9%83%d9%84%d9%8a%d8%a9-%d8%a7%d9%84%d8%a5%d8%b9%d9%84%d8%a7%d9%85-%d9%88%d8%aa%d9%83%d9%86%d9%88%d9%84%d9%88%d8%ac%d9%8a%d8%a7-%d8%a7%d9%84%d8%a7%d8%aa%d8%b5%d8%a7%d9%84-%d8%ac%d8%a7%d9%85%d8%b9-4\/\" title=\"6:45 \u0635\" rel=\"bookmark\"><time class=\"entry-date\" datetime=\"2026-04-19T06:45:10+00:00\">\u0623\u0628\u0631\u064a\u0644 19, 2026<\/time><\/a><time class=\"updated\" datetime=\"2026-04-19T06:46:34+00:00\">\u0623\u0628\u0631\u064a\u0644 19, 2026<\/time>  \t\t\t\t<\/div><!-- .entry-meta -->\n\t\t\t\n\t\t<\/header><!-- .entry-header -->\n\n\t\t\t\t\t<div class=\"entry-content\">\n\t\t\t\t\t\t\t\t\t\t\t\t<a class=\"more-link\" href=\"https:\/\/www.svu.edu.eg\/faculties\/mass\/%d9%83%d9%84%d9%8a%d8%a9-%d8%a7%d9%84%d8%a5%d8%b9%d9%84%d8%a7%d9%85-%d9%88%d8%aa%d9%83%d9%86%d9%88%d9%84%d9%88%d8%ac%d9%8a%d8%a7-%d8%a7%d9%84%d8%a7%d8%aa%d8%b5%d8%a7%d9%84-%d8%ac%d8%a7%d9%85%d8%b9-4\/\">\u0627\u0644\u0645\u0632\u064a\u062f<span class=\"meta-nav\">&rarr;<\/span><\/a>\t\t\t\t\t\t\t<\/div><!-- .entry-content -->\n\t\t\n\t\t\n\t<\/div>\n\n<\/article><!-- #post-15533 -->\n\n<article id=\"post-15527\" class=\"post-15527 post type-post status-publish format-quote has-post-thumbnail hentry category-news post_format-post-format-quote post-with-thumbnail post-with-thumbnail-icon\">\n\n\t\t\t<div class=\"entry-thumbnail\">\n\t\t\t<a href=\"https:\/\/www.svu.edu.eg\/faculties\/mass\/%d9%83%d9%84%d9%8a%d8%a9-%d8%a7%d9%84%d8%a5%d8%b9%d9%84%d8%a7%d9%85-%d9%88%d8%aa%d9%83%d9%86%d9%88%d9%84%d9%88%d8%ac%d9%8a%d8%a7-%d8%a7%d9%84%d8%a7%d8%aa%d8%b5%d8%a7%d9%84%d8%8c-%d8%ac%d8%a7%d9%85\/\"><img width=\"200\" height=\"133\" src=\"https:\/\/www.svu.edu.eg\/faculties\/mass\/wp-content\/uploads\/2026\/04\/672475849_122146115084992025_445122359171261523_n-200x133.jpg\" class=\"attachment-thumbnail size-thumbnail wp-post-image\" alt=\"\" decoding=\"async\" loading=\"lazy\" srcset=\"https:\/\/www.svu.edu.eg\/faculties\/mass\/wp-content\/uploads\/2026\/04\/672475849_122146115084992025_445122359171261523_n-200x133.jpg 200w, https:\/\/www.svu.edu.eg\/faculties\/mass\/wp-content\/uploads\/2026\/04\/672475849_122146115084992025_445122359171261523_n-300x200.jpg 300w, https:\/\/www.svu.edu.eg\/faculties\/mass\/wp-content\/uploads\/2026\/04\/672475849_122146115084992025_445122359171261523_n-1024x682.jpg 1024w, https:\/\/www.svu.edu.eg\/faculties\/mass\/wp-content\/uploads\/2026\/04\/672475849_122146115084992025_445122359171261523_n-768x512.jpg 768w, https:\/\/www.svu.edu.eg\/faculties\/mass\/wp-content\/uploads\/2026\/04\/672475849_122146115084992025_445122359171261523_n-1536x1023.jpg 1536w, https:\/\/www.svu.edu.eg\/faculties\/mass\/wp-content\/uploads\/2026\/04\/672475849_122146115084992025_445122359171261523_n-272x182.jpg 272w, https:\/\/www.svu.edu.eg\/faculties\/mass\/wp-content\/uploads\/2026\/04\/672475849_122146115084992025_445122359171261523_n.jpg 1600w\" sizes=\"(max-width: 200px) 100vw, 200px\" \/><\/a>\n\t\t<\/div>\n\t\n\t<div class=\"entry-main\">\n\n\t\t\n\t\t<header class=\"entry-header\">\n\t\t\t\n\t\t\t<h1 class=\"entry-title\"><a href=\"https:\/\/www.svu.edu.eg\/faculties\/mass\/%d9%83%d9%84%d9%8a%d8%a9-%d8%a7%d9%84%d8%a5%d8%b9%d9%84%d8%a7%d9%85-%d9%88%d8%aa%d9%83%d9%86%d9%88%d9%84%d9%88%d8%ac%d9%8a%d8%a7-%d8%a7%d9%84%d8%a7%d8%aa%d8%b5%d8%a7%d9%84%d8%8c-%d8%ac%d8%a7%d9%85\/\" title=\"Permalink to \u0643\u0644\u064a\u0629 \u0627\u0644\u0625\u0639\u0644\u0627\u0645 \u0648\u062a\u0643\u0646\u0648\u0644\u0648\u062c\u064a\u0627 \u0627\u0644\u0627\u062a\u0635\u0627\u0644\u060c \u062c\u0627\u0645\u0639\u0629 \u0642\u0646\u0627\" rel=\"bookmark\">\u0643\u0644\u064a\u0629 \u0627\u0644\u0625\u0639\u0644\u0627\u0645 \u0648\u062a\u0643\u0646\u0648\u0644\u0648\u062c\u064a\u0627 \u0627\u0644\u0627\u062a\u0635\u0627\u0644\u060c \u062c\u0627\u0645\u0639\u0629 \u0642\u0646\u0627<\/a><\/h1>\n\n\t\t\t\t\t\t\t<div class=\"entry-meta\">\n\t\t\t\t\t<a href=\"https:\/\/www.svu.edu.eg\/faculties\/mass\/%d9%83%d9%84%d9%8a%d8%a9-%d8%a7%d9%84%d8%a5%d8%b9%d9%84%d8%a7%d9%85-%d9%88%d8%aa%d9%83%d9%86%d9%88%d9%84%d9%88%d8%ac%d9%8a%d8%a7-%d8%a7%d9%84%d8%a7%d8%aa%d8%b5%d8%a7%d9%84%d8%8c-%d8%ac%d8%a7%d9%85\/\" title=\"6:39 \u0635\" rel=\"bookmark\"><time class=\"entry-date\" datetime=\"2026-04-16T06:39:54+00:00\">\u0623\u0628\u0631\u064a\u0644 16, 2026<\/time><\/a><time class=\"updated\" datetime=\"2026-04-16T06:39:54+00:00\">\u0623\u0628\u0631\u064a\u0644 16, 2026<\/time>  \t\t\t\t<\/div><!-- .entry-meta -->\n\t\t\t\n\t\t<\/header><!-- .entry-header -->\n\n\t\t\t\t\t<div class=\"entry-content\">\n\t\t\t\t<p>\u064a\u062a\u0642\u062f\u0645 \u0627\u0644\u0633\u064a\u062f \u0627\u0644\u0623\u0633\u062a\u0627\u0630 \u0627\u0644\u062f\u0643\u062a\u0648\u0631\/ \u062d\u0633\u064a\u0646 \u0639\u0628\u062f \u0627\u0644\u0628\u0627\u0633\u0637 \u0639\u0645\u064a\u062f \u0643\u0644\u064a\u0629 \u0627\u0644\u0625\u0639\u0644\u0627\u0645 \u0648\u062a\u0643\u0646\u0648\u0644\u0648\u062c\u064a\u0627 \u0627\u0644\u0627\u062a\u0635\u0627\u0644\u060c \u062c\u0627\u0645\u0639\u0629 \u0642\u0646\u0627\u060c<\/p>\n\t\t\t\t\t\t\t\t<a class=\"more-link\" href=\"https:\/\/www.svu.edu.eg\/faculties\/mass\/%d9%83%d9%84%d9%8a%d8%a9-%d8%a7%d9%84%d8%a5%d8%b9%d9%84%d8%a7%d9%85-%d9%88%d8%aa%d9%83%d9%86%d9%88%d9%84%d9%88%d8%ac%d9%8a%d8%a7-%d8%a7%d9%84%d8%a7%d8%aa%d8%b5%d8%a7%d9%84%d8%8c-%d8%ac%d8%a7%d9%85\/\">\u0627\u0644\u0645\u0632\u064a\u062f<span class=\"meta-nav\">&rarr;<\/span><\/a>\t\t\t\t\t\t\t<\/div><!-- .entry-content -->\n\t\t\n\t\t\n\t<\/div>\n\n<\/article><!-- #post-15527 -->\n<\/div><\/div><div id=\"panel-2966-2-0-1\" class=\"so-panel widget widget_text panel-last-child\" data-index=\"2\" >\t\t\t<div class=\"textwidget\"><p><a href=\"http:\/\/www.svu.edu.eg\/faculties\/mass\/fr\/category\/news_fr\/\">Plus de nouvelles<\/a><\/p>\n<\/div>\n\t\t<\/div><\/div><\/div><div id=\"pg-2966-3\"  class=\"panel-grid panel-no-style\" ><div id=\"pgc-2966-3-0\"  class=\"panel-grid-cell\" ><div id=\"panel-2966-3-0-0\" class=\"so-panel widget widget_xyz_insert_php_widget panel-first-child panel-last-child\" data-index=\"3\" >\r\n\t<div class=\"announc\">\r\n      <h2> Conf\u00e9rences <\/h2>\r\n\t<div class=\"announc-body\">\r\n\t<ul>\r\n             \r\n<ul>        <li> <a href=\" https:\/\/www.svu.edu.eg\/faculties\/mass\/fr\/dr-akkawy-assiste-au-forum-des-universites-egypto-francaises\/\" title=\"Dr. Akkawy assiste au Forum des universit\u00e9s \u00e9gypto-fran\u00e7aises\">\r\n\t\t\tDr. Akkawy assiste au Forum...<\/a> <\/li>\r\n        <li> <a href=\" https:\/\/www.svu.edu.eg\/faculties\/mass\/fr\/resultats-des-prix-de-luniversite-pour-lannee-universitaire-2024-2025\/\" title=\"R\u00e9sultats des prix de l\u2019Universit\u00e9 pour l\u2019ann\u00e9e universitaire 2024\/2025\">\r\n\t\t\tR\u00e9sultats des prix de l\u2019Uni...<\/a> <\/li>\r\n        <li> <a href=\" https:\/\/www.svu.edu.eg\/faculties\/mass\/fr\/recteur-de-luniversite-se-reunit-avec-le-comite-pour-discuter-du-projet-de-changement-de-nom-de-luniversite\/\" title=\"Recteur de l&#8217;Universit\u00e9 se r\u00e9unit avec le comit\u00e9 pour discuter du projet de changement de nom de l&#8217;Universit\u00e9.\">\r\n\t\t\tRecteur de l&#8217;Universi...<\/a> <\/li>\r\n        <li> <a href=\" https:\/\/www.svu.edu.eg\/faculties\/mass\/fr\/cloture-des-activites-du-cours-de-leducation-militaire\/\" title=\"Cl\u00f4ture des activit\u00e9s du cours de l\u2019\u00e9ducation militaire\">\r\n\t\t\tCl\u00f4ture des activit\u00e9s du co...<\/a> <\/li>\r\n<li style=\"text-align:left;\"><a href=\"..\/category\/conf_fr\/\">Plus<\/a><\/li>\r\n<\/ul>   <\/ul>\r\n\t<\/div>\r\n\t<\/div><\/div><\/div><div id=\"pgc-2966-3-1\"  class=\"panel-grid-cell\" ><div id=\"panel-2966-3-1-0\" class=\"so-panel widget widget_media_video panel-first-child panel-last-child\" data-index=\"4\" ><div style=\"width:100%;\" class=\"wp-video\"><!--[if lt IE 9]><script>document.createElement('video');<\/script><![endif]-->\n<video class=\"wp-video-shortcode\" id=\"video-13233-1\" preload=\"metadata\" controls=\"controls\"><source type=\"video\/mp4\" src=\"https:\/\/www.svu.edu.eg\/faculties\/mass\/wp-content\/uploads\/2020\/03\/\u0627\u062f\u0631\u0633-\u0641\u064a-\u0628\u0644\u062f\u0646\u0627.mp4?_=1\" \/><source type=\"video\/mp4\" src=\"http:\/\/www.svu.edu.eg\/faculties\/mass\/wp-content\/uploads\/2020\/03\/\u0627\u062f\u0631\u0633-\u0641\u064a-\u0628\u0644\u062f\u0646\u0627.mp4?_=1\" \/><a href=\"https:\/\/www.svu.edu.eg\/faculties\/mass\/wp-content\/uploads\/2020\/03\/\u0627\u062f\u0631\u0633-\u0641\u064a-\u0628\u0644\u062f\u0646\u0627.mp4\">https:\/\/www.svu.edu.eg\/faculties\/mass\/wp-content\/uploads\/2020\/03\/\u0627\u062f\u0631\u0633-\u0641\u064a-\u0628\u0644\u062f\u0646\u0627.mp4<\/a><\/video><\/div><\/div><\/div><div id=\"pgc-2966-3-2\"  class=\"panel-grid-cell\" ><div id=\"panel-2966-3-2-0\" class=\"so-panel widget widget_xyz_insert_php_widget panel-first-child panel-last-child\" data-index=\"5\" >\r\n\t<div class=\"announc\">\r\n      <h2>Annonces<\/h2>\r\n\t<div class=\"announc-body\">\r\n\t<ul>\r\n             \r\n<ul>        <li> <a href=\" https:\/\/www.svu.edu.eg\/faculties\/mass\/fr\/resultats-des-prix-de-luniversite-pour-lannee-universitaire-2024-2025\/\" title=\"R\u00e9sultats des prix de l\u2019Universit\u00e9 pour l\u2019ann\u00e9e universitaire 2024\/2025\">\r\n\t\t\tR\u00e9sultats des prix de l\u2019Uni...<\/a> <\/li>\r\n        <li> <a href=\" https:\/\/www.svu.edu.eg\/faculties\/mass\/fr\/recteur-de-luniversite-se-reunit-avec-le-comite-pour-discuter-du-projet-de-changement-de-nom-de-luniversite\/\" title=\"Recteur de l&#8217;Universit\u00e9 se r\u00e9unit avec le comit\u00e9 pour discuter du projet de changement de nom de l&#8217;Universit\u00e9.\">\r\n\t\t\tRecteur de l&#8217;Universi...<\/a> <\/li>\r\n        <li> <a href=\" https:\/\/www.svu.edu.eg\/faculties\/mass\/fr\/initiative-intitulee-connaissez-votre-faculte\/\" title=\"Initiative  intitul\u00e9e (connaissez votre facult\u00e9)\">\r\n\t\t\tInitiative  intitul\u00e9e (conn...<\/a> <\/li>\r\n        <li> <a href=\" https:\/\/www.svu.edu.eg\/faculties\/mass\/fr\/lancement-du-convoi-de-maladies-oculaires-a-luniversite-du-sud-de-la-vallee\/\" title=\"Lancement du convoi de maladies oculaires \u00e0 l\u2019Universit\u00e9 du Sud de la Vall\u00e9e\">\r\n\t\t\tLancement du convoi de mala...<\/a> <\/li>\r\n<li style=\"text-align:left;\"><a href=\"..\/category\/ann_fr\/\">Plus<\/a><\/li>\r\n<\/ul>   <\/ul>\r\n\t<\/div>\r\n\t<\/div><\/div><\/div><\/div><div id=\"pg-2966-4\"  class=\"panel-grid panel-has-style\" ><div style=\"background-color: #c4eeff; \" class=\"panel-row-style panel-row-style-for-2966-4\" ><div id=\"pgc-2966-4-0\"  class=\"panel-grid-cell\" ><div id=\"panel-2966-4-0-0\" class=\"so-panel widget widget_circleicon-widget panel-first-child panel-last-child\" data-index=\"6\" >\t\t<div class=\"circle-icon-box circle-icon-position-top circle-icon-hide-box circle-icon-size-small \">\n\t\t\t\t\t\t\t<div class=\"circle-icon-wrapper\">\n\t\t\t\t\t\t\t\t\t\t<div class=\"circle-icon icon-style-set\" style=\"background-color: #1e73be\">\n\t\t\t\t\t\t<div class=\"fa fa-clock-o icon-color-set\" ><\/div>\t\t\t\t\t<\/div>\n\t\t\t\t\t\t\t\t\t<\/div>\n\t\t\t\n\t\t\t\t\t\t<h4 >Objectifs  strat\u00e9giques de la facult\u00e9<\/h4>\t\t\t\n\t\t\t<p class=\"text\" >La facult\u00e9 de m\u00e9dia et communication vise \u00e0 pr\u00e9paration et former des dipl\u00f4m\u00e9s en diff\u00e9rente m\u00e9dia que capables de travailler en efficacement comme \u00bb la presse, la radio, la t\u00e9l\u00e9vision, les relations publiques, la publicit\u00e9 et m\u00e9dias \u00e9lectronique.  Tout cela peut se faire avec leur donner une connaissance scientifique, d\u2019exp\u00e9riences pratiques et les comp\u00e9tences technologiques et \u00e9thiques n\u00e9cessaires pour les qualifier pour le march\u00e9 du travail.  1 -  Qualification des dipl\u00f4m\u00e9s \u00e0 travailler dans le domaine de la presse, centres d\u2019information des journalistes et agences de presse comme \u00abrecueillir et r\u00e9daction des nouvelles, \u00e9crire dans diff\u00e9rents journaux et magazines, le design, le communiqu\u00e9 et diffusion de presse \u00bb.                                                                           2-Qualification des dipl\u00f4m\u00e9s \u00e0   travailler dans le domaine de la radio et la t\u00e9l\u00e9vision dans \u00ab \u00e9laboration, pr\u00e9sentation des programmes, r\u00e9alisateur radiophonique, t\u00e9l\u00e9vision,  et discuter des questions opinion publique \u00bb 3-Qualification des dipl\u00f4m\u00e9s \u00e0 travailler dans les m\u00e9dias, les relations publiques et de publicit\u00e9 dans les secteurs publics et priv\u00e9 et les institutions qui ont besoin d\u2019une interaction publique pour d\u00e9velopper les activit\u00e9s de relations publiques. 4-Qualification des dipl\u00f4m\u00e9s \u00e0 travailler dans divers domaines de la communication marketing en termes de produits, de biens, de services et d\u2019id\u00e9es de marketing et de publicit\u00e9, et d\u2019influencer le public par divers moyens d\u2019attraction et de persuasion.  5-Qualification des dipl\u00f4m\u00e9s \u00e0 travailler sur des mesures d\u2019opinion publique et de sondage public, pour mener des \u00e9tudes de m\u00e9dias, pour planifier des campagnes d\u2019information et de publicit\u00e9, et pour travailler dans des agences de publicit\u00e9 et de marketing. 6-Qualification des dipl\u00f4m\u00e9s \u00e0 travailler la conception et \u00e0 la r\u00e9daction de sites de presse et de magazines, de sites de radio et de t\u00e9l\u00e9vision, de relations publiques, d\u2019organisations et d\u2019entreprises, \u00e0 la conception de campagnes m\u00e9diatiques, de campagnes publicitaires et de commerce \u00e9lectronique par Internet.     7- D\u00e9veloppement rapide et continu de la technologie de communication, par la pr\u00e9paration d\u2019autres programmes en Arabe ou en Anglais qui sont en accord avec les d\u00e9veloppements technologiques et couvrent les exigences du processus de d\u00e9veloppement en Haute-\u00c9gypte.<\/p>\t\t\t\t\t\t\t<a href=\"http:\/\/www.svu.edu.eg\/faculties\/mass\/fr\/objectif-strategique-de-la-faculte\/\" class=\"more-button\" target=\"_blank\">Plus <i><\/i><\/a>\n\t\t\t\t\t<\/div>\n\t\t<\/div><\/div><div id=\"pgc-2966-4-1\"  class=\"panel-grid-cell\" ><div id=\"panel-2966-4-1-0\" class=\"so-panel widget widget_circleicon-widget panel-first-child panel-last-child\" data-index=\"7\" >\t\t<div class=\"circle-icon-box circle-icon-position-top circle-icon-hide-box circle-icon-size-small \">\n\t\t\t\t\t\t\t<div class=\"circle-icon-wrapper\">\n\t\t\t\t\t\t\t\t\t\t<div class=\"circle-icon icon-style-set\" style=\"background-color: #1e73be\">\n\t\t\t\t\t\t<div class=\"fa fa-check-circle-o icon-color-set\" style=\"color: #ffffff\"><\/div>\t\t\t\t\t<\/div>\n\t\t\t\t\t\t\t\t\t<\/div>\n\t\t\t\n\t\t\t\t\t\t<h4 >La mission de la facult\u00e9<\/h4>\t\t\t\n\t\t\t<p class=\"text\" >Acqu\u00e9rir les connaissances d'information, les comp\u00e9tences techniques, la formation et le d\u00e9veloppement de la pens\u00e9e scientifique, de la recherche et de l\u2019information au service de la soci\u00e9t\u00e9 et de la culture humaine tout en pr\u00e9servant le patrimoine culturel et l'ouverture sur autre culture. <\/p>\t\t\t\t\t<\/div>\n\t\t<\/div><\/div><div id=\"pgc-2966-4-2\"  class=\"panel-grid-cell\" ><div id=\"panel-2966-4-2-0\" class=\"so-panel widget widget_circleicon-widget panel-first-child panel-last-child\" data-index=\"8\" >\t\t<div class=\"circle-icon-box circle-icon-position-top circle-icon-hide-box circle-icon-size-small \">\n\t\t\t\t\t\t\t<div class=\"circle-icon-wrapper\">\n\t\t\t\t\t\t\t\t\t\t<div class=\"circle-icon icon-style-set\" style=\"background-color: #1e73be\">\n\t\t\t\t\t\t<div class=\"fa fa-pencil-square-o icon-color-set\" ><\/div>\t\t\t\t\t<\/div>\n\t\t\t\t\t\t\t\t\t<\/div>\n\t\t\t\n\t\t\t\t\t\t<h4 >La vision de la facult\u00e9                                                                                                   <\/h4>\t\t\t\n\t\t\t<p class=\"text\" >La vision de la facult\u00e9 consiste \u00e0 \"La cr\u00e9ation de la diversit\u00e9, la compl\u00e9mentarit\u00e9 dans des sp\u00e9cialit\u00e9s ,des m\u00e9thodes ,des visions ,dans le domaine des m\u00e9dias, perfection et de l' innovation dans le domaine d' enseignement , cherche, services de la soci\u00e9t\u00e9 en particulier  d' Haute \u2013Egypte et de contribuer \u00e0 servir la culture humaine sous le maintien des caract\u00e9ristiques distinctives de sud de l\u2019Egypte en port\u00e9e mondiale .<\/p>\t\t\t\t\t<\/div>\n\t\t<\/div><\/div><\/div><\/div><\/div>","protected":false},"excerpt":{"rendered":"<p>Plus de nouvelles<\/p>\n","protected":false},"author":2,"featured_media":0,"parent":0,"menu_order":0,"comment_status":"closed","ping_status":"closed","template":"home-panels.php","meta":[],"_links":{"self":[{"href":"https:\/\/www.svu.edu.eg\/faculties\/mass\/wp-json\/wp\/v2\/pages\/2966"}],"collection":[{"href":"https:\/\/www.svu.edu.eg\/faculties\/mass\/wp-json\/wp\/v2\/pages"}],"about":[{"href":"https:\/\/www.svu.edu.eg\/faculties\/mass\/wp-json\/wp\/v2\/types\/page"}],"author":[{"embeddable":true,"href":"https:\/\/www.svu.edu.eg\/faculties\/mass\/wp-json\/wp\/v2\/users\/2"}],"replies":[{"embeddable":true,"href":"https:\/\/www.svu.edu.eg\/faculties\/mass\/wp-json\/wp\/v2\/comments?post=2966"}],"version-history":[{"count":15,"href":"https:\/\/www.svu.edu.eg\/faculties\/mass\/wp-json\/wp\/v2\/pages\/2966\/revisions"}],"predecessor-version":[{"id":6643,"href":"https:\/\/www.svu.edu.eg\/faculties\/mass\/wp-json\/wp\/v2\/pages\/2966\/revisions\/6643"}],"wp:attachment":[{"href":"https:\/\/www.svu.edu.eg\/faculties\/mass\/wp-json\/wp\/v2\/media?parent=2966"}],"curies":[{"name":"wp","href":"https:\/\/api.w.org\/{rel}","templated":true}]}}