{"id":10576,"date":"2022-03-14T09:26:33","date_gmt":"2022-03-14T09:26:33","guid":{"rendered":"http:\/\/www.svu.edu.eg\/faculties\/mass\/?page_id=10576"},"modified":"2022-03-14T09:26:39","modified_gmt":"2022-03-14T09:26:39","slug":"objectifs-de-lunite","status":"publish","type":"page","link":"https:\/\/www.svu.edu.eg\/faculties\/mass\/fr\/unite-des-services-electronique\/objectifs-de-lunite\/","title":{"rendered":"Objectifs de l&#8217;Unit\u00e9"},"content":{"rendered":"<p>Am\u00e9lioration du r\u00e9seau d\u2019information interne de la facult\u00e9 :<\/p>\n<p>\u2022 Exploitation et maintenance du r\u00e9seau d\u2019information.<br \/>\n\u2022 Surveiller l\u2019utilisation technique du r\u00e9seau et fournir un soutien technique \u00e0 tous les utilisateurs.<br \/>\n\u2022 R\u00e9aliser l\u2019expansion requise du r\u00e9seau coll\u00e9gial de t\u00e9l\u00e9communications en coordination avec le r\u00e9seau universitaire.<br \/>\n\u2022 Activation de la vid\u00e9oconf\u00e9rence de conf\u00e9rence \u00e0 la facult\u00e9.<\/p>\n<p>Mise \u00e0 niveau et modernisation des infrastructures&nbsp;:<\/p>\n<p>\u2022 Supervision de l\u2019entretien p\u00e9riodique des ordinateurs et de leurs accessoires.<br \/>\n\u2022 \u00c9tudier les lacunes, analyser les d\u00e9faillances et les probl\u00e8mes et trouver des solutions appropri\u00e9es aux syst\u00e8mes informatiques.<br \/>\nPr\u00e9paration de rapports p\u00e9riodiques sur l\u2019\u00e9tat des organes et des laboratoires de la facult\u00e9.<\/p>\n<p>L\u00e9galiser l\u2019\u00e9tat de l\u2019utilisation des syst\u00e8mes d\u2019exploitation, des logiciels et du mat\u00e9riel de protection contre les virus:<\/p>\n<p>\u2022 T\u00e9l\u00e9charger les versions originales du logiciel et des antiviraux.<br \/>\n\u2022 Modernisation des logiciels mat\u00e9riels.<br \/>\n\u2022 Entretien des ordinateurs et des imprimantes ou supervision des contrats de maintenance.<\/p>\n<p>Promouvoir le d\u00e9veloppement du processus \u00e9ducatif en renfor\u00e7ant l\u2019interaction entre les \u00e9tudiants et le corps professoral&nbsp;:<\/p>\n<p>\u2022 Commercialisation de cours \u00e9lectroniques, de conseils techniques et de formation.<br \/>\n\u2022 Formation du personnel enseignant et de ses assistants \u00e0 la collecte de ressources d\u2019apprentissage sur le sujet et \u00e0 la gestion des biblioth\u00e8ques portaelles.<br \/>\n\u2022 Formation des professeurs \u00e0 la gestion des forums d\u2019\u00e9tudiants.<\/p>\n","protected":false},"excerpt":{"rendered":"<p>Am\u00e9lioration du r\u00e9seau d\u2019information interne de la facult\u00e9 : \u2022 Exploitation et maintenance du r\u00e9seau d\u2019information. \u2022 Surveiller l\u2019utilisation technique du r\u00e9seau et fournir un soutien technique \u00e0 tous les [&hellip;]<\/p>\n","protected":false},"author":2,"featured_media":0,"parent":3819,"menu_order":0,"comment_status":"closed","ping_status":"closed","template":"","meta":[],"_links":{"self":[{"href":"https:\/\/www.svu.edu.eg\/faculties\/mass\/wp-json\/wp\/v2\/pages\/10576"}],"collection":[{"href":"https:\/\/www.svu.edu.eg\/faculties\/mass\/wp-json\/wp\/v2\/pages"}],"about":[{"href":"https:\/\/www.svu.edu.eg\/faculties\/mass\/wp-json\/wp\/v2\/types\/page"}],"author":[{"embeddable":true,"href":"https:\/\/www.svu.edu.eg\/faculties\/mass\/wp-json\/wp\/v2\/users\/2"}],"replies":[{"embeddable":true,"href":"https:\/\/www.svu.edu.eg\/faculties\/mass\/wp-json\/wp\/v2\/comments?post=10576"}],"version-history":[{"count":2,"href":"https:\/\/www.svu.edu.eg\/faculties\/mass\/wp-json\/wp\/v2\/pages\/10576\/revisions"}],"predecessor-version":[{"id":10578,"href":"https:\/\/www.svu.edu.eg\/faculties\/mass\/wp-json\/wp\/v2\/pages\/10576\/revisions\/10578"}],"up":[{"embeddable":true,"href":"https:\/\/www.svu.edu.eg\/faculties\/mass\/wp-json\/wp\/v2\/pages\/3819"}],"wp:attachment":[{"href":"https:\/\/www.svu.edu.eg\/faculties\/mass\/wp-json\/wp\/v2\/media?parent=10576"}],"curies":[{"name":"wp","href":"https:\/\/api.w.org\/{rel}","templated":true}]}}