{"id":10573,"date":"2022-03-14T09:21:08","date_gmt":"2022-03-14T09:21:08","guid":{"rendered":"http:\/\/www.svu.edu.eg\/faculties\/mass\/?page_id=10573"},"modified":"2022-03-14T09:21:13","modified_gmt":"2022-03-14T09:21:13","slug":"services-de-lunite","status":"publish","type":"page","link":"https:\/\/www.svu.edu.eg\/faculties\/mass\/fr\/unite-des-services-electronique\/services-de-lunite\/","title":{"rendered":"Services de l&#8217;Unit\u00e9"},"content":{"rendered":"<p><span style=\"font-size: 14pt;\"><strong>Services du site Web&nbsp;:<\/strong><\/span><\/p>\n<p><span style=\"font-size: 14pt;\"><strong>Services de syst\u00e8mes d\u2019information d&#8217;administration :<\/strong><\/span><\/p>\n<p><span style=\"font-size: 14pt;\"><strong>Maintenance et services r\u00e9seau&nbsp;:<\/strong><\/span><\/p>\n<p><span style=\"font-size: 14pt;\"><strong>Services de biblioth\u00e8que num\u00e9rique&nbsp;:<\/strong><\/span><\/p>\n<p><span style=\"font-size: 14pt;\"><strong>Services \u00e9lectroniques d\u2019\u00e9ducation&nbsp;:<\/strong><\/span><\/p>\n","protected":false},"excerpt":{"rendered":"<p>Services du site Web&nbsp;: Services de syst\u00e8mes d\u2019information d&#8217;administration : Maintenance et services r\u00e9seau&nbsp;: Services de biblioth\u00e8que num\u00e9rique&nbsp;: Services \u00e9lectroniques d\u2019\u00e9ducation&nbsp;:<\/p>\n","protected":false},"author":2,"featured_media":0,"parent":3819,"menu_order":0,"comment_status":"closed","ping_status":"closed","template":"","meta":[],"_links":{"self":[{"href":"https:\/\/www.svu.edu.eg\/faculties\/mass\/wp-json\/wp\/v2\/pages\/10573"}],"collection":[{"href":"https:\/\/www.svu.edu.eg\/faculties\/mass\/wp-json\/wp\/v2\/pages"}],"about":[{"href":"https:\/\/www.svu.edu.eg\/faculties\/mass\/wp-json\/wp\/v2\/types\/page"}],"author":[{"embeddable":true,"href":"https:\/\/www.svu.edu.eg\/faculties\/mass\/wp-json\/wp\/v2\/users\/2"}],"replies":[{"embeddable":true,"href":"https:\/\/www.svu.edu.eg\/faculties\/mass\/wp-json\/wp\/v2\/comments?post=10573"}],"version-history":[{"count":2,"href":"https:\/\/www.svu.edu.eg\/faculties\/mass\/wp-json\/wp\/v2\/pages\/10573\/revisions"}],"predecessor-version":[{"id":10575,"href":"https:\/\/www.svu.edu.eg\/faculties\/mass\/wp-json\/wp\/v2\/pages\/10573\/revisions\/10575"}],"up":[{"embeddable":true,"href":"https:\/\/www.svu.edu.eg\/faculties\/mass\/wp-json\/wp\/v2\/pages\/3819"}],"wp:attachment":[{"href":"https:\/\/www.svu.edu.eg\/faculties\/mass\/wp-json\/wp\/v2\/media?parent=10573"}],"curies":[{"name":"wp","href":"https:\/\/api.w.org\/{rel}","templated":true}]}}