{"id":7887,"date":"2020-12-20T08:22:33","date_gmt":"2020-12-20T08:22:33","guid":{"rendered":"http:\/\/www.svu.edu.eg\/faculties\/law\/?page_id=7887"},"modified":"2021-01-21T07:58:50","modified_gmt":"2021-01-21T07:58:50","slug":"bibliotheque","status":"publish","type":"page","link":"https:\/\/www.svu.edu.eg\/faculties\/law\/fr\/bibliotheque\/","title":{"rendered":"Biblioth\u00e8que"},"content":{"rendered":"\n<p style=\"text-align:left\"><strong>Objectifs de la biblioth\u00e8que<\/strong><strong><\/strong><\/p>\n\n\n\n<ol><li>La biblioth\u00e8que sert les \u00e9tudiants en lecture et en\nlecture.<\/li><li>La Biblioth\u00e8que fournit des informations scientifiques\ndans les disciplines n\u00e9cessaires et des informations g\u00e9n\u00e9rales.<\/li><li>Les fr\u00e9quences sont fournies par les chercheurs, les\n\u00e9tudiants et le personnel enseignant de l\u2019\u00e9tranger.<\/li><li>Fourniture de livres et de r\u00e9f\u00e9rences aux colons pour des\nsources scientifiques, des livres et des r\u00e9f\u00e9rences.<\/li><li>La biblioth\u00e8que se connecte \u00e0 Internet et entre dans\nd\u2019autres biblioth\u00e8ques pour leurs connaissances (papier-\u00e9lectronique ) .<\/li><\/ol>\n\n\n\n<p style=\"text-align:left\"><strong>Qui sert<\/strong><strong> :<\/strong><strong><\/strong><\/p>\n\n\n\n<ol><li>Tous les \u00e9tudiants de l\u2019universit\u00e9.<\/li><li>Arriv\u00e9es \u00e0\nl\u2019\u00e9tranger.<\/li><li>Serveurs et chiffons.<\/li><li>Sa facult\u00e9 et ses assistants.<\/li><\/ol>\n\n\n\n<div class=\"wp-block-image\"><figure class=\"aligncenter is-resized\"><img decoding=\"async\" loading=\"lazy\" src=\"http:\/\/www.svu.edu.eg\/faculties\/law\/wp-content\/uploads\/2019\/11\/musa.jpg\" alt=\"\" width=\"226\" height=\"265\"\/><\/figure><\/div>\n\n\n\n<p style=\"text-align:center\">M\/ Ahmed Mohamed Mousa<\/p>\n\n\n\n<div class=\"wp-block-image\"><figure class=\"aligncenter\"><img decoding=\"async\" src=\"http:\/\/www.svu.edu.eg\/faculties\/law\/wp-content\/uploads\/2019\/11\/%D9%85%D8%B5%D8%B7%D9%81%D9%89-1-211x300.jpg\" alt=\"\"\/><\/figure><\/div>\n\n\n\n<p style=\"text-align:center\">M\/ Mostafa Ali Shafaay<\/p>\n\n\n\n<div class=\"wp-block-image\"><figure class=\"aligncenter\"><img decoding=\"async\" src=\"http:\/\/www.svu.edu.eg\/faculties\/law\/wp-content\/uploads\/2019\/11\/%D9%88%D8%AC%D9%8A%D9%87-238x300.jpg\" alt=\"\"\/><\/figure><\/div>\n\n\n\n<p style=\"text-align:center\">M\/ Wageh Fayez Mamlok<\/p>\n\n\n\n<div class=\"wp-block-image\"><figure class=\"aligncenter\"><img decoding=\"async\" src=\"http:\/\/www.svu.edu.eg\/faculties\/law\/wp-content\/uploads\/2019\/11\/%D9%86%D9%8A%D9%81%D9%8A%D9%86-%D9%8A%D9%88%D8%B3%D9%81.jpg\" alt=\"\"\/><\/figure><\/div>\n\n\n\n<p style=\"text-align:center\">M\/ Neveen Yousef Rofael<\/p>\n\n\n\n<div class=\"wp-block-image\"><figure class=\"aligncenter is-resized\"><img decoding=\"async\" loading=\"lazy\" src=\"http:\/\/www.svu.edu.eg\/faculties\/law\/wp-content\/uploads\/2020\/08\/%D9%87%D8%A7%D9%84%D8%A9-%D9%81%D8%AA%D8%AD%D9%8A-%D8%AD%D9%8A%D8%B3%D9%86-%D8%AD%D9%81%D9%86%D9%8A-1.jpg\" alt=\"\" width=\"198\" height=\"256\"\/><\/figure><\/div>\n\n\n\n<p style=\"text-align:center\">M\/ Hala Fathy Hessen Hofny<\/p>\n\n\n\n<div class=\"wp-block-image\"><figure class=\"aligncenter\"><img decoding=\"async\" src=\"http:\/\/www.svu.edu.eg\/faculties\/law\/wp-content\/uploads\/2020\/02\/%D8%B9%D9%81%D8%A7%D9%81-247x300.jpg\" alt=\"\"\/><\/figure><\/div>\n\n\n\n<p style=\"text-align:center\">M\/ Afaf Hassan Mohamed<\/p>\n\n\n\n<div class=\"wp-block-image\"><figure class=\"aligncenter is-resized\"><img decoding=\"async\" loading=\"lazy\" src=\"http:\/\/www.svu.edu.eg\/faculties\/law\/wp-content\/uploads\/2020\/08\/00-8-1.jpg\" alt=\"\" width=\"203\" height=\"293\"\/><\/figure><\/div>\n\n\n\n<p style=\"text-align:center\">M\/\nKaram Mansour Ahmed<\/p>\n","protected":false},"excerpt":{"rendered":"<p>Objectifs de la biblioth\u00e8que La biblioth\u00e8que sert les \u00e9tudiants en lecture et en lecture. La Biblioth\u00e8que fournit des informations scientifiques dans les disciplines n\u00e9cessaires et des informations g\u00e9n\u00e9rales. Les fr\u00e9quences [&hellip;]<\/p>\n","protected":false},"author":2,"featured_media":0,"parent":0,"menu_order":0,"comment_status":"closed","ping_status":"closed","template":"","meta":[],"_links":{"self":[{"href":"https:\/\/www.svu.edu.eg\/faculties\/law\/wp-json\/wp\/v2\/pages\/7887"}],"collection":[{"href":"https:\/\/www.svu.edu.eg\/faculties\/law\/wp-json\/wp\/v2\/pages"}],"about":[{"href":"https:\/\/www.svu.edu.eg\/faculties\/law\/wp-json\/wp\/v2\/types\/page"}],"author":[{"embeddable":true,"href":"https:\/\/www.svu.edu.eg\/faculties\/law\/wp-json\/wp\/v2\/users\/2"}],"replies":[{"embeddable":true,"href":"https:\/\/www.svu.edu.eg\/faculties\/law\/wp-json\/wp\/v2\/comments?post=7887"}],"version-history":[{"count":2,"href":"https:\/\/www.svu.edu.eg\/faculties\/law\/wp-json\/wp\/v2\/pages\/7887\/revisions"}],"predecessor-version":[{"id":8705,"href":"https:\/\/www.svu.edu.eg\/faculties\/law\/wp-json\/wp\/v2\/pages\/7887\/revisions\/8705"}],"wp:attachment":[{"href":"https:\/\/www.svu.edu.eg\/faculties\/law\/wp-json\/wp\/v2\/media?parent=7887"}],"curies":[{"name":"wp","href":"https:\/\/api.w.org\/{rel}","templated":true}]}}