{"id":7878,"date":"2020-12-20T08:16:54","date_gmt":"2020-12-20T08:16:54","guid":{"rendered":"http:\/\/www.svu.edu.eg\/faculties\/law\/?page_id=7878"},"modified":"2021-01-18T10:17:21","modified_gmt":"2021-01-18T10:17:21","slug":"les-etudes-superieurs","status":"publish","type":"page","link":"https:\/\/www.svu.edu.eg\/faculties\/law\/fr\/les-etudes-superieurs\/","title":{"rendered":"Les \u00e9tudes sup\u00e9rieurs"},"content":{"rendered":"\n<p style=\"text-align:left\"><strong>Fonction d&#8217;administration<\/strong><\/p>\n\n\n\n<ol><li>Annonce de la date d\u2019ouverture de la demande\nd\u2019inscription et d\u2019inscription aux \u00e9tudes sup\u00e9rieures au d\u00e9but de chaque\nnouvelle ann\u00e9e scolaire.<\/li><li>Annonce des d\u00e9partements disponibles dans le coll\u00e8ge pour\nles \u00e9tudiants qui souhaitent terminer leurs \u00e9tudes sup\u00e9rieures.<\/li><li>Annonce des dipl\u00f4mes scientifiques disponibles dans les\nd\u00e9partements de la Facult\u00e9 pour ceux qui souhaitent les obtenir.<\/li><li>Le d\u00e9partement re\u00e7oit les demandes et les documents pour\nles \u00e9tudiants qui souhaitent s\u2019inscrire \u00e0 des \u00e9tudes de troisi\u00e8me cycle, sous\nr\u00e9serve d\u2019examen et de conformit\u00e9 avec les r\u00e8glements, les lois et les\nd\u00e9cisions publi\u00e9es par les autorit\u00e9s comp\u00e9tentes.<\/li><li>L\u2019Administration adopte les proc\u00e9dures d\u2019inscription et\nd\u2019inscription des \u00e9tudiants des conseils concern\u00e9s.<\/li><li>Le D\u00e9partement annonce \u00e9galement les horaires des\nconf\u00e9rences par section pour les \u00e9tudiants.<\/li><li>L\u2019Administration doit \u00e9tablir des registres sp\u00e9ciaux pour\nles \u00e9tudiants inscrits, dont le contenu doit \u00eatre enti\u00e8rement en relation avec\nles donn\u00e9es de l\u2019\u00e9tudiant selon les documents pr\u00e9sent\u00e9s lors de l\u2019inscription.<\/li><li>Les \u00e9tudiants des cycles sup\u00e9rieurs sont inform\u00e9s des\nfrais de scolarit\u00e9 \u00e9tablis dans leurs divers dipl\u00f4mes en sciences.<\/li><li>Les cartes universitaires pour les \u00e9tudiants du coll\u00e8ge\nsont extraites.<\/li><li>Les certificats\nd\u2019entr\u00e9e, les affidavits, le contenu scientifique des documents, etc. sont\nextraits pour les \u00e9tudiants inscrits.<\/li><li>Inscrire les\n\u00e9tudiants inscrits sur le site Web de l\u2019Universit\u00e9 dans le cadre du projet du\nSIG.<\/li><li>Les notes sont\npr\u00e9par\u00e9es et \u00e9crites avant d\u2019\u00eatre pr\u00e9sent\u00e9es au conseil coll\u00e9gial pour\npr\u00e9sentation au conseil des \u00e9tudes ou \u00e0 l\u2019universit\u00e9 plus tard.<\/li><li>Toutes les\nmesures ont \u00e9t\u00e9 pr\u00e9par\u00e9es et prises pour la tenue des examens \u00e0 la fin de\nl\u2019ann\u00e9e.<\/li><li>Effectuer les\nd\u00e9marches administratives et les proc\u00e9dures d\u2019inscription pour ceux qui\nsouhaitent obtenir une ma\u00eetrise et un doctorat.<\/li><li>&nbsp;Mener les proc\u00e9dures et les questions\nadministratives n\u00e9cessaires \u00e0 la discussion des lettres scientifiques<\/li><li>&nbsp;&nbsp;L\u2019ach\u00e8vement\ndes \u00e9tapes et des questions administratives des autorit\u00e9s comp\u00e9tentes pour\napprouver l\u2019octroi de dipl\u00f4mes (dipl\u00f4me &#8211; Masters &#8211; PhD) aux \u00e9tudiants.<\/li><\/ol>\n\n\n\n<p style=\"text-align:center\"><strong>Liste des \u00e9tudes sup\u00e9rieures Facult\u00e9 de droit Qena<\/strong><\/p>\n\n\n\n<div class=\"wp-block-image\"><figure class=\"aligncenter\"><img decoding=\"async\" src=\"http:\/\/www.svu.edu.eg\/faculties\/law\/wp-content\/uploads\/2019\/11\/%D9%85%D8%AF%D8%A7%D9%85-%D8%AD%D8%B3%D9%86%D8%A7%D8%A1-3-257x300.jpg\" alt=\"\"\/><\/figure><\/div>\n\n\n\n<p style=\"text-align:center\">M\/ Hasnaa Abo el-magd Hassan<\/p>\n\n\n\n<p style=\"text-align:center\">Directeur<\/p>\n\n\n\n<div class=\"wp-block-image\"><figure class=\"aligncenter\"><img decoding=\"async\" src=\"http:\/\/www.svu.edu.eg\/faculties\/law\/wp-content\/uploads\/2020\/03\/%D9%85%D8%B5%D8%B7%D9%81%D9%89-%D8%A8%D9%87%D8%A7%D8%A1-230x300.jpg\" alt=\"\"\/><\/figure><\/div>\n\n\n\n<p style=\"text-align:center\">M\/ Mostafa Mohamed Abdelrahman Mohamed <\/p>\n\n\n\n<div class=\"wp-block-image\"><figure class=\"aligncenter is-resized\"><img decoding=\"async\" loading=\"lazy\" src=\"http:\/\/www.svu.edu.eg\/faculties\/law\/wp-content\/uploads\/2019\/11\/%D9%85%D8%AD%D9%85%D8%AF-%D9%88%D8%A7%D9%81%D9%89-%D8%A7%D9%84%D9%87%D9%88%D8%A7%D8%B1%D9%89.jpg\" alt=\"\" width=\"187\" height=\"272\"\/><\/figure><\/div>\n\n\n\n<p style=\"text-align:center\">M\/ Mohamed Wafy Ebrahem Hasan<\/p>\n\n\n\n<div class=\"wp-block-image\"><figure class=\"aligncenter\"><img decoding=\"async\" src=\"http:\/\/www.svu.edu.eg\/faculties\/law\/wp-content\/uploads\/2020\/03\/%D9%83%D8%B1%D9%8A%D9%85%D8%A9-%D9%85%D8%AD%D9%85%D8%AF-211x300.jpg\" alt=\"\"\/><\/figure><\/div>\n\n\n\n<p style=\"text-align:center\">M\/ Karema Mohamed Ali<\/p>\n\n\n\n<div class=\"wp-block-image\"><figure class=\"aligncenter\"><img decoding=\"async\" src=\"http:\/\/www.svu.edu.eg\/faculties\/law\/wp-content\/uploads\/2020\/08\/%D8%A7%D9%85%D9%86%D9%8A%D8%A9%D9%85%D8%AD%D9%85%D8%AF-%D9%85%D8%AD%D9%85%D9%88%D8%AF.jpg\" alt=\"\"\/><\/figure><\/div>\n\n\n\n<p style=\"text-align:center\">M\/ Omniya Mohamed Mahmoud<\/p>\n\n\n\n<div class=\"wp-block-image\"><figure class=\"aligncenter\"><img decoding=\"async\" src=\"http:\/\/www.svu.edu.eg\/faculties\/law\/wp-content\/uploads\/2020\/08\/%D8%B2%D9%8A%D9%86%D8%A8-%D9%83%D9%85%D8%A7%D9%84-%D9%85%D8%AD%D9%85%D8%AF-1.jpg\" alt=\"\"\/><\/figure><\/div>\n\n\n\n<p style=\"text-align:center\">M\/ Zenab Kamal Mohamed Mohamed <\/p>\n","protected":false},"excerpt":{"rendered":"<p>Fonction d&#8217;administration Annonce de la date d\u2019ouverture de la demande d\u2019inscription et d\u2019inscription aux \u00e9tudes sup\u00e9rieures au d\u00e9but de chaque nouvelle ann\u00e9e scolaire. Annonce des d\u00e9partements disponibles dans le coll\u00e8ge [&hellip;]<\/p>\n","protected":false},"author":2,"featured_media":0,"parent":0,"menu_order":0,"comment_status":"closed","ping_status":"closed","template":"","meta":[],"_links":{"self":[{"href":"https:\/\/www.svu.edu.eg\/faculties\/law\/wp-json\/wp\/v2\/pages\/7878"}],"collection":[{"href":"https:\/\/www.svu.edu.eg\/faculties\/law\/wp-json\/wp\/v2\/pages"}],"about":[{"href":"https:\/\/www.svu.edu.eg\/faculties\/law\/wp-json\/wp\/v2\/types\/page"}],"author":[{"embeddable":true,"href":"https:\/\/www.svu.edu.eg\/faculties\/law\/wp-json\/wp\/v2\/users\/2"}],"replies":[{"embeddable":true,"href":"https:\/\/www.svu.edu.eg\/faculties\/law\/wp-json\/wp\/v2\/comments?post=7878"}],"version-history":[{"count":2,"href":"https:\/\/www.svu.edu.eg\/faculties\/law\/wp-json\/wp\/v2\/pages\/7878\/revisions"}],"predecessor-version":[{"id":8638,"href":"https:\/\/www.svu.edu.eg\/faculties\/law\/wp-json\/wp\/v2\/pages\/7878\/revisions\/8638"}],"wp:attachment":[{"href":"https:\/\/www.svu.edu.eg\/faculties\/law\/wp-json\/wp\/v2\/media?parent=7878"}],"curies":[{"name":"wp","href":"https:\/\/api.w.org\/{rel}","templated":true}]}}