{"id":7861,"date":"2020-12-20T07:53:38","date_gmt":"2020-12-20T07:53:38","guid":{"rendered":"http:\/\/www.svu.edu.eg\/faculties\/law\/?page_id=7861"},"modified":"2020-12-20T07:53:47","modified_gmt":"2020-12-20T07:53:47","slug":"hauts-responsables","status":"publish","type":"page","link":"https:\/\/www.svu.edu.eg\/faculties\/law\/fr\/hauts-responsables\/","title":{"rendered":"Hauts responsables"},"content":{"rendered":"<p><img decoding=\"async\" loading=\"lazy\" class=\"aligncenter\" src=\"http:\/\/www.svu.edu.eg\/faculties\/law\/wp-content\/uploads\/2020\/10\/%D8%AF-%D8%AF%D9%88%D9%8A%D8%A8.jpg\" width=\"203\" height=\"252\"><\/p>\n<p style=\"text-align: center;\">Dr\/ Doib Hessen Saber Abdel-alem<\/p>\n<p style=\"text-align: center;\">Doyen<\/p>\n<p><img decoding=\"async\" loading=\"lazy\" class=\"aligncenter\" src=\"http:\/\/www.svu.edu.eg\/faculties\/law\/wp-content\/uploads\/2019\/11\/%D8%B9%D8%A8%D8%AF-%D8%A7%D9%84%D8%A8%D8%A7%D8%B1%D9%89-6-221x300.jpg\" width=\"156\" height=\"212\"><\/p>\n<p style=\"text-align: center;\">Dr\/ Abdel-bary Hemdan Selman<\/p>\n<p style=\"text-align: center;\">Vice-doyen des \u00e9tudes sup\u00e9rieures<\/p>\n<p><img decoding=\"async\" loading=\"lazy\" class=\"aligncenter\" src=\"http:\/\/www.svu.edu.eg\/faculties\/law\/wp-content\/uploads\/2020\/07\/%D9%85%D8%AD%D9%85%D8%AF-%D8%B1%D8%B4%D8%AF%D9%89-1-252x300-252x300.jpg\" width=\"184\" height=\"219\"><\/p>\n<p style=\"text-align: center;\">Dr\/ Mohamed Roshdy Ebrahem<\/p>\n<p style=\"text-align: center;\">Vice-doyen de l\u2019\u00e9ducation et des affaires \u00e9tudiantes<\/p>\n<p><img decoding=\"async\" loading=\"lazy\" class=\"aligncenter\" src=\"http:\/\/www.svu.edu.eg\/faculties\/law\/wp-content\/uploads\/2019\/11\/essam-251x300.jpg\" width=\"183\" height=\"218\"><\/p>\n<p style=\"text-align: center;\">M\/ Esam Elakeny Abo Omar<\/p>\n<p style=\"text-align: center;\">Secr\u00e9taire g\u00e9n\u00e9ral<\/p>\n<p style=\"text-align: center;\">\n","protected":false},"excerpt":{"rendered":"<p>Dr\/ Doib Hessen Saber Abdel-alem Doyen Dr\/ Abdel-bary Hemdan Selman Vice-doyen des \u00e9tudes sup\u00e9rieures Dr\/ Mohamed Roshdy Ebrahem Vice-doyen de l\u2019\u00e9ducation et des affaires \u00e9tudiantes M\/ Esam Elakeny Abo Omar [&hellip;]<\/p>\n","protected":false},"author":2,"featured_media":0,"parent":0,"menu_order":0,"comment_status":"closed","ping_status":"closed","template":"","meta":[],"_links":{"self":[{"href":"https:\/\/www.svu.edu.eg\/faculties\/law\/wp-json\/wp\/v2\/pages\/7861"}],"collection":[{"href":"https:\/\/www.svu.edu.eg\/faculties\/law\/wp-json\/wp\/v2\/pages"}],"about":[{"href":"https:\/\/www.svu.edu.eg\/faculties\/law\/wp-json\/wp\/v2\/types\/page"}],"author":[{"embeddable":true,"href":"https:\/\/www.svu.edu.eg\/faculties\/law\/wp-json\/wp\/v2\/users\/2"}],"replies":[{"embeddable":true,"href":"https:\/\/www.svu.edu.eg\/faculties\/law\/wp-json\/wp\/v2\/comments?post=7861"}],"version-history":[{"count":2,"href":"https:\/\/www.svu.edu.eg\/faculties\/law\/wp-json\/wp\/v2\/pages\/7861\/revisions"}],"predecessor-version":[{"id":7863,"href":"https:\/\/www.svu.edu.eg\/faculties\/law\/wp-json\/wp\/v2\/pages\/7861\/revisions\/7863"}],"wp:attachment":[{"href":"https:\/\/www.svu.edu.eg\/faculties\/law\/wp-json\/wp\/v2\/media?parent=7861"}],"curies":[{"name":"wp","href":"https:\/\/api.w.org\/{rel}","templated":true}]}}