{"id":4306,"date":"2020-12-17T09:36:43","date_gmt":"2020-12-17T09:36:43","guid":{"rendered":"http:\/\/www.svu.edu.eg\/faculties\/hu-edu\/?page_id=4306"},"modified":"2022-03-19T09:32:04","modified_gmt":"2022-03-19T09:32:04","slug":"ladministration-daffaires-etudiantes","status":"publish","type":"page","link":"https:\/\/www.svu.edu.eg\/faculties\/hu-edu\/fr\/ladministration-daffaires-etudiantes\/","title":{"rendered":"L&#8217;administration d&#8217;affaires \u00e9tudiantes"},"content":{"rendered":"<p><em><span style=\"font-size: 14pt; font-family: georgia, palatino;\">1- Modifier les formulaires de divulgation m\u00e9dicale pour les \u00e9tudiants.<\/span><\/em><\/p>\n<p><em><span style=\"font-size: 14pt; font-family: georgia, palatino;\">2- D\u00e9livrance des cartes apr\u00e8s que l\u2019\u00e9tudiant a pay\u00e9 les frais.<\/span><\/em><\/p>\n<p><em><span style=\"font-size: 14pt; font-family: georgia, palatino;\">3- Le recrutement des \u00e9tudiants de plus de 18 ans est report\u00e9 jusqu\u2019\u00e0 l\u2019obtention du dipl\u00f4me ou jusqu\u2019\u00e0 l\u2019\u00e2ge de 28 ans.\u00a0<\/span><\/em><\/p>\n<p><em><span style=\"font-size: 14pt; font-family: georgia, palatino;\">4- D\u00e9livrance des certificats du pacte.<\/span><\/em><\/p>\n<p><em><span style=\"font-size: 14pt; font-family: georgia, palatino;\">5-Proc\u00e9dures de versement des bonus.<\/span><\/em><\/p>\n<p><em><span style=\"font-size: 14pt; font-family: georgia, palatino;\">6- Adoption de tous les documents par l\u2019administration protection de la jeunesse(<\/span><\/em><em><span style=\"font-size: 14pt; font-family: georgia, palatino;\">Contributions aux cours de math\u00e9matiques, conversion des \u00e9tudiants \u00e0 l\u2019observation m\u00e9dicale en pr\u00e9paration \u00e0 la conversion ou \u00e0 l\u2019adoption de l\u2019excuse du patient).<\/span><\/em><\/p>\n<p><em><span style=\"font-size: 14pt; font-family: georgia, palatino;\">7- Recevoir les candidatures des dipl\u00f4m\u00e9s de la campagne des qualifications sup\u00e9rieures qui souhaitent s\u2019inscrire.<\/span><\/em><\/p>\n<p><em><span style=\"font-size: 14pt; font-family: georgia, palatino;\">8- Recevoir les demandes des \u00e9tudiants dipl\u00f4m\u00e9s rejet\u00e9es par d\u2019autres coll\u00e8ges et examiner le total.<\/span><\/em><\/p>\n<p><em><span style=\"font-size: 14pt; font-family: georgia, palatino;\">9- Recevoir et transf\u00e9rer les demandes des personnes handicap\u00e9es au personnel m\u00e9dical pour d\u00e9terminer leur statut.<\/span><\/em><\/p>\n<p><em><span style=\"font-size: 14pt; font-family: georgia, palatino;\">10- Travail d\u2019examen.<\/span><\/em><\/p>\n<p><em><span style=\"font-size: 14pt; font-family: georgia, palatino;\">12- Lib\u00e9ralisation des brevets des dipl\u00f4m\u00e9s.<\/span><\/em><\/p>\n<p><em><span style=\"font-size: 14pt; font-family: georgia, palatino;\">13- D\u00e9livrance des certificats provisoires.<\/span><\/em><\/p>\n<p><em><span style=\"font-size: 14pt; font-family: georgia, palatino;\">14- D\u00e9livrance du certificat d\u2019\u00e9valuation dans les ann\u00e9es d\u2019\u00e9tudes \u00e0 la facult\u00e9.<\/span><\/em><\/p>\n<p><em><span style=\"font-size: 14pt; font-family: georgia, palatino;\">15- Remettre les dossiers des \u00e9tudiants dipl\u00f4m\u00e9s apr\u00e8s s\u2019\u00eatre assur\u00e9 que leur parti.<\/span><\/em><\/p>\n","protected":false},"excerpt":{"rendered":"<p>1- Modifier les formulaires de divulgation m\u00e9dicale pour les \u00e9tudiants. 2- D\u00e9livrance des cartes apr\u00e8s que l\u2019\u00e9tudiant a pay\u00e9 les frais. 3- Le recrutement des \u00e9tudiants de plus de 18 [&hellip;]<\/p>\n","protected":false},"author":6,"featured_media":0,"parent":0,"menu_order":0,"comment_status":"closed","ping_status":"closed","template":"","meta":{"_monsterinsights_skip_tracking":false,"_monsterinsights_sitenote_active":false,"_monsterinsights_sitenote_note":"","_monsterinsights_sitenote_category":0},"_links":{"self":[{"href":"https:\/\/www.svu.edu.eg\/faculties\/hu-edu\/wp-json\/wp\/v2\/pages\/4306"}],"collection":[{"href":"https:\/\/www.svu.edu.eg\/faculties\/hu-edu\/wp-json\/wp\/v2\/pages"}],"about":[{"href":"https:\/\/www.svu.edu.eg\/faculties\/hu-edu\/wp-json\/wp\/v2\/types\/page"}],"author":[{"embeddable":true,"href":"https:\/\/www.svu.edu.eg\/faculties\/hu-edu\/wp-json\/wp\/v2\/users\/6"}],"replies":[{"embeddable":true,"href":"https:\/\/www.svu.edu.eg\/faculties\/hu-edu\/wp-json\/wp\/v2\/comments?post=4306"}],"version-history":[{"count":9,"href":"https:\/\/www.svu.edu.eg\/faculties\/hu-edu\/wp-json\/wp\/v2\/pages\/4306\/revisions"}],"predecessor-version":[{"id":7816,"href":"https:\/\/www.svu.edu.eg\/faculties\/hu-edu\/wp-json\/wp\/v2\/pages\/4306\/revisions\/7816"}],"wp:attachment":[{"href":"https:\/\/www.svu.edu.eg\/faculties\/hu-edu\/wp-json\/wp\/v2\/media?parent=4306"}],"curies":[{"name":"wp","href":"https:\/\/api.w.org\/{rel}","templated":true}]}}