{"id":11604,"date":"2023-04-26T08:43:08","date_gmt":"2023-04-26T08:43:08","guid":{"rendered":"http:\/\/www.svu.edu.eg\/faculties\/hu-edu\/?page_id=11604"},"modified":"2023-05-01T08:52:00","modified_gmt":"2023-05-01T08:52:00","slug":"la-deuxieme-conference-pour-les-jeunes-chercheurs-a-la-faculte-22-23-mai-2023","status":"publish","type":"page","link":"https:\/\/www.svu.edu.eg\/faculties\/hu-edu\/fr\/la-deuxieme-conference-pour-les-jeunes-chercheurs-a-la-faculte-22-23-mai-2023\/","title":{"rendered":"La deuxi\u00e8me conf\u00e9rence pour les jeunes chercheurs \u00e0 la Facult\u00e9 (22-23 mai 2023)"},"content":{"rendered":"<p><span style=\"font-family: georgia, palatino;\"><em>La date limite pour t\u00e9l\u00e9charger le r\u00e9sum\u00e9 de recherche est le 29 avril.<\/em><\/span><br \/>\n<span style=\"font-family: georgia, palatino;\"><em>La date limite pour soumettre la recherche compl\u00e8te ou le document de travail complet est le 10 mai 2023.<\/em><\/span><\/p>\n<div class=\"x11i5rnm xat24cr x1mh8g0r x1vvkbs xtlvy1s x126k92a\">\n<div dir=\"auto\"><strong><a class=\"x1i10hfl xjbqb8w x6umtig x1b1mbwd xaqea5y xav7gou x9f619 x1ypdohk xt0psk2 xe8uvvx xdj266r x11i5rnm xat24cr x1mh8g0r xexx8yu x4uap5 x18d9i69 xkhd6sd x16tdsg8 x1hl2dhg xggy1nq x1a2a7pz xt0b8zv x1fey0fg\" tabindex=\"0\" role=\"link\" href=\"https:\/\/surveyheart.com\/form\/64325b645595c3081d2835d0?fbclid=IwAR0PYmQ-eZYMGLZ5I8ZbsNP0kXC214A0YKkJaNM5ieqanJo9EoUAblOjU2E\" target=\"_blank\" rel=\"nofollow noopener noreferrer\">https:\/\/surveyheart.com\/form\/64325b645595c3081d2835d0<\/a><\/strong><\/div>\n<\/div>\n<div class=\"x11i5rnm xat24cr x1mh8g0r x1vvkbs xtlvy1s x126k92a\">\n<div dir=\"auto\"><strong><a class=\"x1i10hfl xjbqb8w x6umtig x1b1mbwd xaqea5y xav7gou x9f619 x1ypdohk xt0psk2 xe8uvvx xdj266r x11i5rnm xat24cr x1mh8g0r xexx8yu x4uap5 x18d9i69 xkhd6sd x16tdsg8 x1hl2dhg xggy1nq x1a2a7pz xt0b8zv x1fey0fg\" tabindex=\"0\" role=\"link\" href=\"https:\/\/surveyheart.com\/form\/64325f42d24ba707b9b6c096?fbclid=IwAR1FKWQm5Ggixvy5Np1SUdftyvpAde9uNDWc17tWGTLpy8XueGtm5zYZ6dM\" target=\"_blank\" rel=\"nofollow noopener noreferrer\">https:\/\/surveyheart.com\/form\/64325f42d24ba707b9b6c096<\/a><\/strong><\/div>\n<\/div>\n<p><img decoding=\"async\" src=\"http:\/\/www.svu.edu.eg\/faculties\/hu-edu\/wp-content\/uploads\/2023\/04\/341465134_1285491482037811_1007208558896362950_n-1-1024x725.jpg\" \/><\/p>\n","protected":false},"excerpt":{"rendered":"<p>La date limite pour t\u00e9l\u00e9charger le r\u00e9sum\u00e9 de recherche est le 29 avril. La date limite pour soumettre la recherche compl\u00e8te ou le document de travail complet est le 10 [&hellip;]<\/p>\n","protected":false},"author":2,"featured_media":0,"parent":0,"menu_order":0,"comment_status":"closed","ping_status":"closed","template":"","meta":{"_monsterinsights_skip_tracking":false,"_monsterinsights_sitenote_active":false,"_monsterinsights_sitenote_note":"","_monsterinsights_sitenote_category":0},"_links":{"self":[{"href":"https:\/\/www.svu.edu.eg\/faculties\/hu-edu\/wp-json\/wp\/v2\/pages\/11604"}],"collection":[{"href":"https:\/\/www.svu.edu.eg\/faculties\/hu-edu\/wp-json\/wp\/v2\/pages"}],"about":[{"href":"https:\/\/www.svu.edu.eg\/faculties\/hu-edu\/wp-json\/wp\/v2\/types\/page"}],"author":[{"embeddable":true,"href":"https:\/\/www.svu.edu.eg\/faculties\/hu-edu\/wp-json\/wp\/v2\/users\/2"}],"replies":[{"embeddable":true,"href":"https:\/\/www.svu.edu.eg\/faculties\/hu-edu\/wp-json\/wp\/v2\/comments?post=11604"}],"version-history":[{"count":3,"href":"https:\/\/www.svu.edu.eg\/faculties\/hu-edu\/wp-json\/wp\/v2\/pages\/11604\/revisions"}],"predecessor-version":[{"id":11607,"href":"https:\/\/www.svu.edu.eg\/faculties\/hu-edu\/wp-json\/wp\/v2\/pages\/11604\/revisions\/11607"}],"wp:attachment":[{"href":"https:\/\/www.svu.edu.eg\/faculties\/hu-edu\/wp-json\/wp\/v2\/media?parent=11604"}],"curies":[{"name":"wp","href":"https:\/\/api.w.org\/{rel}","templated":true}]}}