{"id":3195,"date":"2020-12-21T10:46:12","date_gmt":"2020-12-21T10:46:12","guid":{"rendered":"http:\/\/www.svu.edu.eg\/faculties\/fci\/?page_id=3195"},"modified":"2021-01-18T07:42:15","modified_gmt":"2021-01-18T07:42:15","slug":"les-entrepots","status":"publish","type":"page","link":"https:\/\/www.svu.edu.eg\/faculties\/fci\/fr\/les-entrepots\/","title":{"rendered":"Les entrep\u00f4ts"},"content":{"rendered":"\n<p style=\"text-align:left\"><strong>Fonction d&#8217;administration<\/strong><\/p>\n\n\n\n<ul><li>Responsable de\nl\u2019entretien et de la maintenance des stocks dans les limites requises.<\/li><li>G\u00e9rer\nl\u2019inventaire de fa\u00e7on moderne avec des pr\u00e9occupations g\u00e9n\u00e9rales en mati\u00e8re de\ns\u00e9curit\u00e9 pour le personnel et l\u2019inventaire.<\/li><li>Suivi de\nl\u2019\u00e9volution de la Fondation en coordination avec d\u2019autres services pour\nl\u2019approvisionnement en stock.<\/li><\/ul>\n\n\n\n<p style=\"text-align:left\"><strong>Les membres d&#8217;administration <\/strong><\/p>\n\n\n\n<p style=\"text-align:left\">Nom : Ahmed Salah Mohamed Ahmed<\/p>\n\n\n\n<p style=\"text-align:left\">Fonction : Entrep\u00f4ts<\/p>\n\n\n\n<p style=\"text-align:left\">Degr\u00e9 :Troisi\u00e8me <\/p>\n\n\n\n<p style=\"text-align:left\">Fonction : Technicien<\/p>\n\n\n\n<p style=\"text-align:left\">  &#8212;&#8212;&#8212;&#8212;&#8212;&#8212;&#8212;&#8212;&#8212;&#8212;&#8212;&#8212;&#8212;&#8212;&#8212;&#8212;&#8212;&#8212;&#8212;&#8212;&#8212;&#8212;&#8212;&#8212;&#8212;-<\/p>\n\n\n\n<p style=\"text-align:left\">Nom : Mahmoud Mobark Ata-allah <\/p>\n\n\n\n<p style=\"text-align:left\">Fonction : R\u00e9dacteur <\/p>\n\n\n\n<p style=\"text-align:left\">Degr\u00e9 : Quatri\u00e8me <\/p>\n\n\n\n<p style=\"text-align:left\">Fonction : Technicien<\/p>\n","protected":false},"excerpt":{"rendered":"<p>Fonction d&#8217;administration Responsable de l\u2019entretien et de la maintenance des stocks dans les limites requises. G\u00e9rer l\u2019inventaire de fa\u00e7on moderne avec des pr\u00e9occupations g\u00e9n\u00e9rales en mati\u00e8re de s\u00e9curit\u00e9 pour le [&hellip;]<\/p>\n","protected":false},"author":2,"featured_media":0,"parent":0,"menu_order":0,"comment_status":"closed","ping_status":"closed","template":"","meta":[],"_links":{"self":[{"href":"https:\/\/www.svu.edu.eg\/faculties\/fci\/wp-json\/wp\/v2\/pages\/3195"}],"collection":[{"href":"https:\/\/www.svu.edu.eg\/faculties\/fci\/wp-json\/wp\/v2\/pages"}],"about":[{"href":"https:\/\/www.svu.edu.eg\/faculties\/fci\/wp-json\/wp\/v2\/types\/page"}],"author":[{"embeddable":true,"href":"https:\/\/www.svu.edu.eg\/faculties\/fci\/wp-json\/wp\/v2\/users\/2"}],"replies":[{"embeddable":true,"href":"https:\/\/www.svu.edu.eg\/faculties\/fci\/wp-json\/wp\/v2\/comments?post=3195"}],"version-history":[{"count":2,"href":"https:\/\/www.svu.edu.eg\/faculties\/fci\/wp-json\/wp\/v2\/pages\/3195\/revisions"}],"predecessor-version":[{"id":3928,"href":"https:\/\/www.svu.edu.eg\/faculties\/fci\/wp-json\/wp\/v2\/pages\/3195\/revisions\/3928"}],"wp:attachment":[{"href":"https:\/\/www.svu.edu.eg\/faculties\/fci\/wp-json\/wp\/v2\/media?parent=3195"}],"curies":[{"name":"wp","href":"https:\/\/api.w.org\/{rel}","templated":true}]}}