{"id":3192,"date":"2020-12-21T10:45:04","date_gmt":"2020-12-21T10:45:04","guid":{"rendered":"http:\/\/www.svu.edu.eg\/faculties\/fci\/?page_id=3192"},"modified":"2021-01-18T07:29:20","modified_gmt":"2021-01-18T07:29:20","slug":"les-affaires-publiques","status":"publish","type":"page","link":"https:\/\/www.svu.edu.eg\/faculties\/fci\/fr\/les-affaires-publiques\/","title":{"rendered":"Les affaires publiques"},"content":{"rendered":"\n<p style=\"text-align:left\"><strong>Fonction d&#8217;administration<\/strong><\/p>\n\n\n\n<ul><li>La direction\ntravaille \u00e0 am\u00e9liorer le fonctionnement et la maintenance, y compris la\ns\u00e9curit\u00e9 et la s\u00e9curit\u00e9 .<\/li><li>\u00e9galement\nnettoyer et entretenir les \u00e9quipements et \u00e9quipements universitaires De\nl\u2019\u00e9lectricit\u00e9, l\u2019adaptation et les meubles modernes et anciens.<\/li><li>La qu\u00eate\nd\u2019am\u00e9lioration Services fournis dans le cadre des activit\u00e9s de l\u2019Ordre comme la\nr\u00e9ception, l\u2019adieu et l\u2019accompagnement Et r\u00e9ception du courrier .<\/li><li>Entretenir les\ninstallations universitaires et les installations de l\u2019endroit o\u00f9 l\u2019entretien\nr\u00e9gulier et d\u2019urgence .<\/li><\/ul>\n\n\n\n<p style=\"text-align:left\"><strong>Les membres d&#8217;administration <\/strong><\/p>\n\n\n\n<p style=\"text-align:left\">Nom : Qorashy Galal Ebrahem Ali<\/p>\n\n\n\n<p style=\"text-align:left\">Fonction : Associ\u00e9<\/p>\n\n\n\n<p style=\"text-align:left\">Degr\u00e9 : Premier <\/p>\n\n\n\n<p style=\"text-align:left\">Fonction : R\u00e9dacteur<\/p>\n\n\n\n<hr class=\"wp-block-separator\"\/>\n\n\n\n<p style=\"text-align:left\">Nom : Bataa Abo elwafaa Hassan Ahmed <\/p>\n\n\n\n<p style=\"text-align:left\">Fonction : Associ\u00e9<\/p>\n\n\n\n<p style=\"text-align:left\">Degr\u00e9 : Premier <\/p>\n\n\n\n<p style=\"text-align:left\">Fonction : Associ\u00e9<\/p>\n","protected":false},"excerpt":{"rendered":"<p>Fonction d&#8217;administration La direction travaille \u00e0 am\u00e9liorer le fonctionnement et la maintenance, y compris la s\u00e9curit\u00e9 et la s\u00e9curit\u00e9 . \u00e9galement nettoyer et entretenir les \u00e9quipements et \u00e9quipements universitaires De [&hellip;]<\/p>\n","protected":false},"author":2,"featured_media":0,"parent":0,"menu_order":0,"comment_status":"closed","ping_status":"closed","template":"","meta":[],"_links":{"self":[{"href":"https:\/\/www.svu.edu.eg\/faculties\/fci\/wp-json\/wp\/v2\/pages\/3192"}],"collection":[{"href":"https:\/\/www.svu.edu.eg\/faculties\/fci\/wp-json\/wp\/v2\/pages"}],"about":[{"href":"https:\/\/www.svu.edu.eg\/faculties\/fci\/wp-json\/wp\/v2\/types\/page"}],"author":[{"embeddable":true,"href":"https:\/\/www.svu.edu.eg\/faculties\/fci\/wp-json\/wp\/v2\/users\/2"}],"replies":[{"embeddable":true,"href":"https:\/\/www.svu.edu.eg\/faculties\/fci\/wp-json\/wp\/v2\/comments?post=3192"}],"version-history":[{"count":2,"href":"https:\/\/www.svu.edu.eg\/faculties\/fci\/wp-json\/wp\/v2\/pages\/3192\/revisions"}],"predecessor-version":[{"id":3927,"href":"https:\/\/www.svu.edu.eg\/faculties\/fci\/wp-json\/wp\/v2\/pages\/3192\/revisions\/3927"}],"wp:attachment":[{"href":"https:\/\/www.svu.edu.eg\/faculties\/fci\/wp-json\/wp\/v2\/media?parent=3192"}],"curies":[{"name":"wp","href":"https:\/\/api.w.org\/{rel}","templated":true}]}}