{"id":3188,"date":"2020-12-21T10:43:38","date_gmt":"2020-12-21T10:43:38","guid":{"rendered":"http:\/\/www.svu.edu.eg\/faculties\/fci\/?page_id=3188"},"modified":"2021-01-18T07:16:24","modified_gmt":"2021-01-18T07:16:24","slug":"les-laboratoires","status":"publish","type":"page","link":"https:\/\/www.svu.edu.eg\/faculties\/fci\/fr\/les-laboratoires\/","title":{"rendered":"Les laboratoires"},"content":{"rendered":"\n<p style=\"text-align:left\"><strong>Fonction d&#8217;administration<\/strong><\/p>\n\n\n\n<ul><li>Pr\u00e9paration et\n\u00e9quipement des laboratoires en fonction des besoins du processus d\u2019\u00e9tude.<\/li><li>Supervision des\nlaboratoires et des appareils \u00e9lectroniques et suivi du processus scientifique\nen laboratoire.<\/li><li>Faciliter et\nfaciliter les travaux de laboratoire gr\u00e2ce \u00e0 la remise \u00e0 neuf, au remplacement\net \u00e0 l\u2019entretien des installations et de l\u2019\u00e9quipement.<\/li><li>Informer la\nhaute direction de tout ce qui est n\u00e9cessaire pour traiter et am\u00e9liorer le\nrendement du laboratoire conform\u00e9ment aux exigences du processus scolaire.<\/li><\/ul>\n\n\n\n<p style=\"text-align:left\"><strong>Les membres d&#8217;administration <\/strong><\/p>\n\n\n\n<p style=\"text-align:left\">Nom : Mohamed Mobarak Hagan Mahmoud<\/p>\n\n\n\n<p style=\"text-align:left\">Fonction : Directeur<\/p>\n\n\n\n<p style=\"text-align:left\">Dipl\u00f4me : licence \u00e8s lettres <\/p>\n\n\n\n<p style=\"text-align:left\">Fonction\n: Sp\u00e9cialiste<\/p>\n\n\n\n<hr class=\"wp-block-separator\"\/>\n\n\n\n<p style=\"text-align:left\">Nom : Ahmed Raay Ali Moawad<\/p>\n\n\n\n<p style=\"text-align:left\">Fonction : Secr\u00e9taire<\/p>\n\n\n\n<p style=\"text-align:left\">Degr\u00e9 : Troisi\u00e8me <\/p>\n\n\n\n<p style=\"text-align:left\">Fonction : Technicien <\/p>\n","protected":false},"excerpt":{"rendered":"<p>Fonction d&#8217;administration Pr\u00e9paration et \u00e9quipement des laboratoires en fonction des besoins du processus d\u2019\u00e9tude. Supervision des laboratoires et des appareils \u00e9lectroniques et suivi du processus scientifique en laboratoire. Faciliter et [&hellip;]<\/p>\n","protected":false},"author":2,"featured_media":0,"parent":0,"menu_order":0,"comment_status":"closed","ping_status":"closed","template":"","meta":[],"_links":{"self":[{"href":"https:\/\/www.svu.edu.eg\/faculties\/fci\/wp-json\/wp\/v2\/pages\/3188"}],"collection":[{"href":"https:\/\/www.svu.edu.eg\/faculties\/fci\/wp-json\/wp\/v2\/pages"}],"about":[{"href":"https:\/\/www.svu.edu.eg\/faculties\/fci\/wp-json\/wp\/v2\/types\/page"}],"author":[{"embeddable":true,"href":"https:\/\/www.svu.edu.eg\/faculties\/fci\/wp-json\/wp\/v2\/users\/2"}],"replies":[{"embeddable":true,"href":"https:\/\/www.svu.edu.eg\/faculties\/fci\/wp-json\/wp\/v2\/comments?post=3188"}],"version-history":[{"count":4,"href":"https:\/\/www.svu.edu.eg\/faculties\/fci\/wp-json\/wp\/v2\/pages\/3188\/revisions"}],"predecessor-version":[{"id":3926,"href":"https:\/\/www.svu.edu.eg\/faculties\/fci\/wp-json\/wp\/v2\/pages\/3188\/revisions\/3926"}],"wp:attachment":[{"href":"https:\/\/www.svu.edu.eg\/faculties\/fci\/wp-json\/wp\/v2\/media?parent=3188"}],"curies":[{"name":"wp","href":"https:\/\/api.w.org\/{rel}","templated":true}]}}