{"id":3182,"date":"2020-12-21T10:42:08","date_gmt":"2020-12-21T10:42:08","guid":{"rendered":"http:\/\/www.svu.edu.eg\/faculties\/fci\/?page_id=3182"},"modified":"2021-01-17T08:25:34","modified_gmt":"2021-01-17T08:25:34","slug":"les-achats","status":"publish","type":"page","link":"https:\/\/www.svu.edu.eg\/faculties\/fci\/fr\/les-achats\/","title":{"rendered":"Les achats"},"content":{"rendered":"\n<p style=\"text-align:left\"><strong>Fonctions d&#8217;administration <\/strong><\/p>\n\n\n\n<ul><li>Surveiller les commandes et poursuivre la conversion en bons de commande.<\/li><\/ul>\n\n\n\n<ul><li>Les repr\u00e9sentants des march\u00e9s publics devraient suivre la demande de soumissions en fonction des sp\u00e9cifications et des quantit\u00e9s.<\/li><\/ul>\n\n\n\n<ul><li>Mener des n\u00e9gociations et des achats de mani\u00e8re efficace en termes de prix, de qualit\u00e9, de calendrier d\u2019approvisionnement, de conditions de paiement, de service et, dans certains cas, d\u2019ex\u00e9cution.<\/li><\/ul>\n\n\n\n<ul><li>Supervision directe du rendement, du d\u00e9veloppement, de l\u2019aide et de la collaboration des repr\u00e9sentants de l\u2019approvisionnement dans certains r\u00f4les d\u2019approvisionnement.<\/li><\/ul>\n\n\n\n<ul><li>les repr\u00e9sentants de l\u2019approvisionnement pour faire le suivi de l\u2019approvisionnement aupr\u00e8s des fournisseurs, prendre les mesures appropri\u00e9es en cas de modification des calendriers d\u2019approvisionnement, surveiller l\u2019entr\u00e9e des documents re\u00e7us, faire le suivi de la fermeture des bons de commande ouverts et r\u00e9soudre les probl\u00e8mes connexes avec d\u2019autres minist\u00e8res.<\/li><\/ul>\n\n\n\n<ul><li>Contr\u00f4ler les repr\u00e9sentants de l\u2019approvisionnement dans l\u2019ex\u00e9cution des t\u00e2ches requises \u00e0 temps pour atteindre les objectifs d\u2019approvisionnement.<\/li><\/ul>\n\n\n\n<ul><li>Surveiller attentivement l\u2019ex\u00e9cution des proc\u00e9dures d\u2019approvisionnement par les repr\u00e9sentants en approvisionnement et veiller \u00e0 ce que les documents requis pour le processus d\u2019approvisionnement soient compl\u00e9t\u00e9s, correctement tenus \u00e0 jour et que des copies soient distribu\u00e9es aux personnes concern\u00e9es par d\u2019autres minist\u00e8res.<\/li><\/ul>\n\n\n\n<ul><li>Participation \u00e0 la modernisation des limites sup\u00e9rieure et inf\u00e9rieure, des limites de la demande et de la p\u00e9riode d\u2019approvisionnement des articles en fonction des taux de consommation.<\/li><\/ul>\n\n\n\n<ul><li>Participer \u00e0 l\u2019\u00e9valuation, au d\u00e9veloppement et \u00e0 la r\u00e9solution des probl\u00e8mes des fournisseurs avec son responsable direct.<\/li><\/ul>\n\n\n\n<ul><li>Participer \u00e0 la recherche de nouveaux fournisseurs ou d\u2019une alternative aux mat\u00e9riaux utilis\u00e9s par l\u2019organisation.<\/li><\/ul>\n\n\n\n<ul><li>Pr\u00e9parer des rapports mensuels sur l\u2019\u00e9tat des bons de commande et des bons de commande.<\/li><\/ul>\n\n\n\n<p style=\"text-align:left\"><strong>Les membres d&#8217;administration<\/strong><\/p>\n\n\n\n<p style=\"text-align:left\">&nbsp;Nom : Abo El-hamd Maghraby Mahmaden Garfy<\/p>\n\n\n\n<p style=\"text-align:left\">Fonction : Affaires \u00e9tudiantes<\/p>\n\n\n\n<p style=\"text-align:left\">Degr\u00e9 : Deuxi\u00e8me\n(A)<\/p>\n\n\n\n<p style=\"text-align:left\">&nbsp;Fonction : Sp\u00e9cialiste <\/p>\n","protected":false},"excerpt":{"rendered":"<p>Fonctions d&#8217;administration Surveiller les commandes et poursuivre la conversion en bons de commande. Les repr\u00e9sentants des march\u00e9s publics devraient suivre la demande de soumissions en fonction des sp\u00e9cifications et des [&hellip;]<\/p>\n","protected":false},"author":2,"featured_media":0,"parent":0,"menu_order":0,"comment_status":"closed","ping_status":"closed","template":"","meta":[],"_links":{"self":[{"href":"https:\/\/www.svu.edu.eg\/faculties\/fci\/wp-json\/wp\/v2\/pages\/3182"}],"collection":[{"href":"https:\/\/www.svu.edu.eg\/faculties\/fci\/wp-json\/wp\/v2\/pages"}],"about":[{"href":"https:\/\/www.svu.edu.eg\/faculties\/fci\/wp-json\/wp\/v2\/types\/page"}],"author":[{"embeddable":true,"href":"https:\/\/www.svu.edu.eg\/faculties\/fci\/wp-json\/wp\/v2\/users\/2"}],"replies":[{"embeddable":true,"href":"https:\/\/www.svu.edu.eg\/faculties\/fci\/wp-json\/wp\/v2\/comments?post=3182"}],"version-history":[{"count":3,"href":"https:\/\/www.svu.edu.eg\/faculties\/fci\/wp-json\/wp\/v2\/pages\/3182\/revisions"}],"predecessor-version":[{"id":3899,"href":"https:\/\/www.svu.edu.eg\/faculties\/fci\/wp-json\/wp\/v2\/pages\/3182\/revisions\/3899"}],"wp:attachment":[{"href":"https:\/\/www.svu.edu.eg\/faculties\/fci\/wp-json\/wp\/v2\/media?parent=3182"}],"curies":[{"name":"wp","href":"https:\/\/api.w.org\/{rel}","templated":true}]}}