{"id":3178,"date":"2020-12-21T10:40:36","date_gmt":"2020-12-21T10:40:36","guid":{"rendered":"http:\/\/www.svu.edu.eg\/faculties\/fci\/?page_id=3178"},"modified":"2021-01-17T07:53:42","modified_gmt":"2021-01-17T07:53:42","slug":"la-bibliotheque","status":"publish","type":"page","link":"https:\/\/www.svu.edu.eg\/faculties\/fci\/fr\/la-bibliotheque\/","title":{"rendered":"La biblioth\u00e8que"},"content":{"rendered":"\n<p style=\"text-align:left\"><strong>Fonctions de la biblioth\u00e8que<\/strong><\/p>\n\n\n\n<ul><li>La biblioth\u00e8que est desservie par des \u00e9tudiants en\nlecture et en lecture.<\/li><li>La Biblioth\u00e8que fournit des informations scientifiques dans les disciplines n\u00e9cessaires- et fournit des informations g\u00e9n\u00e9rales.<\/li><\/ul>\n\n\n\n<ul><li>Des universitaires h\u00e9sitants, des \u00e9tudiants et des membres du corps professoral de l\u2019\u00e9tranger servent.<\/li><\/ul>\n\n\n\n<p style=\"text-align:left\"><strong>Qui sert<\/strong><\/p>\n\n\n\n<ol><li>Tous les \u00e9tudiants de l\u2019universit\u00e9.<\/li><li>Arriv\u00e9es de l\u2019\u00e9tranger.<\/li><li>H\u00e9sitateurs et pseters .<\/li><li>Les membres de son personnel enseignant et leurs assistants.<\/li><\/ol>\n\n\n\n<p style=\"text-align:left\"><strong>Les membres d&#8217;administration <\/strong><\/p>\n\n\n\n<p style=\"text-align:left\">Nom : Amr Bahaa\nKaram<\/p>\n\n\n\n<p style=\"text-align:left\">Fonction :\nDirecteur<\/p>\n\n\n\n<p style=\"text-align:left\">Dipl\u00f4me : Licence\n\u00e8s lettres<\/p>\n\n\n\n<p style=\"text-align:left\">Degr\u00e9 : Deuxi\u00e8me\n( A )<\/p>\n\n\n\n<p style=\"text-align:left\">Fonction : Documents\net biblioth\u00e8ques<\/p>\n","protected":false},"excerpt":{"rendered":"<p>Fonctions de la biblioth\u00e8que La biblioth\u00e8que est desservie par des \u00e9tudiants en lecture et en lecture. La Biblioth\u00e8que fournit des informations scientifiques dans les disciplines n\u00e9cessaires- et fournit des informations [&hellip;]<\/p>\n","protected":false},"author":2,"featured_media":0,"parent":0,"menu_order":0,"comment_status":"closed","ping_status":"closed","template":"","meta":[],"_links":{"self":[{"href":"https:\/\/www.svu.edu.eg\/faculties\/fci\/wp-json\/wp\/v2\/pages\/3178"}],"collection":[{"href":"https:\/\/www.svu.edu.eg\/faculties\/fci\/wp-json\/wp\/v2\/pages"}],"about":[{"href":"https:\/\/www.svu.edu.eg\/faculties\/fci\/wp-json\/wp\/v2\/types\/page"}],"author":[{"embeddable":true,"href":"https:\/\/www.svu.edu.eg\/faculties\/fci\/wp-json\/wp\/v2\/users\/2"}],"replies":[{"embeddable":true,"href":"https:\/\/www.svu.edu.eg\/faculties\/fci\/wp-json\/wp\/v2\/comments?post=3178"}],"version-history":[{"count":3,"href":"https:\/\/www.svu.edu.eg\/faculties\/fci\/wp-json\/wp\/v2\/pages\/3178\/revisions"}],"predecessor-version":[{"id":3864,"href":"https:\/\/www.svu.edu.eg\/faculties\/fci\/wp-json\/wp\/v2\/pages\/3178\/revisions\/3864"}],"wp:attachment":[{"href":"https:\/\/www.svu.edu.eg\/faculties\/fci\/wp-json\/wp\/v2\/media?parent=3178"}],"curies":[{"name":"wp","href":"https:\/\/api.w.org\/{rel}","templated":true}]}}