{"id":3174,"date":"2020-12-21T10:39:18","date_gmt":"2020-12-21T10:39:18","guid":{"rendered":"http:\/\/www.svu.edu.eg\/faculties\/fci\/?page_id=3174"},"modified":"2021-01-17T07:31:32","modified_gmt":"2021-01-17T07:31:32","slug":"protection-des-etudiants","status":"publish","type":"page","link":"https:\/\/www.svu.edu.eg\/faculties\/fci\/fr\/protection-des-etudiants\/","title":{"rendered":"Protection des \u00e9tudiants"},"content":{"rendered":"\n<p style=\"text-align:left\"><strong>Fonctions d&#8217;administration<\/strong><\/p>\n\n\n\n<ul><li><ul><li>L\u2019exp\u00e9rience de l\u2019adaptation \u00e0 la vie universitaire.<\/li><\/ul><ul><li>Mettre en pratique le style d\u00e9mocratique par le biais du syndicat \u00e9tudiant et la pratique de divers types d\u2019activit\u00e9s.<\/li><\/ul><ul><li>Utiliser le temps libre pour les \u00e9tudiants afin qu\u2019ils en profitent et profitent \u00e0 la collectivit\u00e9.<\/li><\/ul><ul><li>R\u00e9soudre les probl\u00e8mes des \u00e9l\u00e8ves de diff\u00e9rentes fa\u00e7ons et fournir une aide ad\u00e9quate.<\/li><\/ul><ul><li>Permettre aux \u00e9l\u00e8ves de tirer le meilleur parti de diverses activit\u00e9s math\u00e9matiques, jeux et concours.<\/li><\/ul><ul><li>Augmenter le niveau d\u2019entra\u00eenement sportif, de conditionnement physique et de sant\u00e9 publique pour les \u00e9l\u00e8ves.<\/li><\/ul><ul><li>Encourager les \u00e9tudiants \u00e0 participer \u00e0 des projets qui servent l\u2019environnement, le camp et mobile, \u00e0 l\u2019int\u00e9rieur et \u00e0 l\u2019ext\u00e9rieur du coll\u00e8ge.<\/li><\/ul><ul><li>Le travail de ses activit\u00e9s est sa technique sous ses diff\u00e9rentes formes.<\/li><\/ul><ul><li>Mettre en valeur les talents des \u00e9l\u00e8ves et d\u00e9charger leurs exp\u00e9ditions dans diff\u00e9rents domaines culturels.<\/li><\/ul><ul><li>Promouvoir la formation de la famille \u00e9tudiante et la participation positive.<\/li><\/ul><ul><li>Des voyages scientifiques et une participation active, ainsi que des voyages d\u2019agr\u00e9ment significatifs.<\/li><\/ul><ul><li>Inculquer l\u2019esprit d\u2019appartenance aux \u00e9tudiants coll\u00e9giaux et universitaires en participant \u00e0 des activit\u00e9s coll\u00e9giales telles que les journ\u00e9es de nettoyage et de boisement, en aidant \u00e0 organiser des s\u00e9minaires, des conf\u00e9rences, en c\u00e9l\u00e9brant les nouveaux \u00e9tudiants et la Journ\u00e9e des dipl\u00f4m\u00e9s.<\/li><\/ul><ul><li>Demande de mise en candidature pour les \u00e9lections de l\u2019Union \u00e9tudiante<\/li><\/ul><ul><li>Avec son \u00e9lection \u00e0 l\u2019Union des \u00e9tudiants<\/li><\/ul><\/li><\/ul>\n","protected":false},"excerpt":{"rendered":"<p>Fonctions d&#8217;administration L\u2019exp\u00e9rience de l\u2019adaptation \u00e0 la vie universitaire. Mettre en pratique le style d\u00e9mocratique par le biais du syndicat \u00e9tudiant et la pratique de divers types d\u2019activit\u00e9s. Utiliser le [&hellip;]<\/p>\n","protected":false},"author":2,"featured_media":0,"parent":0,"menu_order":0,"comment_status":"closed","ping_status":"closed","template":"","meta":[],"_links":{"self":[{"href":"https:\/\/www.svu.edu.eg\/faculties\/fci\/wp-json\/wp\/v2\/pages\/3174"}],"collection":[{"href":"https:\/\/www.svu.edu.eg\/faculties\/fci\/wp-json\/wp\/v2\/pages"}],"about":[{"href":"https:\/\/www.svu.edu.eg\/faculties\/fci\/wp-json\/wp\/v2\/types\/page"}],"author":[{"embeddable":true,"href":"https:\/\/www.svu.edu.eg\/faculties\/fci\/wp-json\/wp\/v2\/users\/2"}],"replies":[{"embeddable":true,"href":"https:\/\/www.svu.edu.eg\/faculties\/fci\/wp-json\/wp\/v2\/comments?post=3174"}],"version-history":[{"count":4,"href":"https:\/\/www.svu.edu.eg\/faculties\/fci\/wp-json\/wp\/v2\/pages\/3174\/revisions"}],"predecessor-version":[{"id":3854,"href":"https:\/\/www.svu.edu.eg\/faculties\/fci\/wp-json\/wp\/v2\/pages\/3174\/revisions\/3854"}],"wp:attachment":[{"href":"https:\/\/www.svu.edu.eg\/faculties\/fci\/wp-json\/wp\/v2\/media?parent=3174"}],"curies":[{"name":"wp","href":"https:\/\/api.w.org\/{rel}","templated":true}]}}