{"id":3151,"date":"2020-12-21T10:25:14","date_gmt":"2020-12-21T10:25:14","guid":{"rendered":"http:\/\/www.svu.edu.eg\/faculties\/fci\/?page_id=3151"},"modified":"2020-12-21T10:25:28","modified_gmt":"2020-12-21T10:25:28","slug":"bureau-de-doyen","status":"publish","type":"page","link":"https:\/\/www.svu.edu.eg\/faculties\/fci\/fr\/bureau-de-doyen\/","title":{"rendered":"Bureau de doyen"},"content":{"rendered":"<p><strong>Fonctions d&#8217;administration<\/strong><\/p>\n<ul>\n<li>faire tout le travail exig\u00e9 par le doyen .<\/li>\n<li>Supervision du Bureau de doyen et organisation des activit\u00e9s de travail et mise \u00e0 jour de ses dossiers.<\/li>\n<li>Supervision de la mise en \u0153uvre des d\u00e9cisions et des missions administratives \u00e9mises par le Bureau de doyen .<\/li>\n<li>\u00c9tudier et pr\u00e9senter les sujets re\u00e7us par le Bureau du doyen et en faire le suivi.<\/li>\n<li>Suivi aupr\u00e8s des bureaux des concessionnaires pour organiser des rencontres et des entrevues avec le doyen du Coll\u00e8ge.<\/li>\n<li>Organisation de tableaux nominations et r\u00e9unions de doyen.<\/li>\n<li>Prendre les contacts n\u00e9cessaires pour travailler au bureau de doyen pendant la journ\u00e9e.<\/li>\n<li>Les membres du corps professoral sont accueillis par le corps professoral et re\u00e7oivent confort et hospitalit\u00e9.<\/li>\n<li>R\u00e9ception et pr\u00e9sentation des sujets \u00e0 pr\u00e9senter au conseil d\u2019administration de l\u2019Ordre .<\/li>\n<li>R\u00e9ception et pr\u00e9sentation des sujets \u00e0 pr\u00e9senter au conseil d\u2019administration de l\u2019Ordre<\/li>\n<li>Suivi aupr\u00e8s du Secr\u00e9tariat des diff\u00e9rents d\u00e9partements du Coll\u00e8ge.<\/li>\n<li>Conservation, copiez, imprimez et distribuez les travaux qui en ont besoin.<\/li>\n<li>La conservation des documents du Coll\u00e8ge avec ses dossiers.<\/li>\n<li>Conservation des d\u00e9cisions minist\u00e9rielles, des d\u00e9cisions du Recteur et des d\u00e9cisions du Conseil sup\u00e9rieur des universit\u00e9s et des p\u00e9riodiques.<\/li>\n<li>Recevoir e-mail re\u00e7u et les communications re\u00e7ues du Bureau de doyen et les consigner .<\/li>\n<\/ul>\n<p><strong>&nbsp; Membres de l&#8217;administration&nbsp;&nbsp;&nbsp;&nbsp;&nbsp;&nbsp;&nbsp;&nbsp;&nbsp;&nbsp;&nbsp;&nbsp;&nbsp;&nbsp;&nbsp;&nbsp;&nbsp;&nbsp;&nbsp;&nbsp;&nbsp;&nbsp;&nbsp;&nbsp;<\/strong><\/p>\n<p>M\/ Saied Abdelrehem Abas Hessen<\/p>\n<p>Fonction : Directeur<\/p>\n<p>Degr\u00e9 : Premier<\/p>\n<p>Fonction : R\u00e9dacteur du Secr\u00e9tariat et archives<\/p>\n<p>&nbsp;<\/p>\n","protected":false},"excerpt":{"rendered":"<p>Fonctions d&#8217;administration faire tout le travail exig\u00e9 par le doyen . Supervision du Bureau de doyen et organisation des activit\u00e9s de travail et mise \u00e0 jour de ses dossiers. Supervision [&hellip;]<\/p>\n","protected":false},"author":2,"featured_media":0,"parent":0,"menu_order":0,"comment_status":"closed","ping_status":"closed","template":"","meta":[],"_links":{"self":[{"href":"https:\/\/www.svu.edu.eg\/faculties\/fci\/wp-json\/wp\/v2\/pages\/3151"}],"collection":[{"href":"https:\/\/www.svu.edu.eg\/faculties\/fci\/wp-json\/wp\/v2\/pages"}],"about":[{"href":"https:\/\/www.svu.edu.eg\/faculties\/fci\/wp-json\/wp\/v2\/types\/page"}],"author":[{"embeddable":true,"href":"https:\/\/www.svu.edu.eg\/faculties\/fci\/wp-json\/wp\/v2\/users\/2"}],"replies":[{"embeddable":true,"href":"https:\/\/www.svu.edu.eg\/faculties\/fci\/wp-json\/wp\/v2\/comments?post=3151"}],"version-history":[{"count":2,"href":"https:\/\/www.svu.edu.eg\/faculties\/fci\/wp-json\/wp\/v2\/pages\/3151\/revisions"}],"predecessor-version":[{"id":3156,"href":"https:\/\/www.svu.edu.eg\/faculties\/fci\/wp-json\/wp\/v2\/pages\/3151\/revisions\/3156"}],"wp:attachment":[{"href":"https:\/\/www.svu.edu.eg\/faculties\/fci\/wp-json\/wp\/v2\/media?parent=3151"}],"curies":[{"name":"wp","href":"https:\/\/api.w.org\/{rel}","templated":true}]}}