{"id":3048,"date":"2020-12-20T10:18:45","date_gmt":"2020-12-20T10:18:45","guid":{"rendered":"http:\/\/www.svu.edu.eg\/faculties\/fci\/?page_id=3048"},"modified":"2021-01-18T07:48:24","modified_gmt":"2021-01-18T07:48:24","slug":"systeme-dinformation","status":"publish","type":"page","link":"https:\/\/www.svu.edu.eg\/faculties\/fci\/fr\/systeme-dinformation\/","title":{"rendered":"Syst\u00e8me d&#8217;information"},"content":{"rendered":"\n<p style=\"text-align:left\"> <strong>Les domaines scientifiques suivants comprennent\u00a0: <\/strong>Analyse et conception des syst\u00e8mes d\u2019information &#8211; M\u00e9thodologies de d\u00e9veloppement des syst\u00e8mes d\u2019information &#8211; Architectures des syst\u00e8mes d\u2019information &#8211; Syst\u00e8mes de stockage et de r\u00e9g\u00e9n\u00e9ration de l\u2019information &#8211; Syst\u00e8mes de base de donn\u00e9es &#8211; Syst\u00e8mes d\u2019information &#8211; Multimedia Information Systems &#8211; distributed Information Systems &#8211; Smart Information Systems &#8211; Information Engineering &#8211; knowledge Discovery in Database Systems &#8211; Rules Object Data &#8211; Economics of Information Systems &#8211; Data Exploration &#8211; Data warehouses &#8211; Gestion des centres d\u2019information &#8211; Syst\u00e8mes d\u2019information int\u00e9gr\u00e9s &#8211; Syst\u00e8mes de bios\u00e9curit\u00e9 &#8211; grands syst\u00e8mes de donn\u00e9es &#8211; Assurance de la qualit\u00e9 des logiciels et des syst\u00e8mes d\u2019information &#8211; Applications des syst\u00e8mes d\u2019information dans diff\u00e9rents domaines &#8211; Syst\u00e8mes d\u2019information r\u00e9seau.<br><\/p>\n","protected":false},"excerpt":{"rendered":"<p>Les domaines scientifiques suivants comprennent\u00a0: Analyse et conception des syst\u00e8mes d\u2019information &#8211; M\u00e9thodologies de d\u00e9veloppement des syst\u00e8mes d\u2019information &#8211; Architectures des syst\u00e8mes d\u2019information &#8211; Syst\u00e8mes de stockage et de r\u00e9g\u00e9n\u00e9ration [&hellip;]<\/p>\n","protected":false},"author":2,"featured_media":0,"parent":0,"menu_order":0,"comment_status":"closed","ping_status":"closed","template":"","meta":[],"_links":{"self":[{"href":"https:\/\/www.svu.edu.eg\/faculties\/fci\/wp-json\/wp\/v2\/pages\/3048"}],"collection":[{"href":"https:\/\/www.svu.edu.eg\/faculties\/fci\/wp-json\/wp\/v2\/pages"}],"about":[{"href":"https:\/\/www.svu.edu.eg\/faculties\/fci\/wp-json\/wp\/v2\/types\/page"}],"author":[{"embeddable":true,"href":"https:\/\/www.svu.edu.eg\/faculties\/fci\/wp-json\/wp\/v2\/users\/2"}],"replies":[{"embeddable":true,"href":"https:\/\/www.svu.edu.eg\/faculties\/fci\/wp-json\/wp\/v2\/comments?post=3048"}],"version-history":[{"count":2,"href":"https:\/\/www.svu.edu.eg\/faculties\/fci\/wp-json\/wp\/v2\/pages\/3048\/revisions"}],"predecessor-version":[{"id":3930,"href":"https:\/\/www.svu.edu.eg\/faculties\/fci\/wp-json\/wp\/v2\/pages\/3048\/revisions\/3930"}],"wp:attachment":[{"href":"https:\/\/www.svu.edu.eg\/faculties\/fci\/wp-json\/wp\/v2\/media?parent=3048"}],"curies":[{"name":"wp","href":"https:\/\/api.w.org\/{rel}","templated":true}]}}