{"id":3045,"date":"2020-12-20T10:13:28","date_gmt":"2020-12-20T10:13:28","guid":{"rendered":"http:\/\/www.svu.edu.eg\/faculties\/fci\/?page_id=3045"},"modified":"2021-01-18T07:46:17","modified_gmt":"2021-01-18T07:46:17","slug":"informatique","status":"publish","type":"page","link":"https:\/\/www.svu.edu.eg\/faculties\/fci\/fr\/informatique\/","title":{"rendered":"Informatique"},"content":{"rendered":"\n<p style=\"text-align:left\"> <strong>Les domaines scientifiques suivants sont\u00a0:<\/strong> Programmation informatique &#8211; langages et algorithmes informatiques &#8211; Structures de donn\u00e9es &#8211; Analyse et conception d\u2019algorithmes &#8211; Algorithmes g\u00e9n\u00e9tiques &#8211; syst\u00e8mes d\u2019exploitation informatiques &#8211; architecture et organisation informatiques &#8211; Chiffrement et s\u00e9curit\u00e9 des donn\u00e9es &#8211; Compression de donn\u00e9es &#8211; s\u00e9curit\u00e9 informatique &#8211; g\u00e9nie logiciel &#8211; traitement d\u2019images &#8211; traitement du langage naturel &#8211; vision informatique &#8211; r\u00e9seaux neuronaux &#8211; dessin informatique \u2013 syst\u00e8mes \u00e0 agents multiples \u2013 syst\u00e8mes de base de connaissances \u2013 traitement parall\u00e8le et syst\u00e8mes distribu\u00e9s \u2013 informatique en nuage \u2013 syst\u00e8mes \u00e9ducatifs intelligents \u2013 \u00e9ducation informatique \u2013 mod\u00e9lisation \u2013 arabisation informatique \u2013 mod\u00e9lisation et mouvement 2D et 3D \u2013 rencontres informatiques.<br><\/p>\n","protected":false},"excerpt":{"rendered":"<p>Les domaines scientifiques suivants sont\u00a0: Programmation informatique &#8211; langages et algorithmes informatiques &#8211; Structures de donn\u00e9es &#8211; Analyse et conception d\u2019algorithmes &#8211; Algorithmes g\u00e9n\u00e9tiques &#8211; syst\u00e8mes d\u2019exploitation informatiques &#8211; architecture [&hellip;]<\/p>\n","protected":false},"author":2,"featured_media":0,"parent":0,"menu_order":0,"comment_status":"closed","ping_status":"closed","template":"","meta":[],"_links":{"self":[{"href":"https:\/\/www.svu.edu.eg\/faculties\/fci\/wp-json\/wp\/v2\/pages\/3045"}],"collection":[{"href":"https:\/\/www.svu.edu.eg\/faculties\/fci\/wp-json\/wp\/v2\/pages"}],"about":[{"href":"https:\/\/www.svu.edu.eg\/faculties\/fci\/wp-json\/wp\/v2\/types\/page"}],"author":[{"embeddable":true,"href":"https:\/\/www.svu.edu.eg\/faculties\/fci\/wp-json\/wp\/v2\/users\/2"}],"replies":[{"embeddable":true,"href":"https:\/\/www.svu.edu.eg\/faculties\/fci\/wp-json\/wp\/v2\/comments?post=3045"}],"version-history":[{"count":2,"href":"https:\/\/www.svu.edu.eg\/faculties\/fci\/wp-json\/wp\/v2\/pages\/3045\/revisions"}],"predecessor-version":[{"id":3929,"href":"https:\/\/www.svu.edu.eg\/faculties\/fci\/wp-json\/wp\/v2\/pages\/3045\/revisions\/3929"}],"wp:attachment":[{"href":"https:\/\/www.svu.edu.eg\/faculties\/fci\/wp-json\/wp\/v2\/media?parent=3045"}],"curies":[{"name":"wp","href":"https:\/\/api.w.org\/{rel}","templated":true}]}}