{"id":3036,"date":"2020-12-20T10:01:02","date_gmt":"2020-12-20T10:01:02","guid":{"rendered":"http:\/\/www.svu.edu.eg\/faculties\/fci\/?page_id=3036"},"modified":"2020-12-20T10:01:08","modified_gmt":"2020-12-20T10:01:08","slug":"doyen","status":"publish","type":"page","link":"https:\/\/www.svu.edu.eg\/faculties\/fci\/fr\/doyen\/","title":{"rendered":"Doyen"},"content":{"rendered":"<p><img decoding=\"async\" loading=\"lazy\" class=\"aligncenter\" src=\"https:\/\/i0.wp.com\/www.svu.edu.eg\/faculties\/fci\/wp-content\/uploads\/2020\/10\/%D8%A7%D9%84%D8%B9%D9%85%D9%8A%D8%AF.jpg?resize=204%2C211&#038;ssl=1\" alt=\"This image has an empty alt attribute; its file name is \u0627\u0644\u0639\u0645\u064a\u062f.jpg\" width=\"204\" height=\"211\"  data-recalc-dims=\"1\"><\/p>\n<p style=\"text-align: center;\">Dr\/ Alaa Sadek<\/p>\n<div class=\"search-main-wrap search-long\">\n<div class=\"translation-wrap clearfix\">\n<div class=\"right-side-wrap\">\n<div id=\"trtext\"><span id=\"s2_1\">Doctorat en technologie de l\u2019enseignement \u00e0 distance du Royaume-Uni en 2003.<\/span><br \/>\n<span id=\"s2_2\">Il a promu un professeur de technologie en \u00e9ducation en 2016.<\/span><br \/>\n<span id=\"s2_3\">Il a \u00e9t\u00e9 professeur au d\u00e9partement de technologie et d\u2019\u00e9ducation de l\u2019Universit\u00e9 Sultan Qaboos&nbsp; d\u2019Oman, puis chef du d\u00e9partement de curriculum de la Facult\u00e9 d\u2019\u00e9ducation de Qana.<\/span><br \/>\n<span id=\"s2_4\">Il a re\u00e7u de nombreux prix internationaux dans le domaine de l\u2019\u00e9ducation et des technologies de l\u2019information, tels que le Khalifa .<\/span><\/div>\n<\/div>\n<\/div>\n<\/div>\n<p>&nbsp;<\/p>\n","protected":false},"excerpt":{"rendered":"<p>Dr\/ Alaa Sadek Doctorat en technologie de l\u2019enseignement \u00e0 distance du Royaume-Uni en 2003. Il a promu un professeur de technologie en \u00e9ducation en 2016. Il a \u00e9t\u00e9 professeur au [&hellip;]<\/p>\n","protected":false},"author":2,"featured_media":0,"parent":0,"menu_order":0,"comment_status":"closed","ping_status":"closed","template":"","meta":[],"_links":{"self":[{"href":"https:\/\/www.svu.edu.eg\/faculties\/fci\/wp-json\/wp\/v2\/pages\/3036"}],"collection":[{"href":"https:\/\/www.svu.edu.eg\/faculties\/fci\/wp-json\/wp\/v2\/pages"}],"about":[{"href":"https:\/\/www.svu.edu.eg\/faculties\/fci\/wp-json\/wp\/v2\/types\/page"}],"author":[{"embeddable":true,"href":"https:\/\/www.svu.edu.eg\/faculties\/fci\/wp-json\/wp\/v2\/users\/2"}],"replies":[{"embeddable":true,"href":"https:\/\/www.svu.edu.eg\/faculties\/fci\/wp-json\/wp\/v2\/comments?post=3036"}],"version-history":[{"count":2,"href":"https:\/\/www.svu.edu.eg\/faculties\/fci\/wp-json\/wp\/v2\/pages\/3036\/revisions"}],"predecessor-version":[{"id":3038,"href":"https:\/\/www.svu.edu.eg\/faculties\/fci\/wp-json\/wp\/v2\/pages\/3036\/revisions\/3038"}],"wp:attachment":[{"href":"https:\/\/www.svu.edu.eg\/faculties\/fci\/wp-json\/wp\/v2\/media?parent=3036"}],"curies":[{"name":"wp","href":"https:\/\/api.w.org\/{rel}","templated":true}]}}