{"id":3027,"date":"2020-12-20T09:50:11","date_gmt":"2020-12-20T09:50:11","guid":{"rendered":"http:\/\/www.svu.edu.eg\/faculties\/fci\/?page_id=3027"},"modified":"2020-12-20T09:50:28","modified_gmt":"2020-12-20T09:50:28","slug":"mots-de-doyen","status":"publish","type":"page","link":"https:\/\/www.svu.edu.eg\/faculties\/fci\/fr\/mots-de-doyen\/","title":{"rendered":"Mots de doyen"},"content":{"rendered":"<p><span id=\"s2_1\">La facult\u00e9 des ordinateurs and Informations est l\u2019un des \u00e9tablissements de recherche scientifique originaux, qui propose une s\u00e9lection de membres du corps professoral dans les sp\u00e9cialisations en ordinateurs et&nbsp; informations avec quatre disciplines principales : Informatique \u2013 Technologies de l\u2019information \u2013 Syst\u00e8mes d\u2019information \u2013 Intelligence artificielle.<\/span><br \/>\n<span id=\"s2_2\">Au cours de l\u2019ann\u00e9e scolaire 2020\/2021, environ 200 \u00e9tudiants \u00e9tudient et enseignent des cours des ordinateurs et informations \u00e0 divers coll\u00e8ges universitaires. La facult\u00e9 des ordinateurs comprend des laboratoires sp\u00e9cialis\u00e9s, y compris le laboratoire d\u2019\u00e9lectronique et de circuits num\u00e9riques, le laboratoire d\u2019intelligence artificielle, le laboratoire de r\u00e9seautage et de projets \u00e9tudiants, le laboratoire de logiciels et les syst\u00e8mes d\u2019exploitation.<\/span><br \/>\n<span id=\"s2_3\">La facult\u00e9 fait \u00e9galement la promotion de la recherche scientifique au service de la communaut\u00e9 et adh\u00e8re \u00e0 des normes acad\u00e9miques \u00e9lev\u00e9es et \u00e0 des valeurs \u00e9thiques.<\/span><\/p>\n","protected":false},"excerpt":{"rendered":"<p>La facult\u00e9 des ordinateurs and Informations est l\u2019un des \u00e9tablissements de recherche scientifique originaux, qui propose une s\u00e9lection de membres du corps professoral dans les sp\u00e9cialisations en ordinateurs et&nbsp; informations [&hellip;]<\/p>\n","protected":false},"author":2,"featured_media":0,"parent":0,"menu_order":0,"comment_status":"closed","ping_status":"closed","template":"","meta":[],"_links":{"self":[{"href":"https:\/\/www.svu.edu.eg\/faculties\/fci\/wp-json\/wp\/v2\/pages\/3027"}],"collection":[{"href":"https:\/\/www.svu.edu.eg\/faculties\/fci\/wp-json\/wp\/v2\/pages"}],"about":[{"href":"https:\/\/www.svu.edu.eg\/faculties\/fci\/wp-json\/wp\/v2\/types\/page"}],"author":[{"embeddable":true,"href":"https:\/\/www.svu.edu.eg\/faculties\/fci\/wp-json\/wp\/v2\/users\/2"}],"replies":[{"embeddable":true,"href":"https:\/\/www.svu.edu.eg\/faculties\/fci\/wp-json\/wp\/v2\/comments?post=3027"}],"version-history":[{"count":2,"href":"https:\/\/www.svu.edu.eg\/faculties\/fci\/wp-json\/wp\/v2\/pages\/3027\/revisions"}],"predecessor-version":[{"id":3029,"href":"https:\/\/www.svu.edu.eg\/faculties\/fci\/wp-json\/wp\/v2\/pages\/3027\/revisions\/3029"}],"wp:attachment":[{"href":"https:\/\/www.svu.edu.eg\/faculties\/fci\/wp-json\/wp\/v2\/media?parent=3027"}],"curies":[{"name":"wp","href":"https:\/\/api.w.org\/{rel}","templated":true}]}}