{"id":1944,"date":"2020-12-06T09:03:48","date_gmt":"2020-12-06T09:03:48","guid":{"rendered":"http:\/\/www.svu.edu.eg\/faculties\/fci\/?page_id=1944"},"modified":"2023-05-07T10:36:03","modified_gmt":"2023-05-07T10:36:03","slug":"homepage_fr","status":"publish","type":"page","link":"https:\/\/www.svu.edu.eg\/faculties\/fci\/fr\/homepage_fr\/","title":{"rendered":"Homepage_fr"},"content":{"rendered":"<div id=\"pl-1944\"  class=\"panel-layout\" ><div id=\"pg-1944-0\"  class=\"panel-grid panel-has-style\" ><div class=\"wide-grey panel-row-style panel-row-style-for-1944-0\" ><div id=\"pgc-1944-0-0\"  class=\"panel-grid-cell\" ><\/div><\/div><\/div><div id=\"pg-1944-1\"  class=\"panel-grid panel-no-style\" ><div id=\"pgc-1944-1-0\"  class=\"panel-grid-cell\" ><div id=\"panel-1944-1-0-0\" class=\"so-panel widget widget_headline-widget panel-first-child panel-last-child\" data-index=\"1\" >\t\t<h1>La facult\u00e9 des ordinateurs et des informations accueille de nouveaux \u00e9tudiants<\/h1>\n\t\t<div class=\"decoration\"><div class=\"decoration-inside\"><\/div><\/div>\n\t\t<h3><\/h3>\n\t\t<\/div><\/div><\/div><div id=\"pg-1944-2\"  class=\"panel-grid panel-no-style\" ><div id=\"pgc-1944-2-0\"  class=\"panel-grid-cell\" ><div id=\"panel-1944-2-0-0\" class=\"so-panel widget widget_siteorigin-panels-postloop panel-first-child\" data-index=\"2\" ><div class=\"panel-widget-style panel-widget-style-for-1944-2-0-0\" ><h3 class=\"widget-title\">Nouvelles<\/h3>\n\t<div id=\"vantage-circleicon-loop\" class=\"vantage-circleicon-loop circleicon-loop-columns-4\">\n\n\t\t<div class=\"widget widget_circleicon-widget\">\t\t<div class=\"circle-icon-box circle-icon-position-top circle-icon-hide-box circle-icon-size-small \">\n\t\t\t\t\t\t\t<div class=\"circle-icon-wrapper\">\n\t\t\t\t\t<a href=\"https:\/\/www.svu.edu.eg\/faculties\/fci\/%d9%81%d8%aa%d8%ad-%d8%a8%d8%a7%d8%a8-%d8%a7%d9%84%d8%aa%d9%82%d8%af%d9%8a%d9%85-%d8%a7%d9%84%d9%83%d8%aa%d8%b1%d9%88%d9%86%d9%8a%d8%a7%d9%8b-%d9%84%d9%84%d8%a7%d9%84%d8%aa%d8%ad%d8%a7%d9%82-%d8%a8\/\" class=\"link-icon\" >\t\t\t\t\t<div class=\"circle-icon icon-style-set\" style=\"background-image: url(https:\/\/i0.wp.com\/www.svu.edu.eg\/faculties\/fci\/wp-content\/uploads\/2024\/08\/456234371_485514070940541_7624283957432933077_n-1536x1536-1.jpg?fit=150%2C150&#038;ssl=1)\">\n\t\t\t\t\t\t\t\t\t\t\t<\/div>\n\t\t\t\t\t<\/a>\t\t\t\t<\/div>\n\t\t\t\n\t\t\t<a href=\"https:\/\/www.svu.edu.eg\/faculties\/fci\/%d9%81%d8%aa%d8%ad-%d8%a8%d8%a7%d8%a8-%d8%a7%d9%84%d8%aa%d9%82%d8%af%d9%8a%d9%85-%d8%a7%d9%84%d9%83%d8%aa%d8%b1%d9%88%d9%86%d9%8a%d8%a7%d9%8b-%d9%84%d9%84%d8%a7%d9%84%d8%aa%d8%ad%d8%a7%d9%82-%d8%a8\/\" class=\"link-title\" >\t\t\t<h4 >\u0641\u062a\u062d \u0628\u0627\u0628 \u0627\u0644\u062a\u0642\u062f\u064a\u0645 \u0627\u0644\u0643\u062a\u0631\u0648\u0646\u064a\u0627\u064b \u0644\u0644\u0627\u0644\u062a\u062d\u0627\u0642 \u0628\u0628\u0631\u0627\u0645\u062c \u062c\u0627\u0645\u0639\u0629 \u062c\u0646\u0648\u0628 \u0627\u0644\u0648\u0627\u062f\u064a \u0627\u0644\u0623\u0647\u0644\u064a\u0629 \u0644\u0644\u0639\u0627\u0645 \u0627\u0644\u0623\u0643\u0627\u062f\u064a\u0645\u064a 2024-2025<\/h4>\t\t\t<\/a>\n\t\t\t<p class=\"text\" >\u062a\u0639\u0644\u0646 \u062c\u0627\u0645\u0639\u0629 \u062c\u0646\u0648\u0628 \u0627\u0644\u0648\u0627\u062f\u064a \u0627\u0644\u0623\u0647\u0644\u064a\u0629 \u0641\u062a\u062d \u0628\u0627\u0628 \u0627\u0644\u062a\u0642\u062f\u064a\u0645 \u0627\u0644\u0643\u062a\u0631\u0648\u0646\u064a\u0627 \u0644\u0644\u0637\u0644\u0627\u0628 \u0627\u0644\u062d\u0627\u0635\u0644\u064a\u0646 \u0639\u0644\u064a \u0634\u0647\u0627\u062f\u0629 \u0627\u0644\u062b\u0627\u0646\u0648\u064a\u0629 \u0627\u0644\u0639\u0627\u0645\u0629 \u0627\u0644\u0645\u0635\u0631\u064a\u0629 \u0647\u0630\u0627 \u0627\u0644\u0639\u0627\u0645 (2024) \u0639\u0628\u0631 \u0627\u0644\u0631\u0627\u0628\u0637 \u0627\u0644\u062a\u0627\u0644\u064a:\u00a0http:\/\/admission.svnu.edu.eg \u0627\u0644\u0645\u0633\u062a\u0646\u062f\u0627\u062a \u0627\u0644\u0645\u0637\u0644\u0648\u0628\u0629 \u0644\u0644\u062a\u0633\u062c\u064a\u0644: \u0635\u0648\u0631\u0629 \u0634\u062e\u0635\u064a\u0629 \u0628\u0637\u0627\u0642\u0629 \u0627\u0644\u0631\u0642\u0645 \u0627\u0644\u0642\u0648\u0645\u0640\u0640\u0640\u0640\u0640\u064a [&hellip;]<\/p>\t\t\t\t\t\t\t<a href=\"https:\/\/www.svu.edu.eg\/faculties\/fci\/%d9%81%d8%aa%d8%ad-%d8%a8%d8%a7%d8%a8-%d8%a7%d9%84%d8%aa%d9%82%d8%af%d9%8a%d9%85-%d8%a7%d9%84%d9%83%d8%aa%d8%b1%d9%88%d9%86%d9%8a%d8%a7%d9%8b-%d9%84%d9%84%d8%a7%d9%84%d8%aa%d8%ad%d8%a7%d9%82-%d8%a8\/\" class=\"more-button\" >\u0627\u0644\u0645\u0632\u064a\u062f <i><\/i><\/a>\n\t\t\t\t\t<\/div>\n\t\t<\/div><div class=\"widget widget_circleicon-widget\">\t\t<div class=\"circle-icon-box circle-icon-position-top circle-icon-hide-box circle-icon-size-small \">\n\t\t\t\t\t\t\t<div class=\"circle-icon-wrapper\">\n\t\t\t\t\t<a href=\"https:\/\/www.svu.edu.eg\/faculties\/fci\/%d9%85%d8%b9%d8%a7%d9%85%d9%84-%d8%a7%d9%84%d8%aa%d9%86%d8%b3%d9%8a%d9%82-%d8%a7%d9%84%d8%a7%d9%84%d9%83%d8%aa%d8%b1%d9%88%d9%86%d9%8a-%d8%a8%d8%ac%d9%86%d9%88%d8%a8-%d8%a7%d9%84%d9%88%d8%a7%d8%af\/\" class=\"link-icon\" >\t\t\t\t\t<div class=\"circle-icon icon-style-set\" style=\"background-image: url(https:\/\/i0.wp.com\/www.svu.edu.eg\/faculties\/fci\/wp-content\/uploads\/2024\/08\/01350991-ad70-41fa-81fa-71010a79a648-1536x1023-1.jpg?fit=200%2C133&#038;ssl=1)\">\n\t\t\t\t\t\t\t\t\t\t\t<\/div>\n\t\t\t\t\t<\/a>\t\t\t\t<\/div>\n\t\t\t\n\t\t\t<a href=\"https:\/\/www.svu.edu.eg\/faculties\/fci\/%d9%85%d8%b9%d8%a7%d9%85%d9%84-%d8%a7%d9%84%d8%aa%d9%86%d8%b3%d9%8a%d9%82-%d8%a7%d9%84%d8%a7%d9%84%d9%83%d8%aa%d8%b1%d9%88%d9%86%d9%8a-%d8%a8%d8%ac%d9%86%d9%88%d8%a8-%d8%a7%d9%84%d9%88%d8%a7%d8%af\/\" class=\"link-title\" >\t\t\t<h4 >\u0645\u0639\u0627\u0645\u0644 \u0627\u0644\u062a\u0646\u0633\u064a\u0642 \u0627\u0644\u0627\u0644\u0643\u062a\u0631\u0648\u0646\u064a \u0628\u062c\u0646\u0648\u0628 \u0627\u0644\u0648\u0627\u062f\u064a \u062a\u0633\u062a\u0639\u062f \u0644\u0627\u0633\u062a\u0642\u0628\u0627\u0644 \u0637\u0644\u0627\u0628 \u0627\u0644\u0645\u0631\u062d\u0644\u0629 \u0627\u0644\u062b\u0627\u0646\u064a\u0629<\/h4>\t\t\t<\/a>\n\t\t\t<p class=\"text\" >\u0623\u0639\u0644\u0646 \u0627\u0644\u062f\u0643\u062a\u0648\u0631 \u0627\u062d\u0645\u062f \u0639\u0643\u0627\u0648\u064a \u0631\u0626\u064a\u0633 \u062c\u0627\u0645\u0639\u0629 \u062c\u0646\u0648\u0628 \u0627\u0644\u0648\u0627\u062f\u064a \u062c\u0627\u0647\u0632\u064a\u0629 \u0645\u0639\u0627\u0645\u0644 \u0627\u0644\u062a\u0646\u0633\u064a\u0642 \u0627\u0644\u0627\u0644\u0643\u062a\u0631\u0648\u0646\u064a \u0628\u0645\u0642\u0631 \u0627\u0644\u062c\u0627\u0645\u0639\u0629 \u0628\u0642\u0646\u0627 \u0648\u0641\u0631\u0639 \u0627\u0644\u062c\u0627\u0645\u0639\u0629 \u0628\u0627\u0644\u063a\u0631\u062f\u0642\u0629 \u0644\u0627\u0633\u062a\u0642\u0628\u0627\u0644 \u0637\u0644\u0627\u0628 \u0627\u0644\u0645\u0631\u062d\u0644\u0629 \u0627\u0644\u062b\u0627\u0646\u064a\u0629 \u0628\u0627\u0644\u062b\u0627\u0646\u0648\u064a\u0629 \u0627\u0644\u0639\u0627\u0645\u0629 \u0627\u0644\u0631\u0627\u063a\u0628\u064a\u0646 \u0641\u064a \u062a\u0633\u062c\u064a\u0644 \u0631\u063a\u0628\u0627\u062a\u0647\u0645 \u0628\u0645\u0639\u0627\u0645\u0644 \u0627\u0644\u062a\u0646\u0633\u064a\u0642 [&hellip;]<\/p>\t\t\t\t\t\t\t<a href=\"https:\/\/www.svu.edu.eg\/faculties\/fci\/%d9%85%d8%b9%d8%a7%d9%85%d9%84-%d8%a7%d9%84%d8%aa%d9%86%d8%b3%d9%8a%d9%82-%d8%a7%d9%84%d8%a7%d9%84%d9%83%d8%aa%d8%b1%d9%88%d9%86%d9%8a-%d8%a8%d8%ac%d9%86%d9%88%d8%a8-%d8%a7%d9%84%d9%88%d8%a7%d8%af\/\" class=\"more-button\" >\u0627\u0644\u0645\u0632\u064a\u062f <i><\/i><\/a>\n\t\t\t\t\t<\/div>\n\t\t<\/div><div class=\"widget widget_circleicon-widget\">\t\t<div class=\"circle-icon-box circle-icon-position-top circle-icon-hide-box circle-icon-size-small \">\n\t\t\t\t\t\t\t<div class=\"circle-icon-wrapper\">\n\t\t\t\t\t<a href=\"https:\/\/www.svu.edu.eg\/faculties\/fci\/%d8%b1%d8%a6%d9%8a%d8%b3-%d8%ac%d8%a7%d9%85%d8%b9%d8%a9-%d8%ac%d9%86%d9%88%d8%a8-%d8%a7%d9%84%d9%88%d8%a7%d8%af%d9%8a-%d9%8a%d9%86%d8%a7%d9%82%d8%b4-%d8%a7%d9%84%d8%ae%d8%b1%d9%8a%d8%b7%d8%a9-%d8%a7\/\" class=\"link-icon\" >\t\t\t\t\t<div class=\"circle-icon icon-style-set\" style=\"background-image: url(https:\/\/i0.wp.com\/www.svu.edu.eg\/faculties\/fci\/wp-content\/uploads\/2024\/08\/\u0631\u0626\u064a\u0633-\u062c\u0627\u0645\u0639\u0629-\u062c\u0646\u0648\u0628-\u0627\u0644\u0648\u0627\u062f\u064a-\u064a\u0646\u0627\u0642\u0634-\u0627\u0644\u062e\u0631\u064a\u0637\u0629-\u0627\u0644\u0632\u0645\u0646\u064a\u0629-\u0644\u0644\u062a\u0646\u0633\u064a\u0642-\u0648-\u0627\u0644\u0642\u0628\u0648\u0644-\u0628\u0627\u0644\u062c\u0627\u0645\u0639\u0629-\u0627\u0644\u0627\u0647\u0644\u064a\u0629-\u0648-\u0641\u062a\u062d-\u0628\u0627\u0628-\u0627\u0644\u062a\u0646\u0633\u064a\u0642-\u0627\u0644\u0627\u062b\u0646\u064a\u0646-\u0627\u0644\u0645\u0642\u0628\u0644-1-300x200-1.jpeg?fit=200%2C133&#038;ssl=1)\">\n\t\t\t\t\t\t\t\t\t\t\t<\/div>\n\t\t\t\t\t<\/a>\t\t\t\t<\/div>\n\t\t\t\n\t\t\t<a href=\"https:\/\/www.svu.edu.eg\/faculties\/fci\/%d8%b1%d8%a6%d9%8a%d8%b3-%d8%ac%d8%a7%d9%85%d8%b9%d8%a9-%d8%ac%d9%86%d9%88%d8%a8-%d8%a7%d9%84%d9%88%d8%a7%d8%af%d9%8a-%d9%8a%d9%86%d8%a7%d9%82%d8%b4-%d8%a7%d9%84%d8%ae%d8%b1%d9%8a%d8%b7%d8%a9-%d8%a7\/\" class=\"link-title\" >\t\t\t<h4 >\u0631\u0626\u064a\u0633 \u062c\u0627\u0645\u0639\u0629 \u062c\u0646\u0648\u0628 \u0627\u0644\u0648\u0627\u062f\u064a \u064a\u0646\u0627\u0642\u0634 \u0627\u0644\u062e\u0631\u064a\u0637\u0629 \u0627\u0644\u0632\u0645\u0646\u064a\u0629 \u0644\u0644\u062a\u0646\u0633\u064a\u0642 \u0648 \u0627\u0644\u0642\u0628\u0648\u0644 \u0628\u0627\u0644\u062c\u0627\u0645\u0639\u0629 \u0627\u0644\u0627\u0647\u0644\u064a\u0629 \u0648 \u0641\u062a\u062d \u0628\u0627\u0628 \u0627\u0644\u062a\u0646\u0633\u064a\u0642 \u0627\u0644\u0627\u062b\u0646\u064a\u0646 \u0627\u0644\u0645\u0642\u0628\u0644.<\/h4>\t\t\t<\/a>\n\t\t\t<p class=\"text\" >\u0639\u0642\u062f \u0627\u0644\u062f\u0643\u062a\u0648\u0631 \u0627\u062d\u0645\u062f \u0639\u0643\u0627\u0648\u064a \u0631\u0626\u064a\u0633 \u062c\u0627\u0645\u0639\u0629 \u062c\u0646\u0648\u0628 \u0627\u0644\u0648\u0627\u062f\u064a \u0627\u062c\u062a\u0645\u0627\u0639\u0627 \u0628\u0645\u0646\u0633\u0642\u064a \u0627\u0644\u062c\u0627\u0645\u0639\u0629 \u0627\u0644\u0627\u0647\u0644\u064a\u0629 \u0628\u062d\u0636\u0648\u0631 \u0627\u0644\u062f\u0643\u062a\u0648\u0631 \u0645\u062d\u0645\u062f \u0627\u0633\u0645\u0627\u0639\u064a\u0644 \u0627\u0644\u0642\u0627\u0626\u0645 \u0628\u0639\u0645\u0644 \u0627\u0644\u0646\u0627\u0626\u0628 \u0627\u0644\u0627\u0643\u0627\u062f\u064a\u0645\u064a \u0644\u062c\u0627\u0645\u0639\u0629 \u062c\u0646\u0648\u0628 \u0627\u0644\u0648\u0627\u062f\u064a \u0627\u0644\u0627\u0647\u0644\u064a\u0629 \u060c \u0648\u0627\u0644\u062f\u0643\u062a\u0648\u0631 \u0641\u0631\u062c \u062e\u0636\u0627\u0631\u064a \u0639\u0645\u064a\u062f \u0643\u0644\u064a\u0629 [&hellip;]<\/p>\t\t\t\t\t\t\t<a href=\"https:\/\/www.svu.edu.eg\/faculties\/fci\/%d8%b1%d8%a6%d9%8a%d8%b3-%d8%ac%d8%a7%d9%85%d8%b9%d8%a9-%d8%ac%d9%86%d9%88%d8%a8-%d8%a7%d9%84%d9%88%d8%a7%d8%af%d9%8a-%d9%8a%d9%86%d8%a7%d9%82%d8%b4-%d8%a7%d9%84%d8%ae%d8%b1%d9%8a%d8%b7%d8%a9-%d8%a7\/\" class=\"more-button\" >\u0627\u0644\u0645\u0632\u064a\u062f <i><\/i><\/a>\n\t\t\t\t\t<\/div>\n\t\t<\/div><div class=\"widget widget_circleicon-widget\">\t\t<div class=\"circle-icon-box circle-icon-position-top circle-icon-hide-box circle-icon-size-small \">\n\t\t\t\t\t\t\t<div class=\"circle-icon-wrapper\">\n\t\t\t\t\t<a href=\"https:\/\/www.svu.edu.eg\/faculties\/fci\/%d8%aa%d9%87%d9%86%d8%a6%d8%a9-2\/\" class=\"link-icon\" >\t\t\t\t\t<div class=\"circle-icon icon-style-set\" style=\"background-image: url(https:\/\/i0.wp.com\/www.svu.edu.eg\/faculties\/fci\/wp-content\/uploads\/2024\/08\/WhatsApp-Image-2024-08-13-at-8.49.46-AM.jpeg?fit=107%2C150&#038;ssl=1)\">\n\t\t\t\t\t\t\t\t\t\t\t<\/div>\n\t\t\t\t\t<\/a>\t\t\t\t<\/div>\n\t\t\t\n\t\t\t<a href=\"https:\/\/www.svu.edu.eg\/faculties\/fci\/%d8%aa%d9%87%d9%86%d8%a6%d8%a9-2\/\" class=\"link-title\" >\t\t\t<h4 >\u062a\u0647\u0646\u0626\u0629<\/h4>\t\t\t<\/a>\n\t\t\t<p class=\"text\" >\u00a0\u064a\u062a\u0642\u062f\u0645 \u0643\u0644 \u0645\u0646 \u0623.\u062f\/\u0639\u0645\u0627\u062f \u0639\u0644\u064a \u0639\u0645\u064a\u062f \u0627\u0644\u0643\u0644\u064a\u0629 \u060c\u0648 \u0623.\u062f\/ \u0646\u0647\u0644\u0629 \u0641\u062a\u062d\u064a \u0648\u0643\u064a\u0644 \u0627\u0644\u0643\u0644\u064a\u0629 \u060c\u0648 \u0627\u0639\u0636\u0627\u0621 \u0647\u064a\u0626\u0629 \u0627\u0644\u062a\u062f\u0631\u064a\u0633 \u060c\u0648\u0645\u0639\u0627\u0648\u0646\u064a\u0647\u0645 \u0648\u062c\u0645\u064a\u0639 \u0627\u0644\u0639\u0627\u0645\u0644\u064a\u0646 \u0628\u0643\u0644 \u0627\u0644\u062d\u0627\u0633\u0628\u0627\u062a \u0648\u0627\u0644\u0645\u0639\u0644\u0648\u0645\u0627\u062a \u0628\u062a\u0642\u062f\u064a\u0645 \u0627\u0637\u064a\u0628 \u0627\u0644\u062a\u0647\u0627\u0646\u064a \u0644\u0644\u062f\u0643\u062a\u0648\u0631 \u0647\u0645\u0627\u0645 \u0627\u0644\u0634\u0627\u0630\u0644\u064a \u0627\u0644\u0627\u0633\u062a\u0627\u0630 [&hellip;]<\/p>\t\t\t\t\t\t\t<a href=\"https:\/\/www.svu.edu.eg\/faculties\/fci\/%d8%aa%d9%87%d9%86%d8%a6%d8%a9-2\/\" class=\"more-button\" >\u0627\u0644\u0645\u0632\u064a\u062f <i><\/i><\/a>\n\t\t\t\t\t<\/div>\n\t\t<\/div><div class=\"clear\"><\/div>\t<\/div>\n\t\t<nav role=\"navigation\" id=\"nav-below\" class=\"site-navigation paging-navigation\">\n\t\t<h2 class=\"assistive-text\">Post navigation<\/h2>\n\n\t\n\t\t<div class='pagination'><span aria-current=\"page\" class=\"page-numbers current\">1<\/span>\n<a class=\"page-numbers\" href=\"https:\/\/www.svu.edu.eg\/faculties\/fci\/wp-json\/wp\/v2\/pages\/1944\/page\/2\/\">2<\/a>\n<a class=\"page-numbers\" href=\"https:\/\/www.svu.edu.eg\/faculties\/fci\/wp-json\/wp\/v2\/pages\/1944\/page\/3\/\">3<\/a>\n<a class=\"page-numbers\" href=\"https:\/\/www.svu.edu.eg\/faculties\/fci\/wp-json\/wp\/v2\/pages\/1944\/page\/4\/\">4<\/a>\n<a class=\"page-numbers\" href=\"https:\/\/www.svu.edu.eg\/faculties\/fci\/wp-json\/wp\/v2\/pages\/1944\/page\/5\/\">5<\/a>\n<a class=\"page-numbers\" href=\"https:\/\/www.svu.edu.eg\/faculties\/fci\/wp-json\/wp\/v2\/pages\/1944\/page\/6\/\">6<\/a>\n<span class=\"page-numbers dots\">&hellip;<\/span>\n<a class=\"page-numbers\" href=\"https:\/\/www.svu.edu.eg\/faculties\/fci\/wp-json\/wp\/v2\/pages\/1944\/page\/174\/\">174<\/a>\n<a class=\"next page-numbers\" href=\"https:\/\/www.svu.edu.eg\/faculties\/fci\/wp-json\/wp\/v2\/pages\/1944\/page\/2\/\">Next &raquo;<\/a><\/div>\n\n\t\n\t<\/nav><!-- #nav-below -->\n\t<\/div><\/div><div id=\"panel-1944-2-0-1\" class=\"so-panel widget widget_text panel-last-child\" data-index=\"3\" >\t\t\t<div class=\"textwidget\"><p><a href=\"https:\/\/www.svu.edu.eg\/faculties\/fci\/category\/news_fr\">Plus de nouvelles<\/a><\/p>\n<\/div>\n\t\t<\/div><\/div><\/div><div id=\"pg-1944-3\"  class=\"panel-grid panel-no-style\" ><div id=\"pgc-1944-3-0\"  class=\"panel-grid-cell\" ><div id=\"panel-1944-3-0-0\" class=\"so-panel widget widget_xyz_insert_php_widget panel-first-child panel-last-child\" data-index=\"4\" >\r\n\t<div \" class=\"announc\">\r\n      <h2> Conf\u00e9rences<\/h2>\r\n\t<div  class=\"announc-body\">\r\n\t<ul>\r\n             \r\n<ul><li style=\"text-align:right;\"><a href=\"category\/conf_fr\/\">Plus<\/a><\/li>\r\n<\/ul>   <\/ul>\r\n\t<\/div>\r\n\t<\/div><\/div><\/div><div id=\"pgc-1944-3-1\"  class=\"panel-grid-cell\" ><div id=\"panel-1944-3-1-0\" class=\"so-panel widget widget_media_video panel-first-child panel-last-child\" data-index=\"5\" ><\/div><\/div><div id=\"pgc-1944-3-2\"  class=\"panel-grid-cell\" ><div id=\"panel-1944-3-2-0\" class=\"so-panel widget widget_xyz_insert_php_widget panel-first-child panel-last-child\" data-index=\"6\" >\r\n\t<div \" class=\"announc\">\r\n      <h2> Annonces<\/h2>\r\n\t<div  class=\"announc-body\">\r\n\t<ul>\r\n             \r\n<ul>        <li> <a href=\" https:\/\/www.svu.edu.eg\/faculties\/fci\/fr\/ouvrez-le-concours-mere-ideale-a-luniversite-du-sud-de-la-vallee\/\" title=\"Ouvrez le Concours M\u00e8re Id\u00e9ale \u00e0 l\u2019Universit\u00e9 du sud de la vall\u00e9e\">\r\n\t\t\tOuvrez le Concours M\u00e8re Id\u00e9...<\/a> <\/li>\r\n        <li> <a href=\" https:\/\/www.svu.edu.eg\/faculties\/fci\/fr\/ensemble-concours-pour-les-etudiants-des-universites-et-des-instituts-pour-produire-de-courtes-videos-pour-sensibiliser\/\" title=\"&#8220;Ensemble.&#8221; Concours pour les \u00e9tudiants des universit\u00e9s et des instituts pour produire de courtes vid\u00e9os pour sensibiliser\">\r\n\t\t\t&#8220;Ensemble.&#8221; Con...<\/a> <\/li>\r\n        <li> <a href=\" https:\/\/www.svu.edu.eg\/faculties\/fci\/fr\/ouverture-de-lelection-des-syndicats-detudiants-a-l-universite-de-la-vallee-du-sud\/\" title=\"Ouverture de l\u2019\u00e9lection des syndicats d&#8217;\u00e9tudiants \u00e0 l&#8217; universit\u00e9 de la vall\u00e9e du sud\">\r\n\t\t\tOuverture de l\u2019\u00e9lection des...<\/a> <\/li>\r\n        <li> <a href=\" https:\/\/www.svu.edu.eg\/faculties\/fci\/fr\/programmes-de-formation-pour-novembre-2021-au-centre-de-developpement-de-la-faculte-et-du-leadership-de-luniversite\/\" title=\"Programmes de formation pour novembre 2021 au Centre de d\u00e9veloppement de la facult\u00e9 et du leadership de l\u2019Universit\u00e9\">\r\n\t\t\tProgrammes de formation pou...<\/a> <\/li>\r\n<li style=\"text-align:right;\"><a href=\"category\/ann_fr\/\">Plus<\/a><\/li>\r\n<\/ul>   <\/ul>\r\n\t<\/div>\r\n\t<\/div><\/div><\/div><\/div><div id=\"pg-1944-4\"  class=\"panel-grid panel-has-style\" ><div style=\"background-color: #c4eeff; \" class=\"panel-row-style panel-row-style-for-1944-4\" ><div id=\"pgc-1944-4-0\"  class=\"panel-grid-cell\" ><div id=\"panel-1944-4-0-0\" class=\"so-panel widget widget_circleicon-widget panel-first-child panel-last-child\" data-index=\"7\" >\t\t<div class=\"circle-icon-box circle-icon-position-top circle-icon-hide-box circle-icon-size-small \">\n\t\t\t\t\t\t\t<div class=\"circle-icon-wrapper\">\n\t\t\t\t\t\t\t\t\t\t<div class=\"circle-icon icon-style-set\" style=\"background-image: url(http:\/\/www.svu.edu.eg\/faculties\/fci\/wp-content\/uploads\/2021\/11\/images-15.png);background-color: #1e73be\">\n\t\t\t\t\t\t\t\t\t\t\t<\/div>\n\t\t\t\t\t\t\t\t\t<\/div>\n\t\t\t\n\t\t\t\t\t\t<h4 >La vision<\/h4>\t\t\t\n\t\t\t<p class=\"text\" >La facult\u00e9 des ordinateurs et informations vise \u00e0 am\u00e9liorer le niveau scientifique et appliqu\u00e9 dans les domaines des technologies de l\u2019information et de l\u2019intelligence artificielle pour atteindre une place parmi  la facult\u00e9 des ordinateurs et des informations, l\u2019excellence dans l\u2019\u00e9ducation, recherche scientifique, service communautaire aux niveaux local et r\u00e9gional, et \u00eatre classifi\u00e9 \u00e0 l\u2019\u00e9chelle internationale dans l\u2019enseignement universitaire.<\/p>\t\t\t\t\t<\/div>\n\t\t<\/div><\/div><div id=\"pgc-1944-4-1\"  class=\"panel-grid-cell\" ><div id=\"panel-1944-4-1-0\" class=\"so-panel widget widget_circleicon-widget panel-first-child panel-last-child\" data-index=\"8\" >\t\t<div class=\"circle-icon-box circle-icon-position-top circle-icon-hide-box circle-icon-size-small \">\n\t\t\t\t\t\t\t<div class=\"circle-icon-wrapper\">\n\t\t\t\t\t\t\t\t\t\t<div class=\"circle-icon icon-style-set\" style=\"background-image: url(http:\/\/www.svu.edu.eg\/faculties\/fci\/wp-content\/uploads\/2021\/11\/school-mail-logo-icon-design-vector-22831036-1.jpg);background-color: #1e73be\">\n\t\t\t\t\t\t\t\t\t\t\t<\/div>\n\t\t\t\t\t\t\t\t\t<\/div>\n\t\t\t\n\t\t\t\t\t\t<h4 >La mission                    <\/h4>\t\t\t\n\t\t\t<p class=\"text\" >La facult\u00e9 des ordinateurs et des informations s\u2019engage \u00e0 fournir une excellente \u00e9ducation et de la recherche pour l\u2019informatique hautement comp\u00e9titive, des sp\u00e9cialistes de l\u2019informatique et de l\u2019intelligence artificielle poss\u00e9dant de nombreuses connaissances et comp\u00e9tences scientifiques et appliqu\u00e9es qui r\u00e9pondent aux besoins changeants du march\u00e9 du travail. Outre la sensibilisation scientifique et l\u2019int\u00e9r\u00eat pour la recherche appliqu\u00e9e par le biais de partenariats avec des institutions et des entreprises, et chercher \u00e0 r\u00e9pondre aux besoins de la soci\u00e9t\u00e9 en fournissant une expertise en mati\u00e8re de consultation et de recherche qui sert la soci\u00e9t\u00e9 d\u2019une mani\u00e8re distincte et contribue \u00e0 un d\u00e9veloppement int\u00e9gr\u00e9 et continu.<\/p>\t\t\t\t\t<\/div>\n\t\t<\/div><\/div><div id=\"pgc-1944-4-2\"  class=\"panel-grid-cell\" ><div id=\"panel-1944-4-2-0\" class=\"so-panel widget widget_circleicon-widget panel-first-child panel-last-child\" data-index=\"9\" >\t\t<div class=\"circle-icon-box circle-icon-position-top circle-icon-hide-box circle-icon-size-small \">\n\t\t\t\t\t\t\t<div class=\"circle-icon-wrapper\">\n\t\t\t\t\t<a href=\"http:\/\/www.svu.edu.eg\/faculties\/fci\/fac-aims\/\" class=\"link-icon\" >\t\t\t\t\t<div class=\"circle-icon icon-style-set\" style=\"background-image: url(http:\/\/www.svu.edu.eg\/faculties\/fci\/wp-content\/uploads\/2021\/11\/download-2.png);background-color: #1e73be\">\n\t\t\t\t\t\t\t\t\t\t\t<\/div>\n\t\t\t\t\t<\/a>\t\t\t\t<\/div>\n\t\t\t\n\t\t\t<a href=\"http:\/\/www.svu.edu.eg\/faculties\/fci\/fac-aims\/\" class=\"link-title\" >\t\t\t<h4 >Objectifs de la facult\u00e9<\/h4>\t\t\t<\/a>\n\t\t\t<p class=\"text\" style=\"color: #5e5e5e\">La facult\u00e9 vise \u00e0 r\u00e9aliser les objectifs suivants:- 1-Formation de sp\u00e9cialis\u00e9s en informatique et en intelligence artificielle qualifi\u00e9 sur des bases th\u00e9oriques pour les qualifier \u00e0 la concurrence mondiale en constante et constante \u00e9volution. 2-Mener des \u00e9tudes et des recherches scientifiques sur les ordinateurs et les informations, principalement celles qui ont un impact direct sur le d\u00e9veloppement int\u00e9gr\u00e9 de la soci\u00e9t\u00e9  . 3-Fournir des conseils et de l\u2019aide scientifiques et techniques aux organismes qui utilisent l\u2019informatique et les technologies de l\u2019information. 4-Formation des cadres techniques dans diff\u00e9rents secteurs du pays en informatique Information et intelligence artificielle . 5-Promouvoir et approfondir la prise de conscience dans la soci\u00e9t\u00e9 afin d\u2019utiliser les technologies de l\u2019information et l\u2019intelligence artificielle dans diff\u00e9rents secteurs du pays, et d\u2019augmenter l\u2019efficacit\u00e9 de son utilisation. 6-Organiser des conf\u00e9rences scientifiques pour \u00e9lever le niveau formation et approfondissement du concept scientifique parmi les cadres sp\u00e9cialis\u00e9s. 7-Conclure des accords scientifiques avec des organismes et des institutions homologues aux niveaux local, r\u00e9gional et mondial en vue d\u2019\u00e9changer des points de vue et de mener des recherches sur les disciplines informatiques, l\u2019information et l\u2019intelligence artificielle. 8-Fournir et renforcer les moyens de publication, la recherche scientifique et son investissement dans divers domaines.  9-Cr\u00e9er des unit\u00e9s sp\u00e9cialis\u00e9es de pointe dans les diverses branches de l\u2019informatique et de l\u2019intelligence artificielle.  10-Apporter une contribution efficace au d\u00e9veloppement durable en \u00c9gypte.  11-Collaborer avec des organismes sp\u00e9cialis\u00e9s pour \u00e9laborer et localiser diff\u00e9rents syst\u00e8mes et logiciels d\u2019application. 12-Le d\u00e9veloppement continu des capacit\u00e9s de la facult\u00e9 et de ses assistants, parall\u00e8lement \u00e0 la croissance acc\u00e9l\u00e9r\u00e9e des ordinateurs et des information. 13-Poursuivre le d\u00e9veloppement des programmes d\u2019\u00e9tudes et des syst\u00e8mes \u00e9ducatifs en fonction des exigences de pr\u00e9paration d\u2019un dipl\u00f4m\u00e9 distingu\u00e9 comp\u00e9titif.<\/p>\t\t\t\t\t\t\t<a href=\"http:\/\/www.svu.edu.eg\/faculties\/fci\/fac-aims\/\" class=\"more-button\" >\u0627\u0644\u0645\u0632\u064a\u062f <i><\/i><\/a>\n\t\t\t\t\t<\/div>\n\t\t<\/div><\/div><\/div><\/div><\/div>","protected":false},"excerpt":{"rendered":"<p>Plus de nouvelles<\/p>\n","protected":false},"author":2,"featured_media":0,"parent":0,"menu_order":0,"comment_status":"closed","ping_status":"closed","template":"home-panels.php","meta":[],"_links":{"self":[{"href":"https:\/\/www.svu.edu.eg\/faculties\/fci\/wp-json\/wp\/v2\/pages\/1944"}],"collection":[{"href":"https:\/\/www.svu.edu.eg\/faculties\/fci\/wp-json\/wp\/v2\/pages"}],"about":[{"href":"https:\/\/www.svu.edu.eg\/faculties\/fci\/wp-json\/wp\/v2\/types\/page"}],"author":[{"embeddable":true,"href":"https:\/\/www.svu.edu.eg\/faculties\/fci\/wp-json\/wp\/v2\/users\/2"}],"replies":[{"embeddable":true,"href":"https:\/\/www.svu.edu.eg\/faculties\/fci\/wp-json\/wp\/v2\/comments?post=1944"}],"version-history":[{"count":16,"href":"https:\/\/www.svu.edu.eg\/faculties\/fci\/wp-json\/wp\/v2\/pages\/1944\/revisions"}],"predecessor-version":[{"id":11000,"href":"https:\/\/www.svu.edu.eg\/faculties\/fci\/wp-json\/wp\/v2\/pages\/1944\/revisions\/11000"}],"wp:attachment":[{"href":"https:\/\/www.svu.edu.eg\/faculties\/fci\/wp-json\/wp\/v2\/media?parent=1944"}],"curies":[{"name":"wp","href":"https:\/\/api.w.org\/{rel}","templated":true}]}}