{"id":6057,"date":"2022-03-01T09:16:02","date_gmt":"2022-03-01T09:16:02","guid":{"rendered":"http:\/\/www.svu.edu.eg\/faculties\/eng\/?page_id=6057"},"modified":"2022-03-01T09:16:17","modified_gmt":"2022-03-01T09:16:17","slug":"questions-importantes-pour-les-etudes-superieures","status":"publish","type":"page","link":"https:\/\/www.svu.edu.eg\/faculties\/eng\/fr\/affaires-detudes-superieures\/questions-importantes-pour-les-etudes-superieures\/","title":{"rendered":"Questions importantes pour les \u00e9tudes sup\u00e9rieures"},"content":{"rendered":"<p><span class=\"ng-star-inserted\"><span style=\"font-size: 14pt;\"><strong>Quand l&#8217;inscription dans les \u00e9tudes sup\u00e9rieures commence-t-elle \u00e0 la facult\u00e9?<\/strong><\/span><\/span><\/p>\n<p><span class=\"ng-star-inserted\">&nbsp;\u00c9tudes sup\u00e9rieures&nbsp; commencent du 1 septembre de chaque ann\u00e9e jusqu\u2019\u00e0 la fin de septembre (1\/9 au 30\/9).<\/span><\/p>\n<p><strong><span style=\"font-size: 14pt;\">Comment s&#8217;inscrire aux \u00e9tudes sup\u00e9rieures?<\/span><\/strong><\/p>\n<p>L&#8217;inscription sur ce lien:<\/p>\n<p><a href=\"http:\/\/app.svu.edu.eg\/arabic\/mis2\/pg_reg.html\"><strong> http:\/\/app.svu.edu.eg\/arabic\/mis2\/pg_reg.html<\/strong><\/a><\/p>\n<p><strong><span style=\"font-size: 14pt;\">Quels sont les frais de scolarit\u00e9?<\/span><\/strong><\/p>\n<p>Les frais de scolarit\u00e9 sont annonc\u00e9s au d\u00e9but de chaque ann\u00e9e avec la soumission et sont annonc\u00e9s sur le site Web de la facult\u00e9.<\/p>\n<p><strong><span style=\"font-size: 14pt;\">Comment puis-je savoir avec acceptation?<\/span><\/strong><\/p>\n<p>L\u2019admission ou le refus de l\u2019\u00e9tudiant est d\u00e9termin\u00e9 en entrant sur le site d\u2019inscription avec son num\u00e9ro national et son mot de passe.<\/p>\n","protected":false},"excerpt":{"rendered":"<p>Quand l&#8217;inscription dans les \u00e9tudes sup\u00e9rieures commence-t-elle \u00e0 la facult\u00e9? &nbsp;\u00c9tudes sup\u00e9rieures&nbsp; commencent du 1 septembre de chaque ann\u00e9e jusqu\u2019\u00e0 la fin de septembre (1\/9 au 30\/9). Comment s&#8217;inscrire aux [&hellip;]<\/p>\n","protected":false},"author":2,"featured_media":0,"parent":4919,"menu_order":0,"comment_status":"closed","ping_status":"closed","template":"","meta":[],"_links":{"self":[{"href":"https:\/\/www.svu.edu.eg\/faculties\/eng\/wp-json\/wp\/v2\/pages\/6057"}],"collection":[{"href":"https:\/\/www.svu.edu.eg\/faculties\/eng\/wp-json\/wp\/v2\/pages"}],"about":[{"href":"https:\/\/www.svu.edu.eg\/faculties\/eng\/wp-json\/wp\/v2\/types\/page"}],"author":[{"embeddable":true,"href":"https:\/\/www.svu.edu.eg\/faculties\/eng\/wp-json\/wp\/v2\/users\/2"}],"replies":[{"embeddable":true,"href":"https:\/\/www.svu.edu.eg\/faculties\/eng\/wp-json\/wp\/v2\/comments?post=6057"}],"version-history":[{"count":2,"href":"https:\/\/www.svu.edu.eg\/faculties\/eng\/wp-json\/wp\/v2\/pages\/6057\/revisions"}],"predecessor-version":[{"id":6059,"href":"https:\/\/www.svu.edu.eg\/faculties\/eng\/wp-json\/wp\/v2\/pages\/6057\/revisions\/6059"}],"up":[{"embeddable":true,"href":"https:\/\/www.svu.edu.eg\/faculties\/eng\/wp-json\/wp\/v2\/pages\/4919"}],"wp:attachment":[{"href":"https:\/\/www.svu.edu.eg\/faculties\/eng\/wp-json\/wp\/v2\/media?parent=6057"}],"curies":[{"name":"wp","href":"https:\/\/api.w.org\/{rel}","templated":true}]}}