{"id":6055,"date":"2022-03-01T08:55:48","date_gmt":"2022-03-01T08:55:48","guid":{"rendered":"http:\/\/www.svu.edu.eg\/faculties\/eng\/?page_id=6055"},"modified":"2022-03-01T08:55:48","modified_gmt":"2022-03-01T08:55:48","slug":"taches-de-ladministration-des-etudes-superieures","status":"publish","type":"page","link":"https:\/\/www.svu.edu.eg\/faculties\/eng\/fr\/affaires-detudes-superieures\/taches-de-ladministration-des-etudes-superieures\/","title":{"rendered":"T\u00e2ches de l&#8217;administration des \u00e9tudes sup\u00e9rieures"},"content":{"rendered":"","protected":false},"excerpt":{"rendered":"","protected":false},"author":2,"featured_media":0,"parent":4919,"menu_order":0,"comment_status":"closed","ping_status":"closed","template":"","meta":[],"_links":{"self":[{"href":"https:\/\/www.svu.edu.eg\/faculties\/eng\/wp-json\/wp\/v2\/pages\/6055"}],"collection":[{"href":"https:\/\/www.svu.edu.eg\/faculties\/eng\/wp-json\/wp\/v2\/pages"}],"about":[{"href":"https:\/\/www.svu.edu.eg\/faculties\/eng\/wp-json\/wp\/v2\/types\/page"}],"author":[{"embeddable":true,"href":"https:\/\/www.svu.edu.eg\/faculties\/eng\/wp-json\/wp\/v2\/users\/2"}],"replies":[{"embeddable":true,"href":"https:\/\/www.svu.edu.eg\/faculties\/eng\/wp-json\/wp\/v2\/comments?post=6055"}],"version-history":[{"count":1,"href":"https:\/\/www.svu.edu.eg\/faculties\/eng\/wp-json\/wp\/v2\/pages\/6055\/revisions"}],"predecessor-version":[{"id":6056,"href":"https:\/\/www.svu.edu.eg\/faculties\/eng\/wp-json\/wp\/v2\/pages\/6055\/revisions\/6056"}],"up":[{"embeddable":true,"href":"https:\/\/www.svu.edu.eg\/faculties\/eng\/wp-json\/wp\/v2\/pages\/4919"}],"wp:attachment":[{"href":"https:\/\/www.svu.edu.eg\/faculties\/eng\/wp-json\/wp\/v2\/media?parent=6055"}],"curies":[{"name":"wp","href":"https:\/\/api.w.org\/{rel}","templated":true}]}}