{"id":4929,"date":"2022-02-28T07:54:30","date_gmt":"2022-02-28T07:54:30","guid":{"rendered":"http:\/\/www.svu.edu.eg\/faculties\/eng\/?page_id=4929"},"modified":"2022-03-01T08:39:17","modified_gmt":"2022-03-01T08:39:17","slug":"protection-de-la-jeunesse","status":"publish","type":"page","link":"https:\/\/www.svu.edu.eg\/faculties\/eng\/fr\/protection-de-la-jeunesse\/","title":{"rendered":"Protection de la jeunesse"},"content":{"rendered":"<p><span id=\"s2_2\">Des jeunes qui les servent comme \u00e9tudiants pour les aider \u00e0 grandir physiquement, psychologiquement, mentalement et socialement.<\/span><br \/>\n<span id=\"s2_3\">Le leadership des \u00e9tudiants se compose du leadership professionnel du personnel du syst\u00e8me de bien-\u00eatre des \u00e9tudiants et du leadership scientifique des membres du corps professoral, qui sont le leadership scientifique, le leadership des comit\u00e9s du syndicat \u00e9tudiant, le leadership des familles \u00e9tudiantes et des leaders \u00e9tudiants et des membres du syndicat \u00e9tudiant.<\/span><br \/>\n<strong>Directeur de l&#8217;administration<\/strong><br \/>\n<span id=\"s2_5\">M. Mohammed Ahmed Suleiman<\/span><\/p>\n","protected":false},"excerpt":{"rendered":"<p>Des jeunes qui les servent comme \u00e9tudiants pour les aider \u00e0 grandir physiquement, psychologiquement, mentalement et socialement. Le leadership des \u00e9tudiants se compose du leadership professionnel du personnel du syst\u00e8me [&hellip;]<\/p>\n","protected":false},"author":2,"featured_media":0,"parent":0,"menu_order":0,"comment_status":"closed","ping_status":"closed","template":"","meta":[],"_links":{"self":[{"href":"https:\/\/www.svu.edu.eg\/faculties\/eng\/wp-json\/wp\/v2\/pages\/4929"}],"collection":[{"href":"https:\/\/www.svu.edu.eg\/faculties\/eng\/wp-json\/wp\/v2\/pages"}],"about":[{"href":"https:\/\/www.svu.edu.eg\/faculties\/eng\/wp-json\/wp\/v2\/types\/page"}],"author":[{"embeddable":true,"href":"https:\/\/www.svu.edu.eg\/faculties\/eng\/wp-json\/wp\/v2\/users\/2"}],"replies":[{"embeddable":true,"href":"https:\/\/www.svu.edu.eg\/faculties\/eng\/wp-json\/wp\/v2\/comments?post=4929"}],"version-history":[{"count":1,"href":"https:\/\/www.svu.edu.eg\/faculties\/eng\/wp-json\/wp\/v2\/pages\/4929\/revisions"}],"predecessor-version":[{"id":4930,"href":"https:\/\/www.svu.edu.eg\/faculties\/eng\/wp-json\/wp\/v2\/pages\/4929\/revisions\/4930"}],"wp:attachment":[{"href":"https:\/\/www.svu.edu.eg\/faculties\/eng\/wp-json\/wp\/v2\/media?parent=4929"}],"curies":[{"name":"wp","href":"https:\/\/api.w.org\/{rel}","templated":true}]}}