{"id":4925,"date":"2022-02-28T07:31:55","date_gmt":"2022-02-28T07:31:55","guid":{"rendered":"http:\/\/www.svu.edu.eg\/faculties\/eng\/?page_id=4925"},"modified":"2022-03-01T08:37:14","modified_gmt":"2022-03-01T08:37:14","slug":"ressources-humaines","status":"publish","type":"page","link":"https:\/\/www.svu.edu.eg\/faculties\/eng\/fr\/ressources-humaines\/","title":{"rendered":"Ressources humaines"},"content":{"rendered":"<p><strong>T\u00e2ches de l&#8217;administration des ressources humaines<\/strong><\/p>\n<p>*inscription mensuelle de salaires des membres du corps professoral, leurs assistants et des membres du personnel.<\/p>\n<p>*Inscription des salaires et des \u00e9quivalents dans les dossiers.<\/p>\n<p>*Pr\u00e9parer les notes de grade des membres du corps professoral et leurs assistants.<\/p>\n<p>Pr\u00e9parer les sous-dossiers des membres du personnel*<\/p>\n<p>*Pr\u00e9parer les dossiers sp\u00e9ciaux des&nbsp; jours f\u00e9ri\u00e9s (normal et occasionnel) pour les membres du personnel.<\/p>\n<p>* Cr\u00e9er une base de donn\u00e9es pour tous les employ\u00e9s qui comprend toutes les donn\u00e9es personnelles, d\u2019emploi et d\u2019assurance pour chaque travailleur.<br \/>\n* cr\u00e9er un fichier pour chaque agent qui contient des feuilles, des images et tout ce qui est nouveau dans le fichier agent.<\/p>\n<p>*continuer la pr\u00e9sence et le d\u00e9part du membre du personnel.<br \/>\n* faciliter les proc\u00e9dures internes et le contr\u00f4le comme les vacances, les empires et plus facilement effectuer ces t\u00e2ches<br \/>\n* Assurer le suivi des demandes quotidiennes du personnel et acc\u00e9l\u00e9rer leur mise en \u0153uvre.<br \/>\n* Suivi des nouvelles r\u00e8gles et d\u00e9cisions du d\u00e9partement de l\u2019emploi et de la sensibilisation de l\u2019Universit\u00e9 et d\u2019autres membres du personnel.<\/p>\n","protected":false},"excerpt":{"rendered":"<p>T\u00e2ches de l&#8217;administration des ressources humaines *inscription mensuelle de salaires des membres du corps professoral, leurs assistants et des membres du personnel. *Inscription des salaires et des \u00e9quivalents dans les [&hellip;]<\/p>\n","protected":false},"author":2,"featured_media":0,"parent":0,"menu_order":0,"comment_status":"closed","ping_status":"closed","template":"","meta":[],"_links":{"self":[{"href":"https:\/\/www.svu.edu.eg\/faculties\/eng\/wp-json\/wp\/v2\/pages\/4925"}],"collection":[{"href":"https:\/\/www.svu.edu.eg\/faculties\/eng\/wp-json\/wp\/v2\/pages"}],"about":[{"href":"https:\/\/www.svu.edu.eg\/faculties\/eng\/wp-json\/wp\/v2\/types\/page"}],"author":[{"embeddable":true,"href":"https:\/\/www.svu.edu.eg\/faculties\/eng\/wp-json\/wp\/v2\/users\/2"}],"replies":[{"embeddable":true,"href":"https:\/\/www.svu.edu.eg\/faculties\/eng\/wp-json\/wp\/v2\/comments?post=4925"}],"version-history":[{"count":2,"href":"https:\/\/www.svu.edu.eg\/faculties\/eng\/wp-json\/wp\/v2\/pages\/4925\/revisions"}],"predecessor-version":[{"id":4927,"href":"https:\/\/www.svu.edu.eg\/faculties\/eng\/wp-json\/wp\/v2\/pages\/4925\/revisions\/4927"}],"wp:attachment":[{"href":"https:\/\/www.svu.edu.eg\/faculties\/eng\/wp-json\/wp\/v2\/media?parent=4925"}],"curies":[{"name":"wp","href":"https:\/\/api.w.org\/{rel}","templated":true}]}}