{"id":4919,"date":"2022-02-28T06:41:00","date_gmt":"2022-02-28T06:41:00","guid":{"rendered":"http:\/\/www.svu.edu.eg\/faculties\/eng\/?page_id=4919"},"modified":"2022-03-01T08:32:38","modified_gmt":"2022-03-01T08:32:38","slug":"affaires-detudes-superieures","status":"publish","type":"page","link":"https:\/\/www.svu.edu.eg\/faculties\/eng\/fr\/affaires-detudes-superieures\/","title":{"rendered":"Affaires d&#8217;\u00e9tudes sup\u00e9rieures"},"content":{"rendered":"<p>Universit\u00e9 du sud de la vall\u00e9e remit les dipl\u00f4mes des certificats suivants:<\/p>\n<p>1-Dipl\u00f4me d\u2019\u00e9tudes sup\u00e9rieures<\/p>\n<p>2- Ma\u00eetrise en ing\u00e9nierie<\/p>\n<p>3- Ma\u00eetrise en sciences de l\u2019ing\u00e9nierie<\/p>\n<p>4- Doctorat en philosophie des sciences de l\u2019ing\u00e9nieur<\/p>\n<p>Il s\u2019agit des disciplines suivantes&nbsp;:<\/p>\n<p><strong>D&#8217;abord, le g\u00e9nie civil&nbsp;:<\/strong><\/p>\n<p>1-L&#8217; ing\u00e9nierie de la construction modernes<\/p>\n<p>2- L&#8217; ing\u00e9nierie hydraulique et installations hydrauliques<\/p>\n<p>3-L\u2019ing\u00e9nierie des travaux publics<\/p>\n<p>4- L\u2019ing\u00e9nierie de la superficie terrestre<\/p>\n<p><strong>Deuxi\u00e8mement, l\u2019architecture:<\/strong><\/p>\n<p>1-Urbanisme<\/p>\n<p>2- \u00c9tudes architecturales<\/p>\n<p><strong>Troisi\u00e8mement: ing\u00e9nierie \u00e9lectrique&nbsp;:<\/strong><br \/>\n1 Ing\u00e9nierie \u00e0 haute tension<\/p>\n<p>2- Ing\u00e9nierie \u00e9lectrique<\/p>\n<p>3 Ing\u00e9nierie \u00e9lectrique des machines<\/p>\n<p>4- Ing\u00e9nierie de contr\u00f4le<\/p>\n<p>5 Ing\u00e9nierie des communications et \u00e9lectronique<\/p>\n<p>6- Ing\u00e9nierie informatique<\/p>\n<p><strong>Quatri\u00e8mement: Ing\u00e9nierie m\u00e9canique&nbsp;:<\/strong><\/p>\n<p>1- Concevoir des pipelines et des turbines<br \/>\n2- Architecture des \u00e9nergies nouvelles et renouvelables<br \/>\n3 Ing\u00e9nierie de conception m\u00e9canique<br \/>\n4- Mat\u00e9riaux et technologie de production<br \/>\n5- Ing\u00e9nierie des v\u00e9hicules et des tracteurs<br \/>\n6- Ing\u00e9nierie de la conception des \u00e9quipements de forage<\/p>\n","protected":false},"excerpt":{"rendered":"<p>Universit\u00e9 du sud de la vall\u00e9e remit les dipl\u00f4mes des certificats suivants: 1-Dipl\u00f4me d\u2019\u00e9tudes sup\u00e9rieures 2- Ma\u00eetrise en ing\u00e9nierie 3- Ma\u00eetrise en sciences de l\u2019ing\u00e9nierie 4- Doctorat en philosophie des [&hellip;]<\/p>\n","protected":false},"author":2,"featured_media":0,"parent":0,"menu_order":0,"comment_status":"closed","ping_status":"closed","template":"","meta":[],"_links":{"self":[{"href":"https:\/\/www.svu.edu.eg\/faculties\/eng\/wp-json\/wp\/v2\/pages\/4919"}],"collection":[{"href":"https:\/\/www.svu.edu.eg\/faculties\/eng\/wp-json\/wp\/v2\/pages"}],"about":[{"href":"https:\/\/www.svu.edu.eg\/faculties\/eng\/wp-json\/wp\/v2\/types\/page"}],"author":[{"embeddable":true,"href":"https:\/\/www.svu.edu.eg\/faculties\/eng\/wp-json\/wp\/v2\/users\/2"}],"replies":[{"embeddable":true,"href":"https:\/\/www.svu.edu.eg\/faculties\/eng\/wp-json\/wp\/v2\/comments?post=4919"}],"version-history":[{"count":2,"href":"https:\/\/www.svu.edu.eg\/faculties\/eng\/wp-json\/wp\/v2\/pages\/4919\/revisions"}],"predecessor-version":[{"id":6050,"href":"https:\/\/www.svu.edu.eg\/faculties\/eng\/wp-json\/wp\/v2\/pages\/4919\/revisions\/6050"}],"wp:attachment":[{"href":"https:\/\/www.svu.edu.eg\/faculties\/eng\/wp-json\/wp\/v2\/media?parent=4919"}],"curies":[{"name":"wp","href":"https:\/\/api.w.org\/{rel}","templated":true}]}}