{"id":4905,"date":"2022-02-28T09:22:06","date_gmt":"2022-02-28T09:22:06","guid":{"rendered":"http:\/\/www.svu.edu.eg\/faculties\/eng\/?page_id=4905"},"modified":"2022-03-01T10:20:44","modified_gmt":"2022-03-01T10:20:44","slug":"sites-et-batiments","status":"publish","type":"page","link":"https:\/\/www.svu.edu.eg\/faculties\/eng\/fr\/bref-historique\/sites-et-batiments\/","title":{"rendered":"Sites et B\u00e2timents"},"content":{"rendered":"<p>La facult\u00e9 se compose de deux sites, l\u2019un \u00e0 l\u2019ext\u00e9rieur du campus et l\u2019autre \u00e0 l\u2019int\u00e9rieur du campus.<\/p>\n<p><strong>Premi\u00e8rement, les b\u00e2timents de la facult\u00e9 sont \u00e0 l\u2019ext\u00e9rieur du campus<\/strong>.<\/p>\n<p>Emplacement et b\u00e2timents selon les normes de conception standard de l\u2019infrastructure en termes de l\u2019espace complet, les espaces, les hauteurs, bo\u00eete murale, ainsi que les \u00e9l\u00e9ments de l\u2019horizontale (route) et verticale (escaliers) mouvement, les b\u00e2timents sont g\u00e9n\u00e9ralement arch\u00e9ologiques et sont \u00e9quip\u00e9s au plus haut niveau pour la nature architecturale, esth\u00e9tique et structurelle de l\u2019\u00e9tude.<\/p>\n<p>D&#8217;abord les sites et b\u00e2timents:<\/p>\n<p>la facult\u00e9 est situ\u00e9e dans un cadre historique et architectural dans le centre de Qena, 10 hectares de terrain, compos\u00e9 de trois b\u00e2timents avec un grand nombre de salles de classe et \u00e9quip\u00e9es de l\u2019Internet, comme suit&nbsp;:<\/p>\n<p>1-<strong>le b\u00e2timent principal<\/strong> est construit sur une surface plane de 1500 m\u00e8tres compos\u00e9e du rez-de-chauss\u00e9e et de trois \u00e9tages r\u00e9p\u00e9titifs (c.-\u00e0-d. surface totale d\u2019environ 6000 m\u00e8tres) et son contenu le plus important:<br \/>\n6 petits pas pour les d\u00e9partements scientifiques (chaque \u00e9chelle a une superficie de 150 m\u00e8tres), qui peut accueillir environ 100 \u00e9tudiants.<\/p>\n<p>5 salles de dessin (120 m\u00e8tres \u00e0 plat), soit environ 80 \u00e9l\u00e8ves.<\/p>\n<p>14 salles de classe (100 m\u00e8tres de terrain plat), pouvant accueillir environ 60 \u00e9l\u00e8ves.<br \/>\nTous les stands, salons et salles de classe sont \u00e9quip\u00e9s de traditionnels (3.00* 1.2m), salle de conf\u00e9rences.<\/p>\n<p>Un projecteur pour toboggans statiques et mobiles, ventilation naturelle et design architectural unique.<br \/>\nBiblioth\u00e8que (200 m\u00e8tres plats), qui peut accueillir environ 100 \u00e9tudiants, avec la disponibilit\u00e9 de la biblioth\u00e8que calcul\u00e9e sur la base de 10% du nombre total d\u2019\u00e9tudiants, desservant 1000 \u00e9tudiants.<br \/>\nCoefficient de 3 ordinateurs (100 m\u00e8tres \u00e0 plat) pouvant accueillir environ 30 \u00e9l\u00e8ves<\/p>\n<p>Unit\u00e9 de d\u00e9veloppement de l\u2019\u00e9ducation et de la r\u00e9adaptation pour l\u2019accr\u00e9ditation( Qualit\u00e9)<\/p>\n<p><strong>La salle d\u2019entra\u00eenement Seeminar (100 m\u00e8tres plats, pouvant accueillir environ 50 \u00e9tudiants) est \u00e9quip\u00e9e d\u2019un projecteur et d\u2019un \u00e9cran avec des rideaux de r\u00e9glage de la luminosit\u00e9.<br \/>\nLa salle de classe peut accueillir jusqu\u2019\u00e0 50 \u00e9l\u00e8ves.<br \/>\nEn plus des bureaux des assistants, des membres du corps professoral, des chefs de d\u00e9partements scientifiques, des agents <\/strong>et du doyen du corps professoral.<\/p>\n<p>2- <strong>le b\u00e2timent de la piste<\/strong><\/p>\n<p>Il se compose de trois marches de 500 \u00e9l\u00e8ves d\u2019une surface de piste d\u2019environ 600 m\u00e8tres plats, toutes les pistes sont \u00e9quip\u00e9es de l\u00e9gendes traditionnelles (3,00*1,2 m), et apr\u00e8s la premi\u00e8re rang\u00e9e d\u2019environ 4 m\u00e8tres de la premi\u00e8re rang\u00e9e, la plate-forme du conf\u00e9rencier, un affichage de diapositives statiques et mobiles, et la ventilation naturelle avec un design architectural unique.<\/p>\n<ol start=\"3\">\n<li>Le b\u00e2timent est un atelier (environ 300 m\u00e8tres de plat et 5 m\u00e8tres de haut.<\/li>\n<\/ol>\n<p>Il se compose de 5 ateliers m\u00e9caniques, chacun avec une capacit\u00e9 de 10 \u00e9tudiants. Les ateliers suivent les r\u00e8gles de s\u00e9curit\u00e9 industrielle et de lutte contre les incendies.<br \/>\nDeuxi\u00e8me facteur&nbsp;: le coefficient est situ\u00e9 au rez-de-chauss\u00e9e du b\u00e2timent principal et au premier \u00e9tage (\u00e0 1200 m\u00e8tres d\u2019appartement).<br \/>\n(Un espace de travail est d\u2019environ 80 m\u00e8tres) qui peut accueillir environ 30 \u00e9tudiants.<\/p>\n<p><strong>Deuxi\u00e8mement, le b\u00e2timent du campus<\/strong><\/p>\n<p>La facult\u00e9 est log\u00e9e sur le campus dans un b\u00e2timent pour les stands et un b\u00e2timent est en construction<\/p>\n","protected":false},"excerpt":{"rendered":"<p>La facult\u00e9 se compose de deux sites, l\u2019un \u00e0 l\u2019ext\u00e9rieur du campus et l\u2019autre \u00e0 l\u2019int\u00e9rieur du campus. Premi\u00e8rement, les b\u00e2timents de la facult\u00e9 sont \u00e0 l\u2019ext\u00e9rieur du campus. Emplacement [&hellip;]<\/p>\n","protected":false},"author":2,"featured_media":0,"parent":4896,"menu_order":0,"comment_status":"closed","ping_status":"closed","template":"","meta":[],"_links":{"self":[{"href":"https:\/\/www.svu.edu.eg\/faculties\/eng\/wp-json\/wp\/v2\/pages\/4905"}],"collection":[{"href":"https:\/\/www.svu.edu.eg\/faculties\/eng\/wp-json\/wp\/v2\/pages"}],"about":[{"href":"https:\/\/www.svu.edu.eg\/faculties\/eng\/wp-json\/wp\/v2\/types\/page"}],"author":[{"embeddable":true,"href":"https:\/\/www.svu.edu.eg\/faculties\/eng\/wp-json\/wp\/v2\/users\/2"}],"replies":[{"embeddable":true,"href":"https:\/\/www.svu.edu.eg\/faculties\/eng\/wp-json\/wp\/v2\/comments?post=4905"}],"version-history":[{"count":2,"href":"https:\/\/www.svu.edu.eg\/faculties\/eng\/wp-json\/wp\/v2\/pages\/4905\/revisions"}],"predecessor-version":[{"id":6102,"href":"https:\/\/www.svu.edu.eg\/faculties\/eng\/wp-json\/wp\/v2\/pages\/4905\/revisions\/6102"}],"up":[{"embeddable":true,"href":"https:\/\/www.svu.edu.eg\/faculties\/eng\/wp-json\/wp\/v2\/pages\/4896"}],"wp:attachment":[{"href":"https:\/\/www.svu.edu.eg\/faculties\/eng\/wp-json\/wp\/v2\/media?parent=4905"}],"curies":[{"name":"wp","href":"https:\/\/api.w.org\/{rel}","templated":true}]}}