{"id":4902,"date":"2022-02-28T09:13:11","date_gmt":"2022-02-28T09:13:11","guid":{"rendered":"http:\/\/www.svu.edu.eg\/faculties\/eng\/?page_id=4902"},"modified":"2022-03-01T10:21:17","modified_gmt":"2022-03-01T10:21:17","slug":"appelez-nous","status":"publish","type":"page","link":"https:\/\/www.svu.edu.eg\/faculties\/eng\/fr\/appelez-nous\/","title":{"rendered":"Appelez- nous"},"content":{"rendered":"<p><strong>Adresse: Q\u00e9na, la rue de la jeunesse musulmans (Alshobban almoslemeen)<\/strong><\/p>\n<p><strong>Num\u00e9ro de t\u00e9l\u00e9phone: 0963330248<\/strong><\/p>\n<p><strong>Fax: 0963339479<\/strong><\/p>\n<p><strong>E-mail: &nbsp;engfac@eng.svu.edu.eg<\/strong><\/p>\n","protected":false},"excerpt":{"rendered":"<p>Adresse: Q\u00e9na, la rue de la jeunesse musulmans (Alshobban almoslemeen) Num\u00e9ro de t\u00e9l\u00e9phone: 0963330248 Fax: 0963339479 E-mail: &nbsp;engfac@eng.svu.edu.eg<\/p>\n","protected":false},"author":2,"featured_media":0,"parent":0,"menu_order":0,"comment_status":"closed","ping_status":"closed","template":"","meta":[],"_links":{"self":[{"href":"https:\/\/www.svu.edu.eg\/faculties\/eng\/wp-json\/wp\/v2\/pages\/4902"}],"collection":[{"href":"https:\/\/www.svu.edu.eg\/faculties\/eng\/wp-json\/wp\/v2\/pages"}],"about":[{"href":"https:\/\/www.svu.edu.eg\/faculties\/eng\/wp-json\/wp\/v2\/types\/page"}],"author":[{"embeddable":true,"href":"https:\/\/www.svu.edu.eg\/faculties\/eng\/wp-json\/wp\/v2\/users\/2"}],"replies":[{"embeddable":true,"href":"https:\/\/www.svu.edu.eg\/faculties\/eng\/wp-json\/wp\/v2\/comments?post=4902"}],"version-history":[{"count":2,"href":"https:\/\/www.svu.edu.eg\/faculties\/eng\/wp-json\/wp\/v2\/pages\/4902\/revisions"}],"predecessor-version":[{"id":6103,"href":"https:\/\/www.svu.edu.eg\/faculties\/eng\/wp-json\/wp\/v2\/pages\/4902\/revisions\/6103"}],"wp:attachment":[{"href":"https:\/\/www.svu.edu.eg\/faculties\/eng\/wp-json\/wp\/v2\/media?parent=4902"}],"curies":[{"name":"wp","href":"https:\/\/api.w.org\/{rel}","templated":true}]}}