{"id":4863,"date":"2022-02-28T10:29:43","date_gmt":"2022-02-28T10:29:43","guid":{"rendered":"http:\/\/www.svu.edu.eg\/faculties\/eng\/?page_id=4863"},"modified":"2022-03-01T10:19:24","modified_gmt":"2022-03-01T10:19:24","slug":"objectifs-strategiques-de-la-faculte","status":"publish","type":"page","link":"https:\/\/www.svu.edu.eg\/faculties\/eng\/fr\/objectifs-strategiques-de-la-faculte\/","title":{"rendered":"Objectifs strat\u00e9giques de la facult\u00e9"},"content":{"rendered":"<p>La facult\u00e9 d&#8217;ing\u00e9nierie a &nbsp;\u00e9t\u00e9 cr\u00e9\u00e9e pour former des ing\u00e9nieurs hautement qualifi\u00e9s et sp\u00e9cialis\u00e9s qui sont capables d\u2019absorber la technologie moderne en ing\u00e9nierie, de la manipuler efficacement sur site et de suivre ses d\u00e9veloppements mondiaux en cours.<\/p>\n<p><strong>Principaux objectifs de la facult\u00e9<\/strong><\/p>\n<p>-Fournir un mod\u00e8le avanc\u00e9 de formation en g\u00e9nie li\u00e9 \u00e0 certaines industries qui servent l\u2019environnement et qui sont conformes aux tendances mondiales de l\u2019ing\u00e9nierie dans l\u2019utilisation de l\u2019informatique et de ses applications dans l\u2019industrie.<\/p>\n<p>-La facult\u00e9 d\u00e9veloppera \u00e9galement la performance, la modernisation et le fonctionnement des \u00e9tudes \u00e9conomiques et techniques pour les zones industrielles r\u00e9parties dans l&#8217;Haute-\u00c9gypte.<\/p>\n<p>-Contribuer au d\u00e9veloppement des gouvernorats du sud de l\u2019enseignement sup\u00e9rieur et \u00e0 la cr\u00e9ation d\u2019emplois (cours de formation); Ceci est conforme au programme \u00e9lectoral de son Excellence Monsieur le Pr\u00e9sident de M. Dr. \/ Premier ministre.<\/p>\n<p>-Cr\u00e9er un mod\u00e8le de collaboration entre l\u2019\u00e9tablissement d\u2019enseignement et les sites de production.<\/p>\n<p>-Le domaine de l\u2019\u00e9tude d\u2019ing\u00e9nierie a \u00e9t\u00e9 ouvert pour les fils de Qena, Mer Rouge et Wadi al-Jadid gouvernorats qui manquent de facult\u00e9s d\u2019ing\u00e9nierie, et le soulagement de la charge sur les citoyens expatri\u00e9s dans d\u2019autres gouvernorats.<\/p>\n<p>-Diriger les \u00e9tudes sup\u00e9rieures vers la r\u00e9solution de probl\u00e8mes pratiques auxquels font face les industries (p. ex., industrie de l\u2019aluminium, du sucre, du papier.<br \/>\n-Soutenir le plan de l\u2019\u00c9tat pour l\u2019\u00e9tablissement de zones industrielles dans les environs et mener des recherches appliqu\u00e9es, des \u00e9tudes, des essais et des consultations.<\/p>\n<p><strong>Caract\u00e9ristiques du programme de la facult\u00e9<\/strong><\/p>\n<p>-Le comit\u00e9 de pr\u00e9paration des cours de l\u2019Ordre a recommand\u00e9 que les cours aient les caract\u00e9ristiques suivantes : introduire de nouvelles mati\u00e8res dans les domaines des \u00e9tudes environnementales, des \u00e9nergies nouvelles et renouvelables, de la gestion et de l\u2019\u00e9conomie des l\u00e9gislateurs<\/p>\n<p>Les cours sont de nature pratique et une grande quantit\u00e9 de formation pratique de d\u00e9pannage est associ\u00e9e \u00e0 une \u00e9tude th\u00e9orique. L\u2019\u00e9tudiant sera int\u00e9ress\u00e9 par les comp\u00e9tences techniques des \u00e9tudiants en mati\u00e8re de rapports, les \u00e9tudes de recherche, les m\u00e9thodes de pr\u00e9sentation, et la pr\u00e9sentation des applications informatiques de l\u2019\u00e9tudiant, et l\u2019\u00e9tudiant aura de nouvelles et comp\u00e9tences et sera en mesure de les relier aux tendances de l\u2019\u00e9l\u00e8ve et aux besoins du march\u00e9<\/p>\n<p>Choisir des exercices et des tests pour les \u00e9l\u00e8ves afin de tenir compte des probl\u00e8mes que l\u2019on s\u2019attend \u00e0 rencontrer.<\/p>\n<p><strong>les objectifs g\u00e9n\u00e9raux de la facult\u00e9<\/strong><\/p>\n<p>-Fournir un mod\u00e8le avanc\u00e9 de formation en g\u00e9nie li\u00e9 \u00e0 certaines industries qui servent l\u2019environnement et qui sont conformes aux tendances mondiales de l\u2019ing\u00e9nierie dans l\u2019utilisation de l\u2019informatique et de ses applications dans l\u2019industrie.<br \/>\n-L\u2019application de la liste des heures approuv\u00e9es dans le syst\u00e8me d\u2019\u00e9tudes d\u2019ing\u00e9nierie conform\u00e9ment aux normes internationales pour obtenir deux niveaux d\u2019excellence en enseignement de l\u2019ing\u00e9nierie.<br \/>\n-Mener des \u00e9tudes et des recherches scientifiques universitaires et appliqu\u00e9es en sciences de l\u2019ing\u00e9nierie pour travailler au d\u00e9veloppement communautaire et contribuer au d\u00e9veloppement par des projets et des recherches.<br \/>\n-D\u00e9velopper des m\u00e9canismes pour le d\u00e9veloppement continu des programmes \u00e9ducatifs afin de pr\u00e9parer un ing\u00e9nieur capable de suivre les variables croissantes pour contribuer aux projets de d\u00e9veloppement.<\/p>\n<h1><\/h1>\n<p><strong>&nbsp;<\/strong><\/p>\n","protected":false},"excerpt":{"rendered":"<p>La facult\u00e9 d&#8217;ing\u00e9nierie a &nbsp;\u00e9t\u00e9 cr\u00e9\u00e9e pour former des ing\u00e9nieurs hautement qualifi\u00e9s et sp\u00e9cialis\u00e9s qui sont capables d\u2019absorber la technologie moderne en ing\u00e9nierie, de la manipuler efficacement sur site et [&hellip;]<\/p>\n","protected":false},"author":2,"featured_media":0,"parent":0,"menu_order":0,"comment_status":"closed","ping_status":"closed","template":"","meta":[],"_links":{"self":[{"href":"https:\/\/www.svu.edu.eg\/faculties\/eng\/wp-json\/wp\/v2\/pages\/4863"}],"collection":[{"href":"https:\/\/www.svu.edu.eg\/faculties\/eng\/wp-json\/wp\/v2\/pages"}],"about":[{"href":"https:\/\/www.svu.edu.eg\/faculties\/eng\/wp-json\/wp\/v2\/types\/page"}],"author":[{"embeddable":true,"href":"https:\/\/www.svu.edu.eg\/faculties\/eng\/wp-json\/wp\/v2\/users\/2"}],"replies":[{"embeddable":true,"href":"https:\/\/www.svu.edu.eg\/faculties\/eng\/wp-json\/wp\/v2\/comments?post=4863"}],"version-history":[{"count":2,"href":"https:\/\/www.svu.edu.eg\/faculties\/eng\/wp-json\/wp\/v2\/pages\/4863\/revisions"}],"predecessor-version":[{"id":6100,"href":"https:\/\/www.svu.edu.eg\/faculties\/eng\/wp-json\/wp\/v2\/pages\/4863\/revisions\/6100"}],"wp:attachment":[{"href":"https:\/\/www.svu.edu.eg\/faculties\/eng\/wp-json\/wp\/v2\/media?parent=4863"}],"curies":[{"name":"wp","href":"https:\/\/api.w.org\/{rel}","templated":true}]}}