{"id":4860,"date":"2022-02-28T10:26:07","date_gmt":"2022-02-28T10:26:07","guid":{"rendered":"http:\/\/www.svu.edu.eg\/faculties\/eng\/?page_id=4860"},"modified":"2022-03-01T10:18:54","modified_gmt":"2022-03-01T10:18:54","slug":"la-mission","status":"publish","type":"page","link":"https:\/\/www.svu.edu.eg\/faculties\/eng\/fr\/la-mission\/","title":{"rendered":"La mission"},"content":{"rendered":"<p><strong>La facult\u00e9 s\u2019engage \u00e0 dipl\u00f4mer des ing\u00e9nieurs hautement qualifi\u00e9s dans l\u2019utilisation de l\u2019ordinateur dans les applications industrielles modernes en offrant aux \u00e9tudiants les meilleures possibilit\u00e9s d\u2019\u00e9ducation et de services de recherche.<\/strong><\/p>\n<p><strong>-La facult\u00e9 s\u2019engage \u00e0 fournir un climat \u00e9ducatif et scientifique appropri\u00e9 bas\u00e9 sur la recherche scientifique pour encourager les \u00e9tudiants \u00e0 faire de leur mieux pour \u00eatre en mesure de comprendre le d\u00e9veloppement de la technologie moderne dans tous les domaines de l\u2019ing\u00e9nierie et \u00eatre en mesure de faire face \u00e0 la science pour r\u00e9soudre les probl\u00e8mes auxquels ils sont confront\u00e9s sur les lieux d&#8217;affectation.<\/strong><\/p>\n<p><strong>&#8211;<\/strong> <strong>La facult\u00e9 s\u2019engage \u00e0 fournir et \u00e0 faire les solutions les plus logiques dans du sud de la vall\u00e9e et elle est un centre d\u2019exp\u00e9rience pour tous les domaines de l\u2019ing\u00e9nierie.<\/strong><\/p>\n","protected":false},"excerpt":{"rendered":"<p>La facult\u00e9 s\u2019engage \u00e0 dipl\u00f4mer des ing\u00e9nieurs hautement qualifi\u00e9s dans l\u2019utilisation de l\u2019ordinateur dans les applications industrielles modernes en offrant aux \u00e9tudiants les meilleures possibilit\u00e9s d\u2019\u00e9ducation et de services de [&hellip;]<\/p>\n","protected":false},"author":2,"featured_media":0,"parent":0,"menu_order":0,"comment_status":"closed","ping_status":"closed","template":"","meta":[],"_links":{"self":[{"href":"https:\/\/www.svu.edu.eg\/faculties\/eng\/wp-json\/wp\/v2\/pages\/4860"}],"collection":[{"href":"https:\/\/www.svu.edu.eg\/faculties\/eng\/wp-json\/wp\/v2\/pages"}],"about":[{"href":"https:\/\/www.svu.edu.eg\/faculties\/eng\/wp-json\/wp\/v2\/types\/page"}],"author":[{"embeddable":true,"href":"https:\/\/www.svu.edu.eg\/faculties\/eng\/wp-json\/wp\/v2\/users\/2"}],"replies":[{"embeddable":true,"href":"https:\/\/www.svu.edu.eg\/faculties\/eng\/wp-json\/wp\/v2\/comments?post=4860"}],"version-history":[{"count":2,"href":"https:\/\/www.svu.edu.eg\/faculties\/eng\/wp-json\/wp\/v2\/pages\/4860\/revisions"}],"predecessor-version":[{"id":6099,"href":"https:\/\/www.svu.edu.eg\/faculties\/eng\/wp-json\/wp\/v2\/pages\/4860\/revisions\/6099"}],"wp:attachment":[{"href":"https:\/\/www.svu.edu.eg\/faculties\/eng\/wp-json\/wp\/v2\/media?parent=4860"}],"curies":[{"name":"wp","href":"https:\/\/api.w.org\/{rel}","templated":true}]}}