{"id":4857,"date":"2022-02-28T10:23:00","date_gmt":"2022-02-28T10:23:00","guid":{"rendered":"http:\/\/www.svu.edu.eg\/faculties\/eng\/?page_id=4857"},"modified":"2022-03-01T10:18:00","modified_gmt":"2022-03-01T10:18:00","slug":"la-vision-de-la-faculte","status":"publish","type":"page","link":"https:\/\/www.svu.edu.eg\/faculties\/eng\/fr\/la-vision-de-la-faculte\/","title":{"rendered":"La vision de la facult\u00e9"},"content":{"rendered":"<p><strong>La facult\u00e9 esp\u00e8re d&#8217;\u00eatre l\u2019une des meilleures facult\u00e9s d\u2019ing\u00e9nieurs du gouvernement dans l\u2019\u00e9ducation et la recherche scientifique, ainsi que pour atteindre une \u00e9ducation d\u2019ing\u00e9nieur de haute qualit\u00e9 au service de la soci\u00e9t\u00e9 et de l\u2019environnement environnant, et aider au d\u00e9veloppement industriel et de la construction.<\/strong><\/p>\n","protected":false},"excerpt":{"rendered":"<p>La facult\u00e9 esp\u00e8re d&#8217;\u00eatre l\u2019une des meilleures facult\u00e9s d\u2019ing\u00e9nieurs du gouvernement dans l\u2019\u00e9ducation et la recherche scientifique, ainsi que pour atteindre une \u00e9ducation d\u2019ing\u00e9nieur de haute qualit\u00e9 au service de [&hellip;]<\/p>\n","protected":false},"author":2,"featured_media":0,"parent":0,"menu_order":0,"comment_status":"closed","ping_status":"closed","template":"","meta":[],"_links":{"self":[{"href":"https:\/\/www.svu.edu.eg\/faculties\/eng\/wp-json\/wp\/v2\/pages\/4857"}],"collection":[{"href":"https:\/\/www.svu.edu.eg\/faculties\/eng\/wp-json\/wp\/v2\/pages"}],"about":[{"href":"https:\/\/www.svu.edu.eg\/faculties\/eng\/wp-json\/wp\/v2\/types\/page"}],"author":[{"embeddable":true,"href":"https:\/\/www.svu.edu.eg\/faculties\/eng\/wp-json\/wp\/v2\/users\/2"}],"replies":[{"embeddable":true,"href":"https:\/\/www.svu.edu.eg\/faculties\/eng\/wp-json\/wp\/v2\/comments?post=4857"}],"version-history":[{"count":1,"href":"https:\/\/www.svu.edu.eg\/faculties\/eng\/wp-json\/wp\/v2\/pages\/4857\/revisions"}],"predecessor-version":[{"id":4858,"href":"https:\/\/www.svu.edu.eg\/faculties\/eng\/wp-json\/wp\/v2\/pages\/4857\/revisions\/4858"}],"wp:attachment":[{"href":"https:\/\/www.svu.edu.eg\/faculties\/eng\/wp-json\/wp\/v2\/media?parent=4857"}],"curies":[{"name":"wp","href":"https:\/\/api.w.org\/{rel}","templated":true}]}}