{"id":4843,"date":"2022-02-28T09:56:13","date_gmt":"2022-02-28T09:56:13","guid":{"rendered":"http:\/\/www.svu.edu.eg\/faculties\/eng\/?page_id=4843"},"modified":"2022-11-02T10:04:21","modified_gmt":"2022-11-02T10:04:21","slug":"vice-doyen-pour-les-affaires-educatives-et-etudiants","status":"publish","type":"page","link":"https:\/\/www.svu.edu.eg\/faculties\/eng\/fr\/vice-doyen-pour-les-affaires-educatives-et-etudiants\/","title":{"rendered":"Vice \u2013doyen pour les affaires \u00e9ducatives et \u00e9tudiantes"},"content":{"rendered":"<p><img decoding=\"async\" loading=\"lazy\" class=\"aligncenter\" src=\"http:\/\/www.svu.edu.eg\/faculties\/eng\/wp-content\/uploads\/2019\/12\/%D8%AF.%D8%B9%D8%B5%D8%A7%D9%851.jpg\" alt=\"\u062a\u062d\u062a\u0648\u064a \u0647\u0630\u0647 \u0627\u0644\u0635\u0648\u0631\u0629 \u0639\u0644\u0649 \u0633\u0645\u0629 alt \u0641\u0627\u0631\u063a\u0629; \u0627\u0633\u0645 \u0627\u0644\u0645\u0644\u0641 \u0647\u0648 \u062f.\u0639\u0635\u0627\u06451.jpg\" width=\"297\" height=\"382\" \/><\/p>\n<p style=\"text-align: center;\"><span style=\"font-size: 18pt;\"><strong>Dr. Essam Ebeid Mobarek<\/strong><\/span><\/p>\n<p style=\"text-align: center;\"><span style=\"font-size: 14pt;\"><strong>Num\u00e9ro de t\u00e9l\u00e9phone: 096- 5330248<\/strong><\/span><\/p>\n<p style=\"text-align: center;\"><span style=\"font-size: 24pt;\"><strong>E-mail:<\/strong><\/span><\/p>\n<h3 style=\"text-align: center;\">:<strong><a href=\"mailto:essam.mohamed@eng.svu.edu.eg\">essam.mohamed@eng.svu.edu.eg<\/a><\/strong><\/h3>\n","protected":false},"excerpt":{"rendered":"<p>Dr. Essam Ebeid Mobarek Num\u00e9ro de t\u00e9l\u00e9phone: 096- 5330248 E-mail: :essam.mohamed@eng.svu.edu.eg<\/p>\n","protected":false},"author":2,"featured_media":0,"parent":0,"menu_order":0,"comment_status":"closed","ping_status":"closed","template":"","meta":[],"_links":{"self":[{"href":"https:\/\/www.svu.edu.eg\/faculties\/eng\/wp-json\/wp\/v2\/pages\/4843"}],"collection":[{"href":"https:\/\/www.svu.edu.eg\/faculties\/eng\/wp-json\/wp\/v2\/pages"}],"about":[{"href":"https:\/\/www.svu.edu.eg\/faculties\/eng\/wp-json\/wp\/v2\/types\/page"}],"author":[{"embeddable":true,"href":"https:\/\/www.svu.edu.eg\/faculties\/eng\/wp-json\/wp\/v2\/users\/2"}],"replies":[{"embeddable":true,"href":"https:\/\/www.svu.edu.eg\/faculties\/eng\/wp-json\/wp\/v2\/comments?post=4843"}],"version-history":[{"count":5,"href":"https:\/\/www.svu.edu.eg\/faculties\/eng\/wp-json\/wp\/v2\/pages\/4843\/revisions"}],"predecessor-version":[{"id":7004,"href":"https:\/\/www.svu.edu.eg\/faculties\/eng\/wp-json\/wp\/v2\/pages\/4843\/revisions\/7004"}],"wp:attachment":[{"href":"https:\/\/www.svu.edu.eg\/faculties\/eng\/wp-json\/wp\/v2\/media?parent=4843"}],"curies":[{"name":"wp","href":"https:\/\/api.w.org\/{rel}","templated":true}]}}