{"id":4840,"date":"2022-02-28T09:48:54","date_gmt":"2022-02-28T09:48:54","guid":{"rendered":"http:\/\/www.svu.edu.eg\/faculties\/eng\/?page_id=4840"},"modified":"2022-11-02T09:58:16","modified_gmt":"2022-11-02T09:58:16","slug":"doyen-de-la-faculte","status":"publish","type":"page","link":"https:\/\/www.svu.edu.eg\/faculties\/eng\/fr\/doyen-de-la-faculte\/","title":{"rendered":"Doyen  de la facult\u00e9"},"content":{"rendered":"<p style=\"text-align: center;\"><span style=\"font-size: 14pt;\">\u00a0<\/span><\/p>\n<p><img decoding=\"async\" class=\"aligncenter\" src=\"http:\/\/www.svu.edu.eg\/faculties\/eng\/wp-content\/uploads\/2019\/11\/fc5001cf-f422-4f65-9feb-922ae0de1889.jpg\" \/><\/p>\n<p style=\"text-align: center;\"><strong>Dr.Noby Mahdy Ghazaly<\/strong><\/p>\n<p style=\"text-align: center;\"><strong>Num\u00e9ro de t\u00e9l\u00e9phone: 096 -5330248<\/strong><\/p>\n<p style=\"text-align: center;\"><strong>E-mail:<\/strong><\/p>\n<h3 style=\"text-align: center;\"><strong><a href=\"mailto:nouby.ghazaly@eng.svu.edu.eg\">nouby.ghazaly@eng.svu.edu.eg<\/a><\/strong><\/h3>\n","protected":false},"excerpt":{"rendered":"<p>\u00a0 Dr.Noby Mahdy Ghazaly Num\u00e9ro de t\u00e9l\u00e9phone: 096 -5330248 E-mail: nouby.ghazaly@eng.svu.edu.eg<\/p>\n","protected":false},"author":2,"featured_media":0,"parent":0,"menu_order":0,"comment_status":"closed","ping_status":"closed","template":"","meta":[],"_links":{"self":[{"href":"https:\/\/www.svu.edu.eg\/faculties\/eng\/wp-json\/wp\/v2\/pages\/4840"}],"collection":[{"href":"https:\/\/www.svu.edu.eg\/faculties\/eng\/wp-json\/wp\/v2\/pages"}],"about":[{"href":"https:\/\/www.svu.edu.eg\/faculties\/eng\/wp-json\/wp\/v2\/types\/page"}],"author":[{"embeddable":true,"href":"https:\/\/www.svu.edu.eg\/faculties\/eng\/wp-json\/wp\/v2\/users\/2"}],"replies":[{"embeddable":true,"href":"https:\/\/www.svu.edu.eg\/faculties\/eng\/wp-json\/wp\/v2\/comments?post=4840"}],"version-history":[{"count":4,"href":"https:\/\/www.svu.edu.eg\/faculties\/eng\/wp-json\/wp\/v2\/pages\/4840\/revisions"}],"predecessor-version":[{"id":7003,"href":"https:\/\/www.svu.edu.eg\/faculties\/eng\/wp-json\/wp\/v2\/pages\/4840\/revisions\/7003"}],"wp:attachment":[{"href":"https:\/\/www.svu.edu.eg\/faculties\/eng\/wp-json\/wp\/v2\/media?parent=4840"}],"curies":[{"name":"wp","href":"https:\/\/api.w.org\/{rel}","templated":true}]}}