{"id":7292,"date":"2020-12-31T09:29:38","date_gmt":"2020-12-31T09:29:38","guid":{"rendered":"http:\/\/www.svu.edu.eg\/faculties\/edu\/?page_id=7292"},"modified":"2020-12-31T09:29:38","modified_gmt":"2020-12-31T09:29:38","slug":"secretariat","status":"publish","type":"page","link":"https:\/\/www.svu.edu.eg\/faculties\/edu\/fr\/secretariat\/","title":{"rendered":"Secr\u00e9tariat"},"content":{"rendered":"<p style=\"text-align: center;\"><strong><span id=\"s2_1\" style=\"font-size: 18pt;\">Administration du secr\u00e9tariat<\/span><\/strong><br \/>\n<strong><span id=\"s2_2\" style=\"font-size: 14pt;\">Bureau de doyen de la facult\u00e9<\/span><\/strong><\/p>\n<p><img decoding=\"async\" class=\"aligncenter\" src=\"http:\/\/www.svu.edu.eg\/faculties\/edu\/wp-content\/uploads\/2019\/12\/image-24.png\" \/><\/p>\n<p style=\"text-align: center;\">Mohammed Khadri Ramadan Salama<\/p>\n<p><img decoding=\"async\" class=\"aligncenter\" src=\"http:\/\/www.svu.edu.eg\/faculties\/edu\/wp-content\/uploads\/2019\/12\/image-28.png\" \/><\/p>\n<p style=\"text-align: center;\">Mohamed Taye Mahmoud Al-Tayyeb<\/p>\n<p style=\"text-align: center;\"><strong><span style=\"font-size: 14pt;\">Secr\u00e9tariat des vice- doyens\u00a0<\/span><\/strong><\/p>\n<p><img decoding=\"async\" class=\"aligncenter\" src=\"http:\/\/www.svu.edu.eg\/faculties\/edu\/wp-content\/uploads\/2019\/12\/image-25.png\" \/><\/p>\n<p style=\"text-align: center;\">Jaber Taher Muhammed Ali<\/p>\n<p style=\"text-align: center;\"><strong><span style=\"font-size: 14pt;\">Secr\u00e9tariat du d\u00e9partement de psychologie<\/span><\/strong><\/p>\n<p style=\"text-align: center;\"><strong>Secr\u00e9tariat du d\u00e9partement de p\u00e9dagogie<\/strong><\/p>\n<p style=\"text-align: center;\"><img decoding=\"async\" src=\"http:\/\/www.svu.edu.eg\/faculties\/edu\/wp-content\/uploads\/2019\/12\/image-26.png\" \/><\/p>\n<p style=\"text-align: center;\"><span style=\"font-size: 14pt;\">Fatmaa Okasha Mohamed\u00a0<\/span><\/p>\n<p style=\"text-align: center;\"><strong><span style=\"font-size: 14pt;\">Secr\u00e9tariat du d\u00e9partement de la sant\u00e9 psychologique\u00a0\u00a0<\/span><\/strong><\/p>\n<p><img decoding=\"async\" class=\"aligncenter\" src=\"http:\/\/www.svu.edu.eg\/faculties\/edu\/wp-content\/uploads\/2019\/12\/images-2-1.jpg\" \/><\/p>\n<p style=\"text-align: center;\"><span style=\"font-size: 14pt;\">Asmaa Abd El- Aziz Noh<\/span><\/p>\n","protected":false},"excerpt":{"rendered":"<p>Administration du secr\u00e9tariat Bureau de doyen de la facult\u00e9 Mohammed Khadri Ramadan Salama Mohamed Taye Mahmoud Al-Tayyeb Secr\u00e9tariat des vice- doyens\u00a0 Jaber Taher Muhammed Ali Secr\u00e9tariat du d\u00e9partement de psychologie [&hellip;]<\/p>\n","protected":false},"author":2,"featured_media":645,"parent":0,"menu_order":0,"comment_status":"closed","ping_status":"closed","template":"","meta":[],"_links":{"self":[{"href":"https:\/\/www.svu.edu.eg\/faculties\/edu\/wp-json\/wp\/v2\/pages\/7292"}],"collection":[{"href":"https:\/\/www.svu.edu.eg\/faculties\/edu\/wp-json\/wp\/v2\/pages"}],"about":[{"href":"https:\/\/www.svu.edu.eg\/faculties\/edu\/wp-json\/wp\/v2\/types\/page"}],"author":[{"embeddable":true,"href":"https:\/\/www.svu.edu.eg\/faculties\/edu\/wp-json\/wp\/v2\/users\/2"}],"replies":[{"embeddable":true,"href":"https:\/\/www.svu.edu.eg\/faculties\/edu\/wp-json\/wp\/v2\/comments?post=7292"}],"version-history":[{"count":1,"href":"https:\/\/www.svu.edu.eg\/faculties\/edu\/wp-json\/wp\/v2\/pages\/7292\/revisions"}],"predecessor-version":[{"id":7293,"href":"https:\/\/www.svu.edu.eg\/faculties\/edu\/wp-json\/wp\/v2\/pages\/7292\/revisions\/7293"}],"wp:featuredmedia":[{"embeddable":true,"href":"https:\/\/www.svu.edu.eg\/faculties\/edu\/wp-json\/wp\/v2\/media\/645"}],"wp:attachment":[{"href":"https:\/\/www.svu.edu.eg\/faculties\/edu\/wp-json\/wp\/v2\/media?parent=7292"}],"curies":[{"name":"wp","href":"https:\/\/api.w.org\/{rel}","templated":true}]}}