{"id":7289,"date":"2021-12-14T08:40:47","date_gmt":"2021-12-14T08:40:47","guid":{"rendered":"http:\/\/www.svu.edu.eg\/faculties\/edu\/?page_id=7289"},"modified":"2021-12-14T10:27:04","modified_gmt":"2021-12-14T10:27:04","slug":"protection-de-la-jeunesse","status":"publish","type":"page","link":"https:\/\/www.svu.edu.eg\/faculties\/edu\/fr\/protection-de-la-jeunesse\/","title":{"rendered":"Protection de la jeunesse"},"content":{"rendered":"<p>L&#8217;administration de la protection de la jeunesse offre aux \u00e9tudiants des services sociaux, culturels, r\u00e9cr\u00e9atifs, artistiques, sportifs et communautaires, et assure la coordination avec l&#8217;administration de la facult\u00e9 en supervisant les \u00e9lections d&#8217;union des \u00e9tudiants.<\/p>\n","protected":false},"excerpt":{"rendered":"<p>L&#8217;administration de la protection de la jeunesse offre aux \u00e9tudiants des services sociaux, culturels, r\u00e9cr\u00e9atifs, artistiques, sportifs et communautaires, et assure la coordination avec l&#8217;administration de la facult\u00e9 en supervisant [&hellip;]<\/p>\n","protected":false},"author":2,"featured_media":0,"parent":0,"menu_order":0,"comment_status":"closed","ping_status":"closed","template":"","meta":[],"_links":{"self":[{"href":"https:\/\/www.svu.edu.eg\/faculties\/edu\/wp-json\/wp\/v2\/pages\/7289"}],"collection":[{"href":"https:\/\/www.svu.edu.eg\/faculties\/edu\/wp-json\/wp\/v2\/pages"}],"about":[{"href":"https:\/\/www.svu.edu.eg\/faculties\/edu\/wp-json\/wp\/v2\/types\/page"}],"author":[{"embeddable":true,"href":"https:\/\/www.svu.edu.eg\/faculties\/edu\/wp-json\/wp\/v2\/users\/2"}],"replies":[{"embeddable":true,"href":"https:\/\/www.svu.edu.eg\/faculties\/edu\/wp-json\/wp\/v2\/comments?post=7289"}],"version-history":[{"count":1,"href":"https:\/\/www.svu.edu.eg\/faculties\/edu\/wp-json\/wp\/v2\/pages\/7289\/revisions"}],"predecessor-version":[{"id":7290,"href":"https:\/\/www.svu.edu.eg\/faculties\/edu\/wp-json\/wp\/v2\/pages\/7289\/revisions\/7290"}],"wp:attachment":[{"href":"https:\/\/www.svu.edu.eg\/faculties\/edu\/wp-json\/wp\/v2\/media?parent=7289"}],"curies":[{"name":"wp","href":"https:\/\/api.w.org\/{rel}","templated":true}]}}