{"id":7277,"date":"2020-12-31T07:51:38","date_gmt":"2020-12-31T07:51:38","guid":{"rendered":"http:\/\/www.svu.edu.eg\/faculties\/edu\/?page_id=7277"},"modified":"2022-11-02T10:30:41","modified_gmt":"2022-11-02T10:30:41","slug":"secretaire-general-de-la-faculte","status":"publish","type":"page","link":"https:\/\/www.svu.edu.eg\/faculties\/edu\/fr\/doyen-de-la-faculte\/secretaire-general-de-la-faculte\/","title":{"rendered":"Secr\u00e9taire g\u00e9n\u00e9ral de la facult\u00e9"},"content":{"rendered":"<p><img decoding=\"async\" loading=\"lazy\" class=\"aligncenter\" src=\"http:\/\/www.svu.edu.eg\/faculties\/edu\/wp-content\/uploads\/2022\/05\/7801d10d-5df8-480d-8085-4b70bbeb7e1c-300x300.jpg\" width=\"235\" height=\"235\" \/><\/p>\n<p style=\"text-align: center;\"><strong>M. Mahmoud Basheir Moraad<\/strong><\/p>\n<p style=\"text-align: center;\"><strong>Secr\u00e9taire g\u00e9n\u00e9ral de la facult\u00e9<\/strong><\/p>\n","protected":false},"excerpt":{"rendered":"<p>M. Mahmoud Basheir Moraad Secr\u00e9taire g\u00e9n\u00e9ral de la facult\u00e9<\/p>\n","protected":false},"author":2,"featured_media":0,"parent":7263,"menu_order":0,"comment_status":"closed","ping_status":"closed","template":"","meta":[],"_links":{"self":[{"href":"https:\/\/www.svu.edu.eg\/faculties\/edu\/wp-json\/wp\/v2\/pages\/7277"}],"collection":[{"href":"https:\/\/www.svu.edu.eg\/faculties\/edu\/wp-json\/wp\/v2\/pages"}],"about":[{"href":"https:\/\/www.svu.edu.eg\/faculties\/edu\/wp-json\/wp\/v2\/types\/page"}],"author":[{"embeddable":true,"href":"https:\/\/www.svu.edu.eg\/faculties\/edu\/wp-json\/wp\/v2\/users\/2"}],"replies":[{"embeddable":true,"href":"https:\/\/www.svu.edu.eg\/faculties\/edu\/wp-json\/wp\/v2\/comments?post=7277"}],"version-history":[{"count":3,"href":"https:\/\/www.svu.edu.eg\/faculties\/edu\/wp-json\/wp\/v2\/pages\/7277\/revisions"}],"predecessor-version":[{"id":16624,"href":"https:\/\/www.svu.edu.eg\/faculties\/edu\/wp-json\/wp\/v2\/pages\/7277\/revisions\/16624"}],"up":[{"embeddable":true,"href":"https:\/\/www.svu.edu.eg\/faculties\/edu\/wp-json\/wp\/v2\/pages\/7263"}],"wp:attachment":[{"href":"https:\/\/www.svu.edu.eg\/faculties\/edu\/wp-json\/wp\/v2\/media?parent=7277"}],"curies":[{"name":"wp","href":"https:\/\/api.w.org\/{rel}","templated":true}]}}