{"id":6633,"date":"2020-11-28T08:05:30","date_gmt":"2020-11-28T08:05:30","guid":{"rendered":"http:\/\/www.svu.edu.eg\/faculties\/edu\/?page_id=6633"},"modified":"2020-12-02T09:59:47","modified_gmt":"2020-12-02T09:59:47","slug":"homepage_fr","status":"publish","type":"page","link":"https:\/\/www.svu.edu.eg\/faculties\/edu\/fr\/homepage_fr\/","title":{"rendered":"Homepage_fr"},"content":{"rendered":"<div id=\"pl-6633\"  class=\"panel-layout\" ><div id=\"pg-6633-0\"  class=\"panel-grid panel-has-style\" ><div class=\"wide-grey panel-row-style panel-row-style-for-6633-0\" ><div id=\"pgc-6633-0-0\"  class=\"panel-grid-cell\" ><div id=\"panel-6633-0-0-0\" class=\"so-panel widget widget_headline-widget panel-first-child panel-last-child\" data-index=\"0\" ><div class=\"panel-widget-style panel-widget-style-for-6633-0-0-0\" >\t\t<h1>La facult\u00e9 de p\u00e9dagogie accueille de nouveaux \u00e9tudiants<\/h1>\n\t\t<div class=\"decoration\"><div class=\"decoration-inside\"><\/div><\/div>\n\t\t<h3>2020-2021<\/h3>\n\t\t<\/div><\/div><\/div><\/div><\/div><div id=\"pg-6633-1\"  class=\"panel-grid panel-no-style\" ><div id=\"pgc-6633-1-0\"  class=\"panel-grid-cell\" ><div id=\"panel-6633-1-0-0\" class=\"so-panel widget widget_siteorigin-panels-postloop panel-first-child\" data-index=\"1\" ><h3 class=\"widget-title\">Nouvelles<\/h3>\n<article id=\"post-23137\" class=\"post-23137 post type-post status-publish format-standard hentry category-news\">\n\n\t\n\t<div class=\"entry-main\">\n\n\t\t\n\t\t<header class=\"entry-header\">\n\t\t\t\n\t\t\t<h1 class=\"entry-title\"><a href=\"https:\/\/www.svu.edu.eg\/faculties\/edu\/%d8%ac%d8%af%d8%a7%d9%88%d9%84-%d9%85%d8%ad%d8%a7%d8%b6%d8%b1%d8%a7%d8%aa-%d9%83%d9%84%d9%8a%d8%a9-%d8%a7%d9%84%d8%aa%d8%b1%d8%a8%d9%8a%d8%a9-%d8%ac%d8%a7%d9%85%d8%b9%d8%a9-%d9%82%d9%86%d8%a7-%d8%a7\/\" title=\"Permalink to \u062c\u062f\u0627\u0648\u0644 \u0645\u062d\u0627\u0636\u0631\u0627\u062a \u0643\u0644\u064a\u0629 \u0627\u0644\u062a\u0631\u0628\u064a\u0629 &#8211; \u062c\u0627\u0645\u0639\u0629 \u0642\u0646\u0627 \u0627\u0644\u0641\u0635\u0644 \u0627\u0644\u062f\u0631\u0627\u0633\u064a \u0627\u0644\u062b\u0627\u0646\u064a \u0644\u0644\u0639\u0627\u0645 \u0627\u0644\u062c\u0627\u0645\u0639\u064a 2025 \/ 2026 \u0645  \u062a\u0639\u0644\u0646 \u0625\u062f\u0627\u0631\u0629 \u0643\u0644\u064a\u0629 \u0627\u0644\u062a\u0631\u0628\u064a\u0629 &#8211; \u062c\u0627\u0645\u0639\u0629 \u0642\u0646\u0627 \u0639\u0646 ( \u0627\u0644\u0646\u0633\u062e\u0629 \u0627\u0644\u0645\u0628\u062f\u0626\u064a\u0629 )  \u0644\u062c\u062f\u0627\u0648\u0644 \u0645\u062d\u0627\u0636\u0631\u0627\u062a \u0643\u0644\u064a\u0629 \u0627\u0644\u062a\u0631\u0628\u064a\u0629 &#8211; \u062c\u0627\u0645\u0639\u0629 \u0642\u0646\u0627 \u0627\u0644\u0641\u0635\u0644 \u0627\u0644\u062f\u0631\u0627\u0633\u064a \u0627\u0644\u062b\u0627\u0646\u064a \u0644\u0644\u0639\u0627\u0645 \u0627\u0644\u062c\u0627\u0645\u0639\u064a 2025 \/ 2026 \u0645\" rel=\"bookmark\">\u062c\u062f\u0627\u0648\u0644 \u0645\u062d\u0627\u0636\u0631\u0627\u062a \u0643\u0644\u064a\u0629 \u0627\u0644\u062a\u0631\u0628\u064a\u0629 &#8211; \u062c\u0627\u0645\u0639\u0629 \u0642\u0646\u0627 \u0627\u0644\u0641\u0635\u0644 \u0627\u0644\u062f\u0631\u0627\u0633\u064a \u0627\u0644\u062b\u0627\u0646\u064a \u0644\u0644\u0639\u0627\u0645 \u0627\u0644\u062c\u0627\u0645\u0639\u064a 2025 \/ 2026 \u0645  \u062a\u0639...<\/a><\/h1>\n\n\t\t\t\t\t\t\t<div class=\"entry-meta\">\n\t\t\t\t\t<a href=\"https:\/\/www.svu.edu.eg\/faculties\/edu\/%d8%ac%d8%af%d8%a7%d9%88%d9%84-%d9%85%d8%ad%d8%a7%d8%b6%d8%b1%d8%a7%d8%aa-%d9%83%d9%84%d9%8a%d8%a9-%d8%a7%d9%84%d8%aa%d8%b1%d8%a8%d9%8a%d8%a9-%d8%ac%d8%a7%d9%85%d8%b9%d8%a9-%d9%82%d9%86%d8%a7-%d8%a7\/\" title=\"3:23 pm\" rel=\"bookmark\"><time class=\"entry-date\" datetime=\"2026-02-06T15:23:12+02:00\">06\/02\/2026<\/time><\/a><time class=\"updated\" datetime=\"2026-02-06T15:23:12+02:00\">06\/02\/2026<\/time>  \t\t\t\t<\/div><!-- .entry-meta -->\n\t\t\t\n\t\t<\/header><!-- .entry-header -->\n\n\t\t\t\t\t<div class=\"entry-content\">\n\t\t\t\t<p>\u062c\u062f\u0627\u0648\u0644 \u0645\u062d\u0627\u0636\u0631\u0627\u062a \u0643\u0644\u064a\u0629 \u0627\u0644\u062a\u0631\u0628\u064a\u0629 &#8211; \u062c\u0627\u0645\u0639\u0629 \u0642\u0646\u0627 \u0627\u0644\u0641\u0635\u0644 \u0627\u0644\u062f\u0631\u0627\u0633\u064a \u0627\u0644\u062b\u0627\u0646\u064a \u0644\u0644\u0639\u0627\u0645 \u0627\u0644\u062c\u0627\u0645\u0639\u064a 2025 \/ 2026 \u0645 \u062a\u0639\u0644\u0646 \u0625\u062f\u0627\u0631\u0629 \u0643\u0644\u064a\u0629 \u0627\u0644\u062a\u0631\u0628\u064a\u0629 &#8211; \u062c\u0627\u0645\u0639\u0629 \u0642\u0646\u0627 \u0639\u0646 ( \u0627\u0644\u0646\u0633\u062e\u0629 \u0627\u0644\u0645\u0628\u062f\u0626\u064a\u0629 ) \u0644\u062c\u062f\u0627\u0648\u0644 \u0645\u062d\u0627\u0636\u0631\u0627\u062a [&hellip;]<\/p>\n\t\t\t\t\t\t\t\t<a class=\"more-link\" href=\"https:\/\/www.svu.edu.eg\/faculties\/edu\/%d8%ac%d8%af%d8%a7%d9%88%d9%84-%d9%85%d8%ad%d8%a7%d8%b6%d8%b1%d8%a7%d8%aa-%d9%83%d9%84%d9%8a%d8%a9-%d8%a7%d9%84%d8%aa%d8%b1%d8%a8%d9%8a%d8%a9-%d8%ac%d8%a7%d9%85%d8%b9%d8%a9-%d9%82%d9%86%d8%a7-%d8%a7\/\">\u0627\u0644\u0645\u0632\u064a\u062f<span class=\"meta-nav\">&rarr;<\/span><\/a>\t\t\t\t\t\t\t<\/div><!-- .entry-content -->\n\t\t\n\t\t\n\t<\/div>\n\n<\/article><!-- #post-23137 -->\n\n<article id=\"post-23117\" class=\"post-23117 post type-post status-publish format-standard has-post-thumbnail hentry category-news post-with-thumbnail post-with-thumbnail-icon\">\n\n\t\t\t<div class=\"entry-thumbnail\">\n\t\t\t<a href=\"https:\/\/www.svu.edu.eg\/faculties\/edu\/%d9%82%d9%88%d8%a7%d8%a6%d9%85-%d8%a7%d9%84%d8%aa%d8%b1%d8%a8%d9%8a%d8%a9-%d8%a7%d9%84%d8%b9%d9%85%d9%84%d9%8a%d8%a9-%d8%a8%d8%a7%d9%84%d9%85%d8%af%d8%a7%d8%b1%d8%b3-%d9%84%d8%b7%d9%84%d8%a7%d8%a8\/\"><img width=\"200\" height=\"133\" src=\"https:\/\/www.svu.edu.eg\/faculties\/edu\/wp-content\/uploads\/2025\/11\/images-200x133.png\" class=\"attachment-thumbnail size-thumbnail wp-post-image\" alt=\"\" decoding=\"async\" loading=\"lazy\" srcset=\"https:\/\/www.svu.edu.eg\/faculties\/edu\/wp-content\/uploads\/2025\/11\/images-200x133.png 200w, https:\/\/www.svu.edu.eg\/faculties\/edu\/wp-content\/uploads\/2025\/11\/images-272x182.png 272w, https:\/\/www.svu.edu.eg\/faculties\/edu\/wp-content\/uploads\/2025\/11\/images.png 276w\" sizes=\"(max-width: 200px) 100vw, 200px\" \/><\/a>\n\t\t<\/div>\n\t\n\t<div class=\"entry-main\">\n\n\t\t\n\t\t<header class=\"entry-header\">\n\t\t\t\n\t\t\t<h1 class=\"entry-title\"><a href=\"https:\/\/www.svu.edu.eg\/faculties\/edu\/%d9%82%d9%88%d8%a7%d8%a6%d9%85-%d8%a7%d9%84%d8%aa%d8%b1%d8%a8%d9%8a%d8%a9-%d8%a7%d9%84%d8%b9%d9%85%d9%84%d9%8a%d8%a9-%d8%a8%d8%a7%d9%84%d9%85%d8%af%d8%a7%d8%b1%d8%b3-%d9%84%d8%b7%d9%84%d8%a7%d8%a8\/\" title=\"Permalink to \u0642\u0648\u0627\u0626\u0645 \u0627\u0644\u062a\u0631\u0628\u064a\u0629 \u0627\u0644\u0639\u0645\u0644\u064a\u0629 \u0628\u0627\u0644\u0645\u062f\u0627\u0631\u0633 \u0644\u0637\u0644\u0627\u0628 \u0627\u0644\u0641\u0631\u0642\u0629 \u0627\u0644\u0623\u0648\u0644\u064a \u062c\u0645\u064a\u0639 \u0627\u0644\u0628\u0631\u0627\u0645\u062c \u0627\u0644\u062f\u0631\u0627\u0633\u064a\u0629 \u0627\u0644\u0641\u0635\u0644 \u0627\u0644\u062f\u0631\u0627\u0633\u064a \u0627\u0644\u062b\u0627\u0646\u064a \u0641\u0628\u0631\u0627\u064a\u0631 2026 \u0644\u0644\u0639\u0627\u0645 \u0627\u0644\u062c\u0627\u0645\u0639\u064a 2025 \/ 2026 \u0645\" rel=\"bookmark\">\u0642\u0648\u0627\u0626\u0645 \u0627\u0644\u062a\u0631\u0628\u064a\u0629 \u0627\u0644\u0639\u0645\u0644\u064a\u0629 \u0628\u0627\u0644\u0645\u062f\u0627\u0631\u0633 \u0644\u0637\u0644\u0627\u0628 \u0627\u0644\u0641\u0631\u0642\u0629 \u0627\u0644\u0623\u0648\u0644\u064a \u062c\u0645\u064a\u0639 \u0627\u0644\u0628\u0631\u0627\u0645\u062c \u0627\u0644\u062f\u0631\u0627\u0633\u064a\u0629 \u0627\u0644\u0641\u0635\u0644 \u0627\u0644\u062f\u0631\u0627\u0633\u064a \u0627\u0644\u062b\u0627\u0646\u064a \u0641\u0628\u0631...<\/a><\/h1>\n\n\t\t\t\t\t\t\t<div class=\"entry-meta\">\n\t\t\t\t\t<a href=\"https:\/\/www.svu.edu.eg\/faculties\/edu\/%d9%82%d9%88%d8%a7%d8%a6%d9%85-%d8%a7%d9%84%d8%aa%d8%b1%d8%a8%d9%8a%d8%a9-%d8%a7%d9%84%d8%b9%d9%85%d9%84%d9%8a%d8%a9-%d8%a8%d8%a7%d9%84%d9%85%d8%af%d8%a7%d8%b1%d8%b3-%d9%84%d8%b7%d9%84%d8%a7%d8%a8\/\" title=\"2:04 pm\" rel=\"bookmark\"><time class=\"entry-date\" datetime=\"2026-02-01T14:04:22+02:00\">01\/02\/2026<\/time><\/a><time class=\"updated\" datetime=\"2026-02-01T14:05:27+02:00\">01\/02\/2026<\/time>  \t\t\t\t<\/div><!-- .entry-meta -->\n\t\t\t\n\t\t<\/header><!-- .entry-header -->\n\n\t\t\t\t\t<div class=\"entry-content\">\n\t\t\t\t<p>\u062a\u0639\u0644\u0646 \u0627\u062f\u0627\u0631\u0629 \u0643\u0644\u064a\u0629 \u0627\u0644\u062a\u0631\u0628\u064a\u0629 \u062c\u0627\u0645\u0639\u0629 \u0642\u0646\u0627 \u0639\u0646 \u0642\u0648\u0627\u0626\u0645 \u0627\u0644\u062a\u0631\u0628\u064a\u0629 \u0627\u0644\u0639\u0645\u0644\u064a\u0629 \u0628\u0627\u0644\u0645\u062f\u0627\u0631\u0633 \u0644\u0637\u0644\u0627\u0628 \u0627\u0644\u0641\u0631\u0642\u0629 \u0627\u0644\u0623\u0648\u0644\u064a \u062c\u0645\u064a\u0639 \u0627\u0644\u0628\u0631\u0627\u0645\u062c \u0627\u0644\u062f\u0631\u0627\u0633\u064a\u0629 \u0627\u0644\u0641\u0635\u0644 \u0627\u0644\u062f\u0631\u0627\u0633\u064a \u0627\u0644\u062b\u0627\u0646\u064a \u0641\u0628\u0631\u0627\u064a\u0631 2026 \u0644\u0644\u0639\u0627\u0645 \u0627\u0644\u062c\u0627\u0645\u0639\u064a 2025 \/ 2026 \u0645 \u062d\u064a\u062b \u062a\u0628\u062f\u0623 [&hellip;]<\/p>\n\t\t\t\t\t\t\t\t<a class=\"more-link\" href=\"https:\/\/www.svu.edu.eg\/faculties\/edu\/%d9%82%d9%88%d8%a7%d8%a6%d9%85-%d8%a7%d9%84%d8%aa%d8%b1%d8%a8%d9%8a%d8%a9-%d8%a7%d9%84%d8%b9%d9%85%d9%84%d9%8a%d8%a9-%d8%a8%d8%a7%d9%84%d9%85%d8%af%d8%a7%d8%b1%d8%b3-%d9%84%d8%b7%d9%84%d8%a7%d8%a8\/\">\u0627\u0644\u0645\u0632\u064a\u062f<span class=\"meta-nav\">&rarr;<\/span><\/a>\t\t\t\t\t\t\t<\/div><!-- .entry-content -->\n\t\t\n\t\t\n\t<\/div>\n\n<\/article><!-- #post-23117 -->\n<\/div><div id=\"panel-6633-1-0-1\" class=\"so-panel widget widget_text panel-last-child\" data-index=\"2\" >\t\t\t<div class=\"textwidget\"><p style=\"direction: ltr;\"><a href=\"http:\/\/www.svu.edu.eg\/faculties\/edu\/category\/news_fr\"><strong>Plus de nouvelles<\/strong><\/a><\/p>\n<\/div>\n\t\t<\/div><\/div><\/div><div id=\"pg-6633-2\"  class=\"panel-grid panel-no-style\" ><div id=\"pgc-6633-2-0\"  class=\"panel-grid-cell\" ><div id=\"panel-6633-2-0-0\" class=\"so-panel widget widget_xyz_insert_php_widget panel-first-child panel-last-child\" data-index=\"3\" ><div class=\"panel-widget-style panel-widget-style-for-6633-2-0-0\" >\r\n\t<div class=\"announc\">\r\n      <h2> Conf\u00e9rences <\/h2>\r\n\t<div class=\"announc-body\">\r\n\t<ul>\r\n             \r\n<ul>        <li> <a href=\" https:\/\/www.svu.edu.eg\/faculties\/edu\/fr\/debut-de-letude-du-deuxieme-semestre-de-lannee-academique-2022-2023\/\" title=\"D\u00e9but de l\u2019\u00e9tude du deuxi\u00e8me semestre de l\u2019ann\u00e9e acad\u00e9mique 2022- 2023\">\r\n\t\t\tD\u00e9but de l\u2019\u00e9tude du deuxi\u00e8m...<\/a> <\/li>\r\n        <li> <a href=\" https:\/\/www.svu.edu.eg\/faculties\/edu\/fr\/seminaire-de-maitrise-5\/\" title=\"S\u00e9minaire de ma\u00eetrise\">\r\n\t\t\tS\u00e9minaire de ma\u00eetrise<\/a> <\/li>\r\n        <li> <a href=\" https:\/\/www.svu.edu.eg\/faculties\/edu\/fr\/seminaire-de-doctorat-3\/\" title=\"S\u00e9minaire de doctorat\">\r\n\t\t\tS\u00e9minaire de doctorat<\/a> <\/li>\r\n        <li> <a href=\" https:\/\/www.svu.edu.eg\/faculties\/edu\/fr\/la-faculte-de-pedagogie-participe-au-convoi-multidisciplinaire-de-luniversite-dans-le-village-dabodeab-a-deshna\/\" title=\"La facult\u00e9 de p\u00e9dagogie participe au convoi multidisciplinaire de l&#8217;Universit\u00e9 dans le village d&#8217;Abodeab \u00e0 Deshna\">\r\n\t\t\tLa facult\u00e9 de p\u00e9dagogie par...<\/a> <\/li>\r\n<li style=\"text-align:left;\"><a href=\"category\/conf_fr\/\">Plus<\/a><\/li>\r\n<\/ul>   <\/ul>\r\n\t<\/div>\r\n\t<\/div><\/div><\/div><\/div><div id=\"pgc-6633-2-1\"  class=\"panel-grid-cell\" ><div id=\"panel-6633-2-1-0\" class=\"so-panel widget widget_media_video panel-first-child panel-last-child\" data-index=\"4\" ><div style=\"width:100%;\" class=\"wp-video\"><!--[if lt IE 9]><script>document.createElement('video');<\/script><![endif]-->\n<video class=\"wp-video-shortcode\" id=\"video-11856-1\" preload=\"metadata\" controls=\"controls\"><source type=\"video\/youtube\" src=\"https:\/\/youtu.be\/OctJs9ER8V0?_=1\" \/><a href=\"https:\/\/youtu.be\/OctJs9ER8V0\">https:\/\/youtu.be\/OctJs9ER8V0<\/a><\/video><\/div><\/div><\/div><div id=\"pgc-6633-2-2\"  class=\"panel-grid-cell\" ><div id=\"panel-6633-2-2-0\" class=\"so-panel widget widget_xyz_insert_php_widget panel-first-child panel-last-child\" data-index=\"5\" >\r\n\t<div class=\"announc\">\r\n      <h2>Annonces <\/h2>\r\n\t<div class=\"announc-body\">\r\n\t<ul>\r\n             \r\n<ul>        <li> <a href=\" https:\/\/www.svu.edu.eg\/faculties\/edu\/fr\/debut-de-letude-du-deuxieme-semestre-de-lannee-academique-2022-2023\/\" title=\"D\u00e9but de l\u2019\u00e9tude du deuxi\u00e8me semestre de l\u2019ann\u00e9e acad\u00e9mique 2022- 2023\">\r\n\t\t\tD\u00e9but de l\u2019\u00e9tude du deuxi\u00e8m...<\/a> <\/li>\r\n        <li> <a href=\" https:\/\/www.svu.edu.eg\/faculties\/edu\/fr\/seminaire-de-maitrise-5\/\" title=\"S\u00e9minaire de ma\u00eetrise\">\r\n\t\t\tS\u00e9minaire de ma\u00eetrise<\/a> <\/li>\r\n        <li> <a href=\" https:\/\/www.svu.edu.eg\/faculties\/edu\/fr\/seminaire-de-doctorat-3\/\" title=\"S\u00e9minaire de doctorat\">\r\n\t\t\tS\u00e9minaire de doctorat<\/a> <\/li>\r\n        <li> <a href=\" https:\/\/www.svu.edu.eg\/faculties\/edu\/fr\/la-faculte-de-pedagogie-participe-au-convoi-multidisciplinaire-de-luniversite-dans-le-village-dabodeab-a-deshna\/\" title=\"La facult\u00e9 de p\u00e9dagogie participe au convoi multidisciplinaire de l&#8217;Universit\u00e9 dans le village d&#8217;Abodeab \u00e0 Deshna\">\r\n\t\t\tLa facult\u00e9 de p\u00e9dagogie par...<\/a> <\/li>\r\n<li style=\"text-align:left;\"><a href=\"category\/ann_fr\/\">Plus<\/a><\/li>\r\n<\/ul>   <\/ul>\r\n\t<\/div>\r\n\t<\/div><\/div><\/div><\/div><div id=\"pg-6633-3\"  class=\"panel-grid panel-has-style\" ><div style=\"background-color: #c4eeff; \" class=\"panel-row-style panel-row-style-for-6633-3\" ><div id=\"pgc-6633-3-0\"  class=\"panel-grid-cell\" ><div id=\"panel-6633-3-0-0\" class=\"so-panel widget widget_circleicon-widget panel-first-child panel-last-child\" data-index=\"6\" >\t\t<div class=\"circle-icon-box circle-icon-position-top circle-icon-hide-box circle-icon-size-small \">\n\t\t\t\t\t\t\t<div class=\"circle-icon-wrapper\">\n\t\t\t\t\t\t\t\t\t\t<a href=\"http:\/\/www.svu.edu.eg\/faculties\/edu\/%d8%b9%d9%86-%d8%a7%d9%84%d9%83%d9%84%d9%8a%d8%a9-2\/\" class=\"link-icon\" >\t\t\t\t\t<div class=\"circle-icon icon-style-set\" style=\"background-color: #8224e3\">\n\t\t\t\t\t\t\t\t\t\t\t\t\t<div class=\"fa fa-pencil\" ><\/div>\n\t\t\t\t\t\t\t\t\t\t\t<\/div> \n\t\t\t\t\t<\/a>\t\t\t\t<\/div>\n\t\t\t\n\t\t\t\t\t\t\t<a href=\"http:\/\/www.svu.edu.eg\/faculties\/edu\/%d8%b9%d9%86-%d8%a7%d9%84%d9%83%d9%84%d9%8a%d8%a9-2\/\" class=\"link-title\" >\n\t\t\t\t\t\t\t\t\t\t<h4 style=\"color: #8224e3\">\n\t\t\t\t\tA&#8217; propos \t\t\t\t<\/h4>\n\t\t\t\t\t\t\t\t\t\t<\/a>\n\t\t\t\n\t\t\t\t\t\t\t<p class=\"text\" style=\"color: #000000\">La facult\u00e9 a \u00e9t\u00e9 fond\u00e9e en 1970. elle  est bas\u00e9 l'\u00e9cole secondaire de gar\u00e7ons \u00e0 Qena \u00e0 la rue de sabry Abo Alam (les \u00e9coles pr\u00e9c\u00e9demment) mais maintenant c'est la facult\u00e9 d\u2019ing\u00e9nierie. Elle  s\u2019agit de la premi\u00e8re facult\u00e9 de la section d\u2019Assiout \u00e0 Qena  puis la facult\u00e9 des sciences et des lettres. Sa place maintenant est \u00e0 c\u00f4te de la facult\u00e9 des lettres.  Le but de la facult\u00e9 est d\u00e9veloppement les capacit\u00e9s, la personnalit\u00e9, les qualit\u00e9s morales et religieuse de l'individu et elle respecte les hommes en tenant compte des crit\u00e8res compl\u00e9mentaires, d\u2019inclus vite et d\u2019intelligence.  La facult\u00e9 de p\u00e9dagogie est une facult\u00e9 prestigieuse dans l'histoire de l'Universit\u00e9 du Sud de la vall\u00e9e car elle a trois d\u00e9partements. <\/p>\n\t\t\t\t\t\t\t\t\t\t<a href=\"http:\/\/www.svu.edu.eg\/faculties\/edu\/%d8%b9%d9%86-%d8%a7%d9%84%d9%83%d9%84%d9%8a%d8%a9-2\/\" class=\"more-button\" >\u0627\u0644\u0645\u0632\u064a\u062f <i><\/i><\/a>\n\t\t\t\t\t<\/div>\n\t\t<\/div><\/div><div id=\"pgc-6633-3-1\"  class=\"panel-grid-cell\" ><div id=\"panel-6633-3-1-0\" class=\"so-panel widget widget_circleicon-widget panel-first-child panel-last-child\" data-index=\"7\" >\t\t<div class=\"circle-icon-box circle-icon-position-top circle-icon-hide-box circle-icon-size-small \">\n\t\t\t\t\t\t\t<div class=\"circle-icon-wrapper\">\n\t\t\t\t\t\t\t\t\t\t<a href=\"http:\/\/www.svu.edu.eg\/faculties\/edu\/%d8%b1%d8%b3%d8%a7%d9%84%d8%a9-%d8%a7%d9%84%d9%83%d9%84%d9%8a%d8%a9\/\" class=\"link-icon\" >\t\t\t\t\t<div class=\"circle-icon icon-style-set\" style=\"background-color: #8224e3\">\n\t\t\t\t\t\t\t\t\t\t\t\t\t<div class=\"fa fa-check-circle-o\" style=\"color: #ffffff\"><\/div>\n\t\t\t\t\t\t\t\t\t\t\t<\/div> \n\t\t\t\t\t<\/a>\t\t\t\t<\/div>\n\t\t\t\n\t\t\t\t\t\t\t<a href=\"http:\/\/www.svu.edu.eg\/faculties\/edu\/%d8%b1%d8%b3%d8%a7%d9%84%d8%a9-%d8%a7%d9%84%d9%83%d9%84%d9%8a%d8%a9\/\" class=\"link-title\" >\n\t\t\t\t\t\t\t\t\t\t<h4 style=\"color: #8224e3\">\n\t\t\t\t\tLa mission\t\t\t\t<\/h4>\n\t\t\t\t\t\t\t\t\t\t<\/a>\n\t\t\t\n\t\t\t\t\t\t\t<p class=\"text\" style=\"color: #000000\">La facult\u00e9 de p\u00e9dagogie  de Q\u00e9na  offre  les dipl\u00f4m\u00e9s  distingu\u00e9s(les excellentes licenci\u00e9es) avec  qualifications professionnelles et \u00e9thiques qui peut effectuer des \u00e9tudes et des recherches p\u00e9dagogiques qui r\u00e9pondent aux exigences au march\u00e9 du travail en utilisant des technologies  modernes pour r\u00e9aliser le d\u00e9veloppement durable dans le cadre des valeurs de la soci\u00e9t\u00e9 \u00e9gyptienne .<\/p>\n\t\t\t\t\t\t\t\t\t\t<a href=\"http:\/\/www.svu.edu.eg\/faculties\/edu\/%d8%b1%d8%b3%d8%a7%d9%84%d8%a9-%d8%a7%d9%84%d9%83%d9%84%d9%8a%d8%a9\/\" class=\"more-button\" >\u0627\u0644\u0645\u0632\u064a\u062f <i><\/i><\/a>\n\t\t\t\t\t<\/div>\n\t\t<\/div><\/div><div id=\"pgc-6633-3-2\"  class=\"panel-grid-cell\" ><div id=\"panel-6633-3-2-0\" class=\"so-panel widget widget_circleicon-widget panel-first-child panel-last-child\" data-index=\"8\" >\t\t<div class=\"circle-icon-box circle-icon-position-top circle-icon-hide-box circle-icon-size-small \">\n\t\t\t\t\t\t\t<div class=\"circle-icon-wrapper\">\n\t\t\t\t\t\t\t\t\t\t<div class=\"circle-icon icon-style-set\" style=\"background-color: #8224e3\">\n\t\t\t\t\t\t\t\t\t\t\t\t\t<div class=\"fa fa-clock-o\" ><\/div>\n\t\t\t\t\t\t\t\t\t\t\t<\/div> \n\t\t\t\t\t\t\t\t\t<\/div>\n\t\t\t\n\t\t\t\t\t\t\t\t\t\t<h4 style=\"color: #8224e3\">\n\t\t\t\t\tLa vision\t\t\t\t<\/h4>\n\t\t\t\t\t\t\n\t\t\t\t\t\t\t<p class=\"text\" style=\"color: #000000\">La facult\u00e9 de p\u00e9dagogie de Q\u00e9na  est remarquable en diff\u00e9rent domaines d'\u00e9ducation, apprentissage, et de la recherche p\u00e9dagogique qui servent la soci\u00e9t\u00e9 en local et r\u00e9gionale.<\/p>\n\t\t\t\t\t\t\t\t<\/div>\n\t\t<\/div><\/div><\/div><\/div><\/div>","protected":false},"excerpt":{"rendered":"<p>Plus de nouvelles<\/p>\n","protected":false},"author":2,"featured_media":0,"parent":0,"menu_order":0,"comment_status":"closed","ping_status":"closed","template":"home-panels.php","meta":[],"_links":{"self":[{"href":"https:\/\/www.svu.edu.eg\/faculties\/edu\/wp-json\/wp\/v2\/pages\/6633"}],"collection":[{"href":"https:\/\/www.svu.edu.eg\/faculties\/edu\/wp-json\/wp\/v2\/pages"}],"about":[{"href":"https:\/\/www.svu.edu.eg\/faculties\/edu\/wp-json\/wp\/v2\/types\/page"}],"author":[{"embeddable":true,"href":"https:\/\/www.svu.edu.eg\/faculties\/edu\/wp-json\/wp\/v2\/users\/2"}],"replies":[{"embeddable":true,"href":"https:\/\/www.svu.edu.eg\/faculties\/edu\/wp-json\/wp\/v2\/comments?post=6633"}],"version-history":[{"count":4,"href":"https:\/\/www.svu.edu.eg\/faculties\/edu\/wp-json\/wp\/v2\/pages\/6633\/revisions"}],"predecessor-version":[{"id":6650,"href":"https:\/\/www.svu.edu.eg\/faculties\/edu\/wp-json\/wp\/v2\/pages\/6633\/revisions\/6650"}],"wp:attachment":[{"href":"https:\/\/www.svu.edu.eg\/faculties\/edu\/wp-json\/wp\/v2\/media?parent=6633"}],"curies":[{"name":"wp","href":"https:\/\/api.w.org\/{rel}","templated":true}]}}