{"id":12558,"date":"2021-12-12T07:22:34","date_gmt":"2021-12-12T07:22:34","guid":{"rendered":"http:\/\/www.svu.edu.eg\/faculties\/edu\/?page_id=12558"},"modified":"2021-12-12T07:24:46","modified_gmt":"2021-12-12T07:24:46","slug":"taches-de-ladministration","status":"publish","type":"page","link":"https:\/\/www.svu.edu.eg\/faculties\/edu\/fr\/affaires-etudiantes\/taches-de-ladministration\/","title":{"rendered":"T\u00e2ches de l&#8217;administration"},"content":{"rendered":"<p>1-Dans la facult\u00e9 de p\u00e9dagogie o\u00f9 la dur\u00e9e des \u00e9tudes est de quatre ans pour obtenir de licence, r\u00e9partie sur huit semestres.<\/p>\n<p>2-L\u2019ann\u00e9e scolaire se compose de deux semestres, un premier semestre et un deuxi\u00e8me semestre.<br \/>\n3- Un \u00e9tudiant qui r\u00e9ussit aux toutes mati\u00e8res ou deux \u00a0est transf\u00e9r\u00e9 \u00e0 l\u2019\u00e9quipe suivante, mais soit s\u2019il est plus de deux mati\u00e8res susceptibles d&#8217;\u00e9chouer.<\/p>\n<p>4-Avec l\u2019approbation du conseil d\u2019administration de la facult\u00e9, un examen oral ou pratique peut avoir lieu dans une partie ou la totalit\u00e9 des cours au milieu du semestre et doit \u00eatre consid\u00e9r\u00e9 comme faisant partie des degr\u00e9s de semestre \u00e0 y ajouter.<\/p>\n<p>5- Apr\u00e8s l&#8217;approbation du conseil d&#8217;administration de la facult\u00e9, les programmes scolaires de quelques d\u00e9partements peuvent inclure des exp\u00e9ditions scientifiques.<\/p>\n<p>6-Certains cours peuvent n\u00e9cessiter la participation \u00e0 des cours de formation et d\u2019\u00e9ducation dans des cours \u00e0 d\u00e9terminer par les conseils des d\u00e9partements avec l\u2019approbation du conseil de la facult\u00e9 et du conseil universitaire.<\/p>\n<p>7- La facult\u00e9 organise la formation des \u00e9tudiants des troisi\u00e8me et quatri\u00e8me \u00e9quipes de l\u2019enseignement g\u00e9n\u00e9ral et d&#8217;enseignement primaire et de la \u00a0division des enfants. En moyenne, un jour par semaine tout au long de l\u2019ann\u00e9e et pour une p\u00e9riode continue d\u2019au moins deux semaines \u00e0 la fin de l\u2019ann\u00e9e scolaire.<\/p>\n<p>8- L\u2019objectif de la formation des \u00e9tudiants dans les \u00e9coles est de pr\u00e9parer l\u2019enseignant aux fonctions professionnelles de l\u2019\u00e9ducation &#8211; tant technique qu\u2019administrative &#8211; organis\u00e9e par le processus \u00e9ducatif en guidant les \u00e9tudiants professionnellement, \u00e9ducative, psychologiquement et \u00e9motionnellement.<\/p>\n<p>9- Le degr\u00e9 de la formation des \u00e9tudiants est environ 100 degr\u00e9s dans la troisi\u00e8me \u00e9quipe et quatri\u00e8me d&#8217;enseignement primaire et de la\u00a0 division des enfants. Ces degr\u00e9s ont \u00e9t\u00e9 ajout\u00e9s \u00e0 la note totale de l&#8217;\u00e9tudiant \u00e0 la fin de cette ann\u00e9e, et le directeur d\u2019\u00e9cole d\u00e9tient 20 % de ce degr\u00e9.<\/p>\n<p>10- D\u00e9partement du curriculum et m\u00e9thodes p\u00e9dagogiques est responsable de la supervision technique et administrative de la formation des \u00e9tudiants et de l\u2019organisation de la distribution de la supervision de l\u2019enseignement pratique.<\/p>\n","protected":false},"excerpt":{"rendered":"<p>1-Dans la facult\u00e9 de p\u00e9dagogie o\u00f9 la dur\u00e9e des \u00e9tudes est de quatre ans pour obtenir de licence, r\u00e9partie sur huit semestres. 2-L\u2019ann\u00e9e scolaire se compose de deux semestres, un [&hellip;]<\/p>\n","protected":false},"author":2,"featured_media":0,"parent":7280,"menu_order":0,"comment_status":"closed","ping_status":"closed","template":"","meta":[],"_links":{"self":[{"href":"https:\/\/www.svu.edu.eg\/faculties\/edu\/wp-json\/wp\/v2\/pages\/12558"}],"collection":[{"href":"https:\/\/www.svu.edu.eg\/faculties\/edu\/wp-json\/wp\/v2\/pages"}],"about":[{"href":"https:\/\/www.svu.edu.eg\/faculties\/edu\/wp-json\/wp\/v2\/types\/page"}],"author":[{"embeddable":true,"href":"https:\/\/www.svu.edu.eg\/faculties\/edu\/wp-json\/wp\/v2\/users\/2"}],"replies":[{"embeddable":true,"href":"https:\/\/www.svu.edu.eg\/faculties\/edu\/wp-json\/wp\/v2\/comments?post=12558"}],"version-history":[{"count":1,"href":"https:\/\/www.svu.edu.eg\/faculties\/edu\/wp-json\/wp\/v2\/pages\/12558\/revisions"}],"predecessor-version":[{"id":12559,"href":"https:\/\/www.svu.edu.eg\/faculties\/edu\/wp-json\/wp\/v2\/pages\/12558\/revisions\/12559"}],"up":[{"embeddable":true,"href":"https:\/\/www.svu.edu.eg\/faculties\/edu\/wp-json\/wp\/v2\/pages\/7280"}],"wp:attachment":[{"href":"https:\/\/www.svu.edu.eg\/faculties\/edu\/wp-json\/wp\/v2\/media?parent=12558"}],"curies":[{"name":"wp","href":"https:\/\/api.w.org\/{rel}","templated":true}]}}