{"id":462,"date":"2020-01-08T10:08:44","date_gmt":"2020-01-08T10:08:44","guid":{"rendered":"http:\/\/new.svu.edu.eg\/faculties\/dent\/?page_id=462"},"modified":"2020-01-30T13:06:04","modified_gmt":"2020-01-30T13:06:04","slug":"home-page-english","status":"publish","type":"page","link":"https:\/\/www.svu.edu.eg\/faculties\/dent\/en\/home-page-english\/","title":{"rendered":"Home page English"},"content":{"rendered":"<div id=\"pl-462\"  class=\"panel-layout\" ><div id=\"pg-462-0\"  class=\"panel-grid panel-no-style\" ><div id=\"pgc-462-0-0\"  class=\"panel-grid-cell panel-grid-cell-empty\" ><\/div><\/div><div id=\"pg-462-1\"  class=\"panel-grid panel-has-style\" ><div class=\"wide-grey panel-row-style panel-row-style-for-462-1\" ><div id=\"pgc-462-1-0\"  class=\"panel-grid-cell\" ><div id=\"panel-462-1-0-0\" class=\"so-panel widget widget_headline-widget panel-first-child panel-last-child\" data-index=\"0\" >\t\t<h1>Welcome<\/h1>\n\t\t<div class=\"decoration\"><div class=\"decoration-inside\"><\/div><\/div>\n\t\t<h3>Our Visitors<\/h3>\n\t\t<\/div><\/div><\/div><\/div><div id=\"pg-462-2\"  class=\"panel-grid panel-no-style\" ><div id=\"pgc-462-2-0\"  class=\"panel-grid-cell\" ><div id=\"panel-462-2-0-0\" class=\"so-panel widget widget_siteorigin-panels-postloop panel-first-child panel-last-child\" data-index=\"1\" ><div class=\"panel-widget-style panel-widget-style-for-462-2-0-0\" ><h3 class=\"widget-title\">Latest News<\/h3>\n<article id=\"post-2187\" class=\"post-2187 post type-post status-publish format-standard hentry category-announce category-news\">\n\n\t\n\t<div class=\"entry-main\">\n\n\t\t\n\t\t<header class=\"entry-header\">\n\t\t\t\n\t\t\t<h1 class=\"entry-title\"><a href=\"https:\/\/www.svu.edu.eg\/faculties\/dent\/%d9%81%d9%88%d8%b2-%d9%83%d9%84%d9%8a%d8%a9-%d8%b7%d8%a8-%d8%a7%d9%84%d9%81%d9%85-%d9%88-%d8%a7%d9%84%d8%a7%d8%b3%d9%86%d8%a7%d9%86-%d8%a8%d8%a7%d9%84%d9%85%d8%b1%d9%83%d8%b2-%d8%a7%d9%84%d8%a3%d9%88\/\" title=\"Permalink to \u0641\u0648\u0632 \u0643\u0644\u064a\u0629 \u0637\u0628 \u0627\u0644\u0641\u0645 \u0648 \u0627\u0644\u0627\u0633\u0646\u0627\u0646 \u0628\u0627\u0644\u0645\u0631\u0643\u0632 \u0627\u0644\u0623\u0648\u0644\" rel=\"bookmark\">\u0641\u0648\u0632 \u0643\u0644\u064a\u0629 \u0637\u0628 \u0627\u0644\u0641\u0645 \u0648 \u0627\u0644\u0627\u0633\u0646\u0627\u0646 \u0628\u0627\u0644\u0645\u0631\u0643\u0632 \u0627\u0644\u0623\u0648\u0644<\/a><\/h1>\n\n\t\t\t\t\t\t\t<div class=\"entry-meta\">\n\t\t\t\t\tPosted on <a href=\"https:\/\/www.svu.edu.eg\/faculties\/dent\/%d9%81%d9%88%d8%b2-%d9%83%d9%84%d9%8a%d8%a9-%d8%b7%d8%a8-%d8%a7%d9%84%d9%81%d9%85-%d9%88-%d8%a7%d9%84%d8%a7%d8%b3%d9%86%d8%a7%d9%86-%d8%a8%d8%a7%d9%84%d9%85%d8%b1%d9%83%d8%b2-%d8%a7%d9%84%d8%a3%d9%88\/\" title=\"11:55 am\" rel=\"bookmark\"><time class=\"entry-date\" datetime=\"2026-03-30T11:55:04+00:00\">March 30, 2026<\/time><\/a><time class=\"updated\" datetime=\"2026-03-30T11:55:04+00:00\">March 30, 2026<\/time>  \t\t\t\t<\/div><!-- .entry-meta -->\n\t\t\t\n\t\t<\/header><!-- .entry-header -->\n\n\t\t\t\t\t<div class=\"entry-content\">\n\t\t\t\t<p>\u0628\u0631\u0639\u0627\u064a\u0629 \u0645\u0639\u0627\u0644\u0649 \u0627\u0644\u0648\u0632\u064a\u0631 \u0627\u0644\u0645\u0648\u0642\u0631 \u0627\u062f\/ \u0627\u062d\u0645\u062f \u0639\u0643\u0627\u0648\u0649 \u0627\u0642\u064a\u0645\u062a \u0641\u0639\u0627\u0644\u064a\u0629 \u0645\u0639\u0627\u064a\u062f\u0629 \u0628\u062c\u0627\u0645\u0639\u0629 \u0642\u0646\u0627 \u0648 \u0641\u0648\u0632 \u0643\u0644\u064a\u0629 \u0637\u0628 \u0627\u0644\u0641\u0645 \u0648 \u0627\u0644\u0627\u0633\u0646\u0627\u0646 \u0628\u0627\u0644\u0645\u0631\u0643\u0632 \u0627\u0644\u0623\u0648\u0644 \u0641\u0649 \u0627\u0641\u0636\u0644 \u0645\u0639\u0627\u064a\u062f\u0629 \u0628\u0645\u0646\u0627\u0633\u0628\u0629 \u0639\u064a\u062f \u0627\u0644\u0641\u0637\u0631 \u0627\u0644\u0645\u0628\u0627\u0631\u0643 \u0628\u062d\u0636\u0648\u0631 \u0633\u064a\u0627\u062f\u0629 [&hellip;]<\/p>\n\t\t\t\t\t\t\t\t<a class=\"more-link\" href=\"https:\/\/www.svu.edu.eg\/faculties\/dent\/%d9%81%d9%88%d8%b2-%d9%83%d9%84%d9%8a%d8%a9-%d8%b7%d8%a8-%d8%a7%d9%84%d9%81%d9%85-%d9%88-%d8%a7%d9%84%d8%a7%d8%b3%d9%86%d8%a7%d9%86-%d8%a8%d8%a7%d9%84%d9%85%d8%b1%d9%83%d8%b2-%d8%a7%d9%84%d8%a3%d9%88\/\">\u0627\u0644\u0645\u0632\u064a\u062f<span class=\"meta-nav\">&rarr;<\/span><\/a>\t\t\t\t\t\t\t<\/div><!-- .entry-content -->\n\t\t\n\t\t\n\t<\/div>\n\n<\/article><!-- #post-2187 -->\n\n<article id=\"post-2176\" class=\"post-2176 post type-post status-publish format-standard hentry category-announce category-news\">\n\n\t\n\t<div class=\"entry-main\">\n\n\t\t\n\t\t<header class=\"entry-header\">\n\t\t\t\n\t\t\t<h1 class=\"entry-title\"><a href=\"https:\/\/www.svu.edu.eg\/faculties\/dent\/%d8%ac%d8%a7%d9%85%d8%b9%d8%a9-%d9%82%d9%86%d8%a7-%d8%aa%d9%88%d9%82%d8%b9-%d8%a8%d8%b1%d9%88%d8%aa%d9%88%d9%83%d9%88%d9%84-%d8%aa%d8%b9%d8%a7%d9%88%d9%86-%d9%85%d8%b9-%d9%85%d8%af%d9%8a%d8%b1%d9%8a\/\" title=\"Permalink to \u062c\u0627\u0645\u0639\u0629 \u0642\u0646\u0627 \u062a\u0648\u0642\u0639 \u0628\u0631\u0648\u062a\u0648\u0643\u0648\u0644 \u062a\u0639\u0627\u0648\u0646 \u0645\u0639 \u0645\u062f\u064a\u0631\u064a\u0629 \u0627\u0644\u0635\u062d\u0629 \u0644\u062a\u0639\u0632\u064a\u0632 \u062e\u062f\u0645\u0627\u062a \u0637\u0628 \u0627\u0644\u0641\u0645 \u0648\u0627\u0644\u0623\u0633\u0646\u0627\u0646 \u0628\u0627\u0644\u0645\u062d\u0627\u0641\u0638\u0629\" rel=\"bookmark\">\u062c\u0627\u0645\u0639\u0629 \u0642\u0646\u0627 \u062a\u0648\u0642\u0639 \u0628\u0631\u0648\u062a\u0648\u0643\u0648\u0644 \u062a\u0639\u0627\u0648\u0646 \u0645\u0639 \u0645\u062f\u064a\u0631\u064a\u0629 \u0627\u0644\u0635\u062d\u0629 \u0644\u062a\u0639\u0632\u064a\u0632 \u062e\u062f\u0645\u0627\u062a \u0637\u0628 \u0627\u0644\u0641\u0645 \u0648\u0627\u0644\u0623\u0633\u0646\u0627\u0646 \u0628\u0627\u0644\u0645\u062d\u0627\u0641\u0638\u0629<\/a><\/h1>\n\n\t\t\t\t\t\t\t<div class=\"entry-meta\">\n\t\t\t\t\tPosted on <a href=\"https:\/\/www.svu.edu.eg\/faculties\/dent\/%d8%ac%d8%a7%d9%85%d8%b9%d8%a9-%d9%82%d9%86%d8%a7-%d8%aa%d9%88%d9%82%d8%b9-%d8%a8%d8%b1%d9%88%d8%aa%d9%88%d9%83%d9%88%d9%84-%d8%aa%d8%b9%d8%a7%d9%88%d9%86-%d9%85%d8%b9-%d9%85%d8%af%d9%8a%d8%b1%d9%8a\/\" title=\"7:38 am\" rel=\"bookmark\"><time class=\"entry-date\" datetime=\"2026-03-11T07:38:42+00:00\">March 11, 2026<\/time><\/a><time class=\"updated\" datetime=\"2026-03-11T07:38:42+00:00\">March 11, 2026<\/time>  \t\t\t\t<\/div><!-- .entry-meta -->\n\t\t\t\n\t\t<\/header><!-- .entry-header -->\n\n\t\t\t\t\t<div class=\"entry-content\">\n\t\t\t\t<p>\u062c\u0627\u0645\u0639\u0629 \u0642\u0646\u0627 \u062a\u0648\u0642\u0639 \u0628\u0631\u0648\u062a\u0648\u0643\u0648\u0644 \u062a\u0639\u0627\u0648\u0646 \u0645\u0639 \u0645\u062f\u064a\u0631\u064a\u0629 \u0627\u0644\u0635\u062d\u0629 \u0644\u062a\u0639\u0632\u064a\u0632 \u062e\u062f\u0645\u0627\u062a \u0637\u0628 \u0627\u0644\u0641\u0645 \u0648\u0627\u0644\u0623\u0633\u0646\u0627\u0646 \u0628\u0627\u0644\u0645\u062d\u0627\u0641\u0638\u0629 \u0627\u0646\u0637\u0644\u0627\u0642\u064b\u0627 \u0645\u0646 \u0627\u0644\u062f\u0648\u0631 \u0627\u0644\u0645\u062c\u062a\u0645\u0639\u064a \u0644\u062c\u0627\u0645\u0639\u0629 \u0642\u0646\u0627 \u0648\u062d\u0631\u0635\u0647\u0627 \u0639\u0644\u0649 \u062a\u0637\u0648\u064a\u0631 \u0645\u0633\u062a\u0648\u0649 \u0627\u0644\u062e\u062f\u0645\u0627\u062a \u0627\u0644\u0635\u062d\u064a\u0629 \u0627\u0644\u0645\u0642\u062f\u0645\u0629 \u0644\u0623\u0628\u0646\u0627\u0621 \u0645\u062d\u0627\u0641\u0638\u0629 \u0642\u0646\u0627\u060c [&hellip;]<\/p>\n\t\t\t\t\t\t\t\t<a class=\"more-link\" href=\"https:\/\/www.svu.edu.eg\/faculties\/dent\/%d8%ac%d8%a7%d9%85%d8%b9%d8%a9-%d9%82%d9%86%d8%a7-%d8%aa%d9%88%d9%82%d8%b9-%d8%a8%d8%b1%d9%88%d8%aa%d9%88%d9%83%d9%88%d9%84-%d8%aa%d8%b9%d8%a7%d9%88%d9%86-%d9%85%d8%b9-%d9%85%d8%af%d9%8a%d8%b1%d9%8a\/\">\u0627\u0644\u0645\u0632\u064a\u062f<span class=\"meta-nav\">&rarr;<\/span><\/a>\t\t\t\t\t\t\t<\/div><!-- .entry-content -->\n\t\t\n\t\t\n\t<\/div>\n\n<\/article><!-- #post-2176 -->\n<\/div><\/div><\/div><\/div><div id=\"pg-462-3\"  class=\"panel-grid panel-no-style\" ><div id=\"pgc-462-3-0\"  class=\"panel-grid-cell\" ><div id=\"panel-462-3-0-0\" class=\"so-panel widget widget_text panel-first-child panel-last-child\" data-index=\"2\" >\t\t\t<div class=\"textwidget\"><p>More News<\/p>\n<\/div>\n\t\t<\/div><\/div><\/div><div id=\"pg-462-4\"  class=\"panel-grid panel-no-style\" ><div id=\"pgc-462-4-0\"  class=\"panel-grid-cell\" ><div id=\"panel-462-4-0-0\" class=\"so-panel widget widget_xyz_insert_php_widget panel-first-child panel-last-child\" data-index=\"3\" >\r\n\t<div class=\"announc\">\r\n      <h2>Conferences<\/h2>\r\n\t<div class=\"announc-body\">\r\n\t<ul>\r\n             \r\n<ul>        <li> <a href=\" https:\/\/www.svu.edu.eg\/faculties\/dent\/en\/conference1\/\" title=\"Conference1\">\r\n\t\t\tConference1<\/a> <\/li>\r\n<li style=\"text-align:left;\"><a href=\"..\/category\/conferences\/\">More<\/a><\/li>\r\n<\/ul>   <\/ul>\r\n\t<\/div>\r\n\t<\/div><\/div><\/div><div id=\"pgc-462-4-1\"  class=\"panel-grid-cell\" ><div id=\"panel-462-4-1-0\" class=\"so-panel widget widget_media_video panel-first-child panel-last-child\" data-index=\"4\" ><a class=\"wp-embedded-video\" href=\"https:\/\/www.svu.edu.eg\/faculties\/dent\/wp-content\/uploads\/2019\/11\/Wildlife.wmv\">https:\/\/www.svu.edu.eg\/faculties\/dent\/wp-content\/uploads\/2019\/11\/Wildlife.wmv<\/a><\/div><\/div><div id=\"pgc-462-4-2\"  class=\"panel-grid-cell\" ><div id=\"panel-462-4-2-0\" class=\"so-panel widget widget_xyz_insert_php_widget panel-first-child panel-last-child\" data-index=\"5\" >\r\n\t<div class=\"announc\">\r\n      <h2> Announcements<\/h2>\r\n\t<div class=\"announc-body\">\r\n\t<ul>\r\n             \r\n<ul>        <li> <a href=\" https:\/\/www.svu.edu.eg\/faculties\/dent\/en\/the-most-effective-activities-of-the-14th-environmental-week\/\" title=\"The Most Effective Activities of the 14th Environmental Week\">\r\n\t\t\tThe Most Effective Activiti...<\/a> <\/li>\r\n        <li> <a href=\" https:\/\/www.svu.edu.eg\/faculties\/dent\/en\/symposium-on-the-programs-of-modern-technical-solutions\/\" title=\"Symposium on the Programs of Modern Technical Solutions\">\r\n\t\t\tSymposium on the Programs o...<\/a> <\/li>\r\n        <li> <a href=\" https:\/\/www.svu.edu.eg\/faculties\/dent\/en\/launching-the-official-page-of-south-valley-university-on-facebook\/\" title=\"Launching the official page of South Valley University on Facebook\">\r\n\t\t\tLaunching the official page...<\/a> <\/li>\r\n        <li> <a href=\" https:\/\/www.svu.edu.eg\/faculties\/dent\/en\/%d8%a7%d8%b9%d9%84%d8%a7%d9%86-%d9%87%d8%a7%d9%85\/\" title=\"\u0627\u0639\u0644\u0627\u0646 \u0647\u0627\u0645\">\r\n\t\t\t\u0627\u0639\u0644\u0627\u0646 \u0647\u0627\u0645<\/a> <\/li>\r\n<li style=\"text-align:left;\"><a href=\"..\/category\/announcements\/\">More<\/a><\/li>\r\n<\/ul>   <\/ul>\r\n\t<\/div>\r\n\t<\/div><\/div><\/div><\/div><div id=\"pg-462-5\"  class=\"panel-grid panel-has-style\" ><div style=\"background-color: #c4eeff; \" class=\"panel-row-style panel-row-style-for-462-5\" ><div id=\"pgc-462-5-0\"  class=\"panel-grid-cell\" ><div id=\"panel-462-5-0-0\" class=\"so-panel widget widget_circleicon-widget panel-first-child panel-last-child\" data-index=\"6\" >\t\t<div class=\"circle-icon-box circle-icon-position-top circle-icon-hide-box circle-icon-size-small \">\n\t\t\t\t\t\t\t<div class=\"circle-icon-wrapper\">\n\t\t\t\t\t\t\t\t\t\t<div class=\"circle-icon\" >\n\t\t\t\t\t\t\t\t\t\t\t\t\t<div class=\"fa fa-address-book-o\" ><\/div>\n\t\t\t\t\t\t\t\t\t\t\t<\/div> \n\t\t\t\t\t\t\t\t\t<\/div>\n\t\t\t\n\t\t\t\t\t\t\t\t\t\t<h4 >\n\t\t\t\t\tHISTORICAL BRIEF\t\t\t\t<\/h4>\n\t\t\t\t\t\t\n\t\t\t\t\t\t\t<p class=\"text\" > The decision No(1231) to establish the Faculty of Dentistry - University of South Valley was issued by Prof. Dr. \/ Prime Ministers on October 30, 2013, and study at the Faculty had started from the beginning of the academic year 2013\/2014.<\/p>\n\t\t\t\t\t\t\t\t<\/div>\n\t\t<\/div><\/div><div id=\"pgc-462-5-1\"  class=\"panel-grid-cell\" ><div id=\"panel-462-5-1-0\" class=\"so-panel widget widget_circleicon-widget panel-first-child panel-last-child\" data-index=\"7\" >\t\t<div class=\"circle-icon-box circle-icon-position-top circle-icon-hide-box circle-icon-size-small \">\n\t\t\t\t\t\t\t<div class=\"circle-icon-wrapper\">\n\t\t\t\t\t\t\t\t\t\t<div class=\"circle-icon icon-style-set\" style=\"background-color: #1e73be\">\n\t\t\t\t\t\t\t\t\t\t\t\t\t<div class=\"fa fa-check-circle-o\" style=\"color: #ffffff\"><\/div>\n\t\t\t\t\t\t\t\t\t\t\t<\/div> \n\t\t\t\t\t\t\t\t\t<\/div>\n\t\t\t\n\t\t\t\t\t\t\t\t\t\t<h4 >\n\t\t\t\t\tFACULTY MISSION\t\t\t\t<\/h4>\n\t\t\t\t\t\t\n\t\t\t\t\t\t\t<p class=\"text\" > Providing a sophisticated medical education for the students and the practitioners in the field of oral and dental health, preparing a qualified and professionals graduates able to meet the needs of the society in various fields of Dentistry, and keep up with modern frameworks in the scientific research, continuing medical education and innovation in providing a preventive and curative services to the South-level.<\/p>\n\t\t\t\t\t\t\t\t<\/div>\n\t\t<\/div><\/div><div id=\"pgc-462-5-2\"  class=\"panel-grid-cell\" ><div id=\"panel-462-5-2-0\" class=\"so-panel widget widget_circleicon-widget panel-first-child panel-last-child\" data-index=\"8\" >\t\t<div class=\"circle-icon-box circle-icon-position-top circle-icon-hide-box circle-icon-size-small \">\n\t\t\t\t\t\t\t<div class=\"circle-icon-wrapper\">\n\t\t\t\t\t\t\t\t\t\t<div class=\"circle-icon icon-style-set\" style=\"background-color: #1e73be\">\n\t\t\t\t\t\t\t\t\t\t\t\t\t<div class=\"fa fa-pencil\" ><\/div>\n\t\t\t\t\t\t\t\t\t\t\t<\/div> \n\t\t\t\t\t\t\t\t\t<\/div>\n\t\t\t\n\t\t\t\t\t\t\t\t\t\t<h4 >\n\t\t\t\t\tFACULTY VISION\t\t\t\t<\/h4>\n\t\t\t\t\t\t\n\t\t\t\t\t\t\t<p class=\"text\" >Excellence in teaching and learning, research and community service, which means that the college will be a gateway to science and knowledge in the oral and dental health in the South-level, a pioneer in the field of scientific research, and a beacon of the modern medical education that is based on evidence which creates an motivating academic environment for the students and the faculty staff members to creativity.<\/p>\n\t\t\t\t\t\t\t\t<\/div>\n\t\t<\/div><\/div><\/div><\/div><\/div>","protected":false},"excerpt":{"rendered":"<p>More News ankara escort \u00e7ankaya escort \u00e7ankaya escort escort bayan \u00e7ankaya istanbul rus escort eryaman escort ankara escort k\u0131z\u0131lay escort istanbul escort ankara escort ankara escort escort ankara istanbul rus [&hellip;]<\/p>\n","protected":false},"author":1,"featured_media":0,"parent":0,"menu_order":0,"comment_status":"closed","ping_status":"closed","template":"home-panels.php","meta":[],"_links":{"self":[{"href":"https:\/\/www.svu.edu.eg\/faculties\/dent\/wp-json\/wp\/v2\/pages\/462"}],"collection":[{"href":"https:\/\/www.svu.edu.eg\/faculties\/dent\/wp-json\/wp\/v2\/pages"}],"about":[{"href":"https:\/\/www.svu.edu.eg\/faculties\/dent\/wp-json\/wp\/v2\/types\/page"}],"author":[{"embeddable":true,"href":"https:\/\/www.svu.edu.eg\/faculties\/dent\/wp-json\/wp\/v2\/users\/1"}],"replies":[{"embeddable":true,"href":"https:\/\/www.svu.edu.eg\/faculties\/dent\/wp-json\/wp\/v2\/comments?post=462"}],"version-history":[{"count":28,"href":"https:\/\/www.svu.edu.eg\/faculties\/dent\/wp-json\/wp\/v2\/pages\/462\/revisions"}],"predecessor-version":[{"id":855,"href":"https:\/\/www.svu.edu.eg\/faculties\/dent\/wp-json\/wp\/v2\/pages\/462\/revisions\/855"}],"wp:attachment":[{"href":"https:\/\/www.svu.edu.eg\/faculties\/dent\/wp-json\/wp\/v2\/media?parent=462"}],"curies":[{"name":"wp","href":"https:\/\/api.w.org\/{rel}","templated":true}]}}