{"id":1163,"date":"2021-12-16T07:54:39","date_gmt":"2021-12-16T07:54:39","guid":{"rendered":"http:\/\/www.svu.edu.eg\/faculties\/dent\/?page_id=1163"},"modified":"2021-12-16T09:18:21","modified_gmt":"2021-12-16T09:18:21","slug":"les-etudes-superieures-2","status":"publish","type":"page","link":"https:\/\/www.svu.edu.eg\/faculties\/dent\/fr\/les-etudes-superieures-2\/","title":{"rendered":"Les \u00e9tudes sup\u00e9rieures"},"content":{"rendered":"<p>Les \u00e9tudes sup\u00e9rieures au Coll\u00e8ge n\u2019ont pas encore \u00e9t\u00e9 ouvertes \u00e0 l\u2019admission<\/p>\n","protected":false},"excerpt":{"rendered":"<p>Les \u00e9tudes sup\u00e9rieures au Coll\u00e8ge n\u2019ont pas encore \u00e9t\u00e9 ouvertes \u00e0 l\u2019admission<\/p>\n","protected":false},"author":1,"featured_media":0,"parent":0,"menu_order":0,"comment_status":"closed","ping_status":"closed","template":"","meta":[],"_links":{"self":[{"href":"https:\/\/www.svu.edu.eg\/faculties\/dent\/wp-json\/wp\/v2\/pages\/1163"}],"collection":[{"href":"https:\/\/www.svu.edu.eg\/faculties\/dent\/wp-json\/wp\/v2\/pages"}],"about":[{"href":"https:\/\/www.svu.edu.eg\/faculties\/dent\/wp-json\/wp\/v2\/types\/page"}],"author":[{"embeddable":true,"href":"https:\/\/www.svu.edu.eg\/faculties\/dent\/wp-json\/wp\/v2\/users\/1"}],"replies":[{"embeddable":true,"href":"https:\/\/www.svu.edu.eg\/faculties\/dent\/wp-json\/wp\/v2\/comments?post=1163"}],"version-history":[{"count":1,"href":"https:\/\/www.svu.edu.eg\/faculties\/dent\/wp-json\/wp\/v2\/pages\/1163\/revisions"}],"predecessor-version":[{"id":1164,"href":"https:\/\/www.svu.edu.eg\/faculties\/dent\/wp-json\/wp\/v2\/pages\/1163\/revisions\/1164"}],"wp:attachment":[{"href":"https:\/\/www.svu.edu.eg\/faculties\/dent\/wp-json\/wp\/v2\/media?parent=1163"}],"curies":[{"name":"wp","href":"https:\/\/api.w.org\/{rel}","templated":true}]}}