{"id":1156,"date":"2020-12-27T07:51:57","date_gmt":"2020-12-27T07:51:57","guid":{"rendered":"http:\/\/www.svu.edu.eg\/faculties\/dent\/?page_id=1156"},"modified":"2021-01-31T10:12:12","modified_gmt":"2021-01-31T10:12:12","slug":"centre-dentaire-de-diagnostic","status":"publish","type":"page","link":"https:\/\/www.svu.edu.eg\/faculties\/dent\/fr\/centre-dentaire-de-diagnostic\/","title":{"rendered":"Centre dentaire de diagnostic"},"content":{"rendered":"\n<p style=\"text-align:left\"><strong>Administration :<\/strong><\/p>\n\n\n\n<p style=\"text-align:left\">Directeur \/ Dr . Ali Fahd Fadel<\/p>\n\n\n\n<p style=\"text-align:left\"><strong>Radiologie disponible<\/strong><\/p>\n\n\n\n<ul><li>Rayons simples<\/li><\/ul>\n\n\n\n<p style=\"text-align:left\">Ils peuvent filmer des ann\u00e9es ou trois, et ils n\u2019incluent pas de grandes zones autour de la zone d\u2019image, et il y a un type moderne d\u2019appareil connect\u00e9 \u00e0 un ordinateur, qui peut visualiser avec une plus grande pr\u00e9cision et moins de rayonnement, plus la vitesse, car l\u2019image appara\u00eet directement sur l\u2019ordinateur sans attendre que le film soit acidifi\u00e9.<\/p>\n\n\n\n<ul><li>Rayonnement panoramique<\/li><\/ul>\n\n\n\n<p style=\"text-align:left\">Ils peuvent inclure l\u2019imagerie des dents de la m\u00e2choire en une seule image,\nen plus de l\u2019articulation de la m\u00e2choire et des sinus et de l\u2019\u0153il occipital et\nsont tr\u00e8s n\u00e9cessaires dans certains cas. Les images panoramiques dans la\nplupart des cliniques avanc\u00e9es sont une intuition \u00e0 observer avant le d\u00e9but du\ntraitement dentaire. La raison en est la facilit\u00e9 avec laquelle les probl\u00e8mes\nd\u2019un patient sont diagnostiqu\u00e9s, ainsi que le facteur de risque dans le\ndiagnostic d\u2019un m\u00e9decin.<\/p>\n\n\n\n<ul><li>Rayonnement c\u00e9phalom\u00e9trique<\/li><\/ul>\n\n\n\n<p style=\"text-align:left\">Il s\u2019agit d\u2019une image radiale de la t\u00eate en position lat\u00e9rale, qui est l\u2019une des images n\u00e9cessaires avant l\u2019\u00e9valuation. \u00c0 la lumi\u00e8re de cette image, le m\u00e9decin orthop\u00e9diste \u00e9tudie l\u2019\u00e9tat orthop\u00e9dique du patient, sur la base duquel il prend des d\u00e9cisions et planifie un traitement.<\/p>\n\n\n\n<ul><li>M\u00e9thodes modernes de radiographie par ordinateur<\/li><\/ul>\n\n\n\n<p style=\"text-align:left\">R\u00e9cemment, un nouveau dispositif de diagnostic stratigraphique axial pour\nles m\u00e2choires est apparu. L\u2019univers Pim, o\u00f9 un scan CT avec l\u2019aide de\nl\u2019ordinateur donne des images semi-r\u00e9elles des m\u00e2choires, le m\u00e9decin peut voir\nles m\u00e2choires sous tous les angles, en fonction d\u2019un programme informatique\nsp\u00e9cial.<\/p>\n","protected":false},"excerpt":{"rendered":"<p>Administration : Directeur \/ Dr . Ali Fahd Fadel Radiologie disponible Rayons simples Ils peuvent filmer des ann\u00e9es ou trois, et ils n\u2019incluent pas de grandes zones autour de la [&hellip;]<\/p>\n","protected":false},"author":1,"featured_media":0,"parent":0,"menu_order":0,"comment_status":"closed","ping_status":"closed","template":"","meta":[],"_links":{"self":[{"href":"https:\/\/www.svu.edu.eg\/faculties\/dent\/wp-json\/wp\/v2\/pages\/1156"}],"collection":[{"href":"https:\/\/www.svu.edu.eg\/faculties\/dent\/wp-json\/wp\/v2\/pages"}],"about":[{"href":"https:\/\/www.svu.edu.eg\/faculties\/dent\/wp-json\/wp\/v2\/types\/page"}],"author":[{"embeddable":true,"href":"https:\/\/www.svu.edu.eg\/faculties\/dent\/wp-json\/wp\/v2\/users\/1"}],"replies":[{"embeddable":true,"href":"https:\/\/www.svu.edu.eg\/faculties\/dent\/wp-json\/wp\/v2\/comments?post=1156"}],"version-history":[{"count":3,"href":"https:\/\/www.svu.edu.eg\/faculties\/dent\/wp-json\/wp\/v2\/pages\/1156\/revisions"}],"predecessor-version":[{"id":1192,"href":"https:\/\/www.svu.edu.eg\/faculties\/dent\/wp-json\/wp\/v2\/pages\/1156\/revisions\/1192"}],"wp:attachment":[{"href":"https:\/\/www.svu.edu.eg\/faculties\/dent\/wp-json\/wp\/v2\/media?parent=1156"}],"curies":[{"name":"wp","href":"https:\/\/api.w.org\/{rel}","templated":true}]}}