{"id":1143,"date":"2020-12-27T07:26:36","date_gmt":"2020-12-27T07:26:36","guid":{"rendered":"http:\/\/www.svu.edu.eg\/faculties\/dent\/?page_id=1143"},"modified":"2021-01-31T09:49:56","modified_gmt":"2021-01-31T09:49:56","slug":"les-ressources-humaines","status":"publish","type":"page","link":"https:\/\/www.svu.edu.eg\/faculties\/dent\/fr\/les-ressources-humaines\/","title":{"rendered":"Les ressources humaines"},"content":{"rendered":"<p><strong>Affaires du travail<\/strong><\/p>\n<p><img decoding=\"async\" loading=\"lazy\" class=\"aligncenter\" src=\"http:\/\/www.svu.edu.eg\/faculties\/dent\/wp-content\/uploads\/2020\/01\/2.jpg\" width=\"158\" height=\"197\" \/><\/p>\n<p style=\"text-align: center;\">Directeur :<\/p>\n<p style=\"text-align: center;\">M\/ Hamdy Khalefa Ali Abdelkarem<\/p>\n<p style=\"text-align: center;\">T\/ 01000588211<\/p>\n<p><strong>Fonction d&#8217;administration :<\/strong><\/p>\n<ul>\n<li>Participation \u00e0 la pr\u00e9paration du projet de bilan pour les fonctions des cadres g\u00e9n\u00e9raux et \u00e0 l\u2019adoption de proc\u00e9dures de mise en \u0153uvre apr\u00e8s leur adoption.\u2022 Examen des proc\u00e9dures de publicit\u00e9 des postes vacants du cadre g\u00e9n\u00e9ral, des proc\u00e9dures de nomination du personnel pour les postes, de la publication des d\u00e9cisions de nomination, d\u2019affectation, de promotion et d\u2019attribution des indemnit\u00e9s.<\/li>\n<li>Examen des ajustements, consolidation, proc\u00e9dures de mise en \u0153uvre et d\u2019\u00e9limination des sanctions et cessation de service.<\/li>\n<li>Pr\u00e9paration et suivi de la mise en \u0153uvre des cicatrices, d\u00e9tachement, transport, missions, recrutement, cong\u00e9s, etc.<\/li>\n<li>Examen et suivi des dossiers de maintenance et des dossiers d\u2019\u00e9tat.<\/li>\n<li>Compilation et pr\u00e9paration de sujets pour la Commission des affaires du personnel et mise en \u0153uvre de ses d\u00e9cisions.<\/li>\n<li>Assurer le suivi de la divulgation financi\u00e8re et des rapports annuels des employ\u00e9s.<\/li>\n<li>Compilation de toutes les lois, d\u00e9cisions, r\u00e8glements, avis consultatifs et instructions concernant les affaires des fonctionnaires.<\/li>\n<li>Mise en \u0153uvre des d\u00e9cisions de licenciement, que ce soit par licenciement ou par licenciement, et notification des d\u00e9c\u00e8s en service aux autorit\u00e9s comp\u00e9tentes.<\/li>\n<li>Tenir \u00e0 jour les dossiers d\u2019anciennet\u00e9, pr\u00e9parer les d\u00e9clarations d\u2019avantages sociaux et de promotion et mettre en \u0153uvre leurs d\u00e9cisions conform\u00e9ment au dossier du Comit\u00e9 des affaires du personnel.<\/li>\n<\/ul>\n\n\n<p><\/p>\n","protected":false},"excerpt":{"rendered":"<p>Affaires du travail Directeur : M\/ Hamdy Khalefa Ali Abdelkarem T\/ 01000588211 Fonction d&#8217;administration : Participation \u00e0 la pr\u00e9paration du projet de bilan pour les fonctions des cadres g\u00e9n\u00e9raux et [&hellip;]<\/p>\n","protected":false},"author":1,"featured_media":0,"parent":0,"menu_order":0,"comment_status":"closed","ping_status":"closed","template":"","meta":[],"_links":{"self":[{"href":"https:\/\/www.svu.edu.eg\/faculties\/dent\/wp-json\/wp\/v2\/pages\/1143"}],"collection":[{"href":"https:\/\/www.svu.edu.eg\/faculties\/dent\/wp-json\/wp\/v2\/pages"}],"about":[{"href":"https:\/\/www.svu.edu.eg\/faculties\/dent\/wp-json\/wp\/v2\/types\/page"}],"author":[{"embeddable":true,"href":"https:\/\/www.svu.edu.eg\/faculties\/dent\/wp-json\/wp\/v2\/users\/1"}],"replies":[{"embeddable":true,"href":"https:\/\/www.svu.edu.eg\/faculties\/dent\/wp-json\/wp\/v2\/comments?post=1143"}],"version-history":[{"count":3,"href":"https:\/\/www.svu.edu.eg\/faculties\/dent\/wp-json\/wp\/v2\/pages\/1143\/revisions"}],"predecessor-version":[{"id":1188,"href":"https:\/\/www.svu.edu.eg\/faculties\/dent\/wp-json\/wp\/v2\/pages\/1143\/revisions\/1188"}],"wp:attachment":[{"href":"https:\/\/www.svu.edu.eg\/faculties\/dent\/wp-json\/wp\/v2\/media?parent=1143"}],"curies":[{"name":"wp","href":"https:\/\/api.w.org\/{rel}","templated":true}]}}